{"id":76863,"date":"2024-02-04T00:30:45","date_gmt":"2024-02-04T00:30:45","guid":{"rendered":"https:\/\/ecofab.pt\/?page_id=76863"},"modified":"2024-02-25T22:40:34","modified_gmt":"2024-02-25T22:40:34","slug":"datenschutzbestimmungen","status":"publish","type":"page","link":"https:\/\/ecofab.pt\/de\/datenschutzbestimmungen\/","title":{"rendered":"Datenschutzbestimmungen"},"content":{"rendered":"<div data-elementor-type=\"wp-page\" data-elementor-id=\"76863\" class=\"elementor elementor-76863\" data-elementor-post-type=\"page\">\n\t\t\t\t\t\t<section class=\"elementor-section elementor-top-section elementor-element elementor-element-43bef0c elementor-section-content-middle elementor-section-boxed elementor-section-height-default elementor-section-height-default\" data-id=\"43bef0c\" data-element_type=\"section\" data-e-type=\"section\" data-settings=\"{&quot;background_background&quot;:&quot;classic&quot;}\">\n\t\t\t\t\t\t<div class=\"elementor-container elementor-column-gap-default\">\n\t\t\t\t\t<div class=\"elementor-column elementor-col-100 elementor-top-column elementor-element elementor-element-9c022a4\" data-fullscreen-column-settings=\"{&quot;fullscreen&quot;:&quot;&quot;}\" data-id=\"9c022a4\" data-element_type=\"column\" data-e-type=\"column\">\n\t\t\t<div class=\"elementor-widget-wrap elementor-element-populated\">\n\t\t\t\t\t\t<div class=\"elementor-element elementor-element-be5b7df elementor-widget-mobile__width-initial elementor-widget elementor-widget-litho-heading\" data-id=\"be5b7df\" data-element_type=\"widget\" data-e-type=\"widget\" data-widget_type=\"litho-heading.default\">\n\t\t\t\t<div class=\"elementor-widget-container\">\n\t\t\t\t\t<h3 class=\"litho-heading elementor-size-large\"><span class=\"litho-primary-title\">Datenschutzbestimmungen<\/span><\/h3>\t\t\t\t<\/div>\n\t\t\t\t<\/div>\n\t\t\t\t<div class=\"elementor-element elementor-element-85af556 elementor-widget elementor-widget-text-editor\" data-id=\"85af556\" data-element_type=\"widget\" data-e-type=\"widget\" data-widget_type=\"text-editor.default\">\n\t\t\t\t<div class=\"elementor-widget-container\">\n\t\t\t\t\t\t\t\t\t<p><strong>Die Nutzung der ECOFAB-Website und der Zugang zu ihr unterliegen der geltenden Gesetzgebung und den folgenden Regeln. Die Nutzung der Website setzt daher die Annahme dieser Bedingungen und Konditionen voraus.<\/strong><\/p>\t\t\t\t\t\t\t\t<\/div>\n\t\t\t\t<\/div>\n\t\t\t\t<div class=\"elementor-element elementor-element-426def8 elementor-widget elementor-widget-text-editor\" data-id=\"426def8\" data-element_type=\"widget\" data-e-type=\"widget\" data-widget_type=\"text-editor.default\">\n\t\t\t\t<div class=\"elementor-widget-container\">\n\t\t\t\t\t\t\t\t\t<p>1. Nutzer, die ihre Daten in irgendeiner Form auf der ECOFAB-Website eingeben, erm\u00e4chtigen ECOFAB frei und freiwillig, diese Informationen in ihre Datenbank aufzunehmen und sie gem\u00e4\u00df den Grunds\u00e4tzen der jeweiligen Nutzungsrichtlinie zu verwenden.<br \/>2. ECOFAB verpflichtet sich, die gesammelten Informationen niemals an Dritte weiterzugeben. Mit Ausnahme einer missbr\u00e4uchlichen Nutzung durch Dritte, die unrechtm\u00e4\u00dfig darauf zugreifen.<br \/>3. Nutzer, die ihre Daten freiwillig in irgendeiner Form auf der ECOFAB-Website eingeben, erm\u00e4chtigen ECOFAB, ihnen Informationen, die f\u00fcr sie von Interesse sein k\u00f6nnten, mit allen daf\u00fcr zur Verf\u00fcgung stehenden Mitteln (Post, Fax, Telefon, E-Mail, usw.) zuzusenden.<br \/>4. ECOFAB garantiert allen Nutzern den Zugang zu allen Dateien, die ihre Daten enthalten, damit die zuvor bereitgestellten Informationen ge\u00e4ndert oder gel\u00f6scht werden k\u00f6nnen.<br \/>5. ECOFAB hat seinen Sitz in Ermesinde (Portugal), was bedeutet, dass jede Art von Klage gegen ECOFAB vor einem Gericht in diesem Bezirk und in \u00dcbereinstimmung mit portugiesischem Recht eingereicht werden muss, unabh\u00e4ngig vom Ort des Zugangs des Nutzers.<br \/>6. Alle Rechte an der auf der ECOFAB-Website enthaltenen Dokumentation sind vorbehalten. Die Verwendung, Reproduktion, Vervielf\u00e4ltigung, vollst\u00e4ndige oder teilweise Weiterverbreitung dieser Informationen, unabh\u00e4ngig von ihrem Zweck und dem\/den verwendeten Medium(en), ist ohne vorherige schriftliche Genehmigung von ECOFAB ausdr\u00fccklich verboten.<br \/>7. Das Copyright der auf der ECOFAB-Website enthaltenen Informationen und Tools ist Eigentum von ECOFAB oder wird zur Nutzung lizenziert. Der Zugang zu diesen Informationen bedeutet unter keinen Umst\u00e4nden die Erlaubnis, sie ohne die vorherige schriftliche Zustimmung von ECOFAB zu vervielf\u00e4ltigen und\/oder zu verbreiten.<br \/>8. Daten, Informationen, Texte, Grafiken oder Links werden nur zu Informationszwecken gesammelt und ECOFAB ist nicht verantwortlich f\u00fcr deren Vollst\u00e4ndigkeit, Ausf\u00fchrlichkeit oder Richtigkeit. ECOFAB \u00fcbernimmt keinerlei Verantwortung f\u00fcr etwaige Fehler oder Unstimmigkeiten zwischen der elektronischen und der schriftlichen Version.<br \/>9. ECOFAB haftet nicht f\u00fcr direkte oder indirekte Sch\u00e4den, die sich aus der Nutzung der auf seiner Website enthaltenen Informationen ergeben.<br \/>10. Die auf der ECOFAB-Website verf\u00fcgbaren Informationen sind f\u00fcr die Nutzer v\u00f6llig kostenlos und der blo\u00dfe Zugang zu ihnen begr\u00fcndet keinerlei gesch\u00e4ftliche oder berufliche Beziehung zwischen den Nutzern und ECOFAB.<br \/>11. Die Links und Hypertexte, die die ECOFAB-Website unterh\u00e4lt und die es dem Nutzer erm\u00f6glichen, auf die Dienste anderer Organisationen zuzugreifen, stehen nicht unter der Kontrolle von ECOFAB und ECOFAB ist daher nicht verantwortlich f\u00fcr die bereitgestellten Informationen oder f\u00fcr vertragliche Beziehungen, die zwischen den Parteien entstehen k\u00f6nnen. Sie bedeuten auch kein Sponsoring durch ECOFAB.<br \/>12. Die auf der ECOFAB-Website verf\u00fcgbaren Fachinformationen werden ausschlie\u00dflich mit dem Ziel ver\u00f6ffentlicht, die T\u00e4tigkeitsbereiche und Methoden von ECOFAB bekannt zu machen und es dem Nutzer zu erm\u00f6glichen, sich ein konkretes Bild von dem Potenzial und den Vorteilen zu machen, die ECOFAB f\u00fcr sein Unternehmen bringen kann. Die bereitgestellten Informationen d\u00fcrfen unter keinen Umst\u00e4nden als Ersatz f\u00fcr eine professionelle technische Beratung angesehen oder verwendet werden. Bevor Sie also eine Entscheidung treffen oder sich f\u00fcr eine Ma\u00dfnahme entscheiden, sollten Sie sich mit ECOFAB in Verbindung setzen, das die besonderen Merkmale der Ma\u00dfnahme im Detail untersuchen wird.<br \/>13. ECOFAB beh\u00e4lt sich das Recht vor, jederzeit und ohne Vorank\u00fcndigung die auf seiner Website enthaltenen Informationen oder deren Konfiguration und Pr\u00e4sentation zu \u00e4ndern.<br \/>14. ECOFAB geht \u00fcber den guten Glauben hinaus keinerlei Verpflichtung ein, die auf seiner Website enthaltenen Informationen und Dienstleistungen zu aktualisieren.<br \/>15. Aufgrund des offenen Charakters des Internets k\u00f6nnen die Benutzer ECOFAB jede Art von Information schicken, wann immer sie wollen. Unter keinen Umst\u00e4nden sollten sie vertrauliche, vorbehaltene oder andere Informationen senden, die nicht ihr Eigentum sind. Frei an ECOFAB gesendete Informationen k\u00f6nnen ohne vorherige Benachrichtigung des Verfassers und auf jede Art und Weise, die als angemessen erachtet wird, verwendet werden.<br \/>16. Alle Marken und Produktnamen, die auf der ECOFAB-Website verwendet werden, sind Eigentum, Warenzeichen oder eingetragene Warenzeichen der jeweiligen Unternehmen.<\/p>\t\t\t\t\t\t\t\t<\/div>\n\t\t\t\t<\/div>\n\t\t\t\t<div class=\"elementor-element elementor-element-b03692c elementor-widget-mobile__width-initial elementor-widget elementor-widget-litho-heading\" data-id=\"b03692c\" data-element_type=\"widget\" data-e-type=\"widget\" data-widget_type=\"litho-heading.default\">\n\t\t\t\t<div class=\"elementor-widget-container\">\n\t\t\t\t\t<h3 class=\"litho-heading elementor-size-large\"><span class=\"litho-primary-title\">Verwendungsrichtlinie<\/span><\/h3>\t\t\t\t<\/div>\n\t\t\t\t<\/div>\n\t\t\t\t<div class=\"elementor-element elementor-element-0cbc5bc elementor-widget elementor-widget-text-editor\" data-id=\"0cbc5bc\" data-element_type=\"widget\" data-e-type=\"widget\" data-widget_type=\"text-editor.default\">\n\t\t\t\t<div class=\"elementor-widget-container\">\n\t\t\t\t\t\t\t\t\t<p>Die Website von ECOFAB soll es Ihnen erleichtern, das Unternehmen, seine Grundwerte und seine Dienstleistungen kennen zu lernen. Die Erhebung personenbezogener Daten ist zu einem g\u00e4ngigen Element in den Strategien der im Internet vertretenen Unternehmen geworden. Aus diesem Grund sind viele Benutzer zur\u00fcckhaltend, wenn sie nach ihren pers\u00f6nlichen oder beruflichen Daten gefragt werden, ohne zu wissen, zu welchem Zweck sie gesammelt werden. Um dieser Situation entgegenzuwirken, hat ECOFAB eine \"Nutzungspolitik\" ausgearbeitet, die vier wesentliche Punkte f\u00fcr alle Nutzer seiner Website kl\u00e4rt:<\/p><ul><li>Wie werden die Informationen gesammelt?<\/li><li>Welche Informationen werden gesammelt?<\/li><li>Wof\u00fcr sind diese Informationen gedacht?<\/li><li>Welche Einschr\u00e4nkungen kann der Benutzer f\u00fcr diese Datenerfassung festlegen?<\/li><\/ul><p><br \/>ECOFAB verlangt von den Nutzern seiner Website nur wenige Informationen. In jedem Fall ist sie ausschlie\u00dflich f\u00fcr berufliche Zwecke bestimmt. Die gesammelten Informationen sind grundlegend: Name, Unternehmen, Funktion, E-Mail-Adresse, Thema. Der blo\u00dfe Besuch unserer Website bedeutet jedoch nicht, dass irgendwelche Daten erfasst werden. Dies geschieht nur, wenn der Benutzer auf bestimmte Bereiche der Website zugreifen m\u00f6chte: Abonnieren unseres Newsletters, Senden von Vorschl\u00e4gen usw.<br \/><br \/><\/p><p>Als Nutzer unserer Website k\u00f6nnen Sie uns pers\u00f6nliche Informationen \u00fcbermitteln, wenn:<br \/>a. Abonnieren Sie einen unserer Informationsdienste;<br \/>b. \u00c4u\u00dfern Sie Ihre Absicht, einen der verf\u00fcgbaren Dienste zu abonnieren;<br \/>c. Kommunizieren Sie mit unserem Unternehmen und seinen Mitarbeitern;<br \/>d. Senden Sie Vorschl\u00e4ge.<\/p><p><br \/>Alle gesammelten Informationen werden in einer Datenbank gespeichert, deren Eigent\u00fcmer ECOFAB ist und die ausschlie\u00dflich f\u00fcr ECOFAB bestimmt ist. Der Nutzer kann jederzeit auf seine Daten zugreifen, sie berichtigen oder l\u00f6schen. Unter keinen Umst\u00e4nden wird ECOFAB die gesammelten Informationen an andere Organisationen weitergeben oder verkaufen. ECOFAB garantiert, dass die Sammlung von Informationen immer mit der vorherigen und freien Zustimmung des Benutzers erfolgt. ECOFAB kann jedoch nicht f\u00fcr einen unrechtm\u00e4\u00dfigen Zugriff auf diese Informationen verantwortlich gemacht werden.<br \/><br \/>ECOFAB beh\u00e4lt sich das Recht vor, die \"Nutzungsrichtlinien\" seiner Website teilweise oder vollst\u00e4ndig zu \u00e4ndern. Der Besuch der Website und die Konsultation ihrer Inhalte stellen keine vertragliche Beziehung zwischen ECOFAB und dem Nutzer dar.<\/p>\t\t\t\t\t\t\t\t<\/div>\n\t\t\t\t<\/div>\n\t\t\t\t\t<\/div>\n\t\t<\/div>\n\t\t\t\t\t<\/div>\n\t\t<\/section>\n\t\t\t\t<\/div>","protected":false},"excerpt":{"rendered":"<p>Pol\u00edtica de Privacidade O uso e acesso \u00e0 pagina da ECOFAB encontra-se submetido \u00e0 legisla\u00e7\u00e3o em vigor e ao conjunto de normas que se seguem. A sua utiliza\u00e7\u00e3o sup\u00f5e, portanto, a aceita\u00e7\u00e3o destes termos e condi\u00e7\u00f5es. 1. O Utilizador que introduza os seus dados em qualquer formul\u00e1rio da P\u00e1gina da ECOFAB, autoriza-a, livre e voluntariamente, [&hellip;]<\/p>\n","protected":false},"author":1,"featured_media":75483,"parent":0,"menu_order":0,"comment_status":"closed","ping_status":"closed","template":"","meta":{"footnotes":""},"class_list":["post-76863","page","type-page","status-publish","has-post-thumbnail","hentry"],"_links":{"self":[{"href":"https:\/\/ecofab.pt\/de\/wp-json\/wp\/v2\/pages\/76863","targetHints":{"allow":["GET"]}}],"collection":[{"href":"https:\/\/ecofab.pt\/de\/wp-json\/wp\/v2\/pages"}],"about":[{"href":"https:\/\/ecofab.pt\/de\/wp-json\/wp\/v2\/types\/page"}],"author":[{"embeddable":true,"href":"https:\/\/ecofab.pt\/de\/wp-json\/wp\/v2\/users\/1"}],"replies":[{"embeddable":true,"href":"https:\/\/ecofab.pt\/de\/wp-json\/wp\/v2\/comments?post=76863"}],"version-history":[{"count":16,"href":"https:\/\/ecofab.pt\/de\/wp-json\/wp\/v2\/pages\/76863\/revisions"}],"predecessor-version":[{"id":77685,"href":"https:\/\/ecofab.pt\/de\/wp-json\/wp\/v2\/pages\/76863\/revisions\/77685"}],"wp:featuredmedia":[{"embeddable":true,"href":"https:\/\/ecofab.pt\/de\/wp-json\/wp\/v2\/media\/75483"}],"wp:attachment":[{"href":"https:\/\/ecofab.pt\/de\/wp-json\/wp\/v2\/media?parent=76863"}],"curies":[{"name":"wp","href":"https:\/\/api.w.org\/{rel}","templated":true}]}}