{"id":76506,"date":"2024-01-31T15:55:33","date_gmt":"2024-01-31T15:55:33","guid":{"rendered":"https:\/\/ecofab.pt\/?page_id=76506"},"modified":"2024-02-25T21:50:58","modified_gmt":"2024-02-25T21:50:58","slug":"institutional","status":"publish","type":"page","link":"https:\/\/ecofab.pt\/en\/institutional\/","title":{"rendered":"Institutional"},"content":{"rendered":"<div data-elementor-type=\"wp-page\" data-elementor-id=\"76506\" class=\"elementor elementor-76506\" data-elementor-post-type=\"page\">\n\t\t\t\t\t\t<section class=\"elementor-section elementor-top-section elementor-element elementor-element-d2bfccd elementor-section-content-middle elementor-section-height-min-height elementor-section-items-bottom elementor-section-boxed elementor-section-height-default\" data-id=\"d2bfccd\" data-element_type=\"section\" data-e-type=\"section\" data-settings=\"{&quot;background_background&quot;:&quot;classic&quot;}\">\n\t\t\t\t\t\t\t<div class=\"elementor-background-overlay\"><\/div>\n\t\t\t\t\t\t\t<div class=\"elementor-container elementor-column-gap-default\">\n\t\t\t\t\t<div class=\"elementor-column elementor-col-100 elementor-top-column elementor-element elementor-element-1075e4c animated-slow elementor-invisible\" data-fullscreen-column-settings=\"{&quot;fullscreen&quot;:&quot;&quot;}\" data-id=\"1075e4c\" data-element_type=\"column\" data-e-type=\"column\" data-settings=\"{&quot;animation&quot;:&quot;fadeIn&quot;,&quot;animation_delay&quot;:100}\">\n\t\t\t<div class=\"elementor-widget-wrap elementor-element-populated\">\n\t\t\t\t\t\t<div class=\"elementor-element elementor-element-ad97762 elementor-widget-mobile__width-initial elementor-widget elementor-widget-litho-heading\" data-id=\"ad97762\" data-element_type=\"widget\" data-e-type=\"widget\" data-widget_type=\"litho-heading.default\">\n\t\t\t\t<div class=\"elementor-widget-container\">\n\t\t\t\t\t<h1 class=\"litho-heading elementor-size-xl\"><span class=\"litho-primary-title\">Institutional<\/span><\/h1>\t\t\t\t<\/div>\n\t\t\t\t<\/div>\n\t\t\t\t<div class=\"elementor-element elementor-element-edd024d elementor-widget-mobile__width-initial elementor-widget elementor-widget-litho-heading\" data-id=\"edd024d\" data-element_type=\"widget\" data-e-type=\"widget\" data-widget_type=\"litho-heading.default\">\n\t\t\t\t<div class=\"elementor-widget-container\">\n\t\t\t\t\t<h2 class=\"litho-heading elementor-size-large\"><span class=\"litho-primary-title\">ECOFAB Commitment<\/span><\/h2>\t\t\t\t<\/div>\n\t\t\t\t<\/div>\n\t\t\t\t\t<\/div>\n\t\t<\/div>\n\t\t\t\t\t<\/div>\n\t\t<\/section>\n\t\t\t\t<section class=\"elementor-section elementor-top-section elementor-element elementor-element-e79bb6d elementor-section-boxed elementor-section-height-default elementor-section-height-default\" data-id=\"e79bb6d\" data-element_type=\"section\" data-e-type=\"section\">\n\t\t\t\t\t\t<div class=\"elementor-container elementor-column-gap-default\">\n\t\t\t\t\t<div class=\"elementor-column elementor-col-50 elementor-top-column elementor-element elementor-element-6341872\" data-fullscreen-column-settings=\"{&quot;fullscreen&quot;:&quot;&quot;}\" data-id=\"6341872\" data-element_type=\"column\" data-e-type=\"column\">\n\t\t\t<div class=\"elementor-widget-wrap elementor-element-populated\">\n\t\t\t\t\t\t<div class=\"elementor-element elementor-element-5eeef1a elementor-widget elementor-widget-litho-heading\" data-id=\"5eeef1a\" data-element_type=\"widget\" data-e-type=\"widget\" data-widget_type=\"litho-heading.default\">\n\t\t\t\t<div class=\"elementor-widget-container\">\n\t\t\t\t\t<h3 class=\"litho-heading elementor-size-large\"><span class=\"litho-primary-title\">Our Heritage<\/span><\/h3>\t\t\t\t<\/div>\n\t\t\t\t<\/div>\n\t\t\t\t<div class=\"elementor-element elementor-element-ac1c812 elementor-widget elementor-widget-text-editor\" data-id=\"ac1c812\" data-element_type=\"widget\" data-e-type=\"widget\" data-widget_type=\"text-editor.default\">\n\t\t\t\t<div class=\"elementor-widget-container\">\n\t\t\t\t\t\t\t\t\t<p>ECOFAB was born out of <span style=\"text-decoration: underline;\"><span style=\"color: #000000;\"><a style=\"color: #000000; text-decoration: underline;\" href=\"https:\/\/www.felino.pt\/\" target=\"_blank\" rel=\"noopener nofollow\">FELINO SA <\/a><\/span><\/span>with the aim of sharing the knowledge and expertise accumulated over more than 80 years of industrial activity with a market that is notoriously domestic. We have inherited a production process that encompasses all stages from conception and design to the final product. In this way we are able to maintain quality standards at every stage and guarantee our customers an excellent end result.<\/p>\t\t\t\t\t\t\t\t<\/div>\n\t\t\t\t<\/div>\n\t\t\t\t<div class=\"elementor-element elementor-element-bdd8dee elementor-widget elementor-widget-text-editor\" data-id=\"bdd8dee\" data-element_type=\"widget\" data-e-type=\"widget\" data-widget_type=\"text-editor.default\">\n\t\t\t\t<div class=\"elementor-widget-container\">\n\t\t\t\t\t\t\t\t\t<p><strong>We are creating design pieces that transform your home into the perfect environment for feeling and enjoying human emotions.<\/strong><\/p>\t\t\t\t\t\t\t\t<\/div>\n\t\t\t\t<\/div>\n\t\t\t\t\t<\/div>\n\t\t<\/div>\n\t\t\t\t<div class=\"elementor-column elementor-col-50 elementor-top-column elementor-element elementor-element-87dd73d\" data-fullscreen-column-settings=\"{&quot;fullscreen&quot;:&quot;&quot;}\" data-id=\"87dd73d\" data-element_type=\"column\" data-e-type=\"column\">\n\t\t\t<div class=\"elementor-widget-wrap elementor-element-populated\">\n\t\t\t\t\t\t<div class=\"elementor-element elementor-element-d31d338 elementor-widget elementor-widget-image\" data-id=\"d31d338\" data-element_type=\"widget\" data-e-type=\"widget\" data-widget_type=\"image.default\">\n\t\t\t\t<div class=\"elementor-widget-container\">\n\t\t\t\t\t\t\t\t\t\t\t\t\t\t\t<img fetchpriority=\"high\" decoding=\"async\" width=\"1024\" height=\"1024\" src=\"https:\/\/ecofab.pt\/wp-content\/uploads\/2024\/01\/217932708_263644982188632_8214980433558674440_n-e1706722992296-1024x1024.jpg\" class=\"attachment-large size-large wp-image-76663\" alt=\"ECOFAB, heating solutions, pellet stoves, pellet stoves, cast iron\" srcset=\"https:\/\/ecofab.pt\/wp-content\/uploads\/2024\/01\/217932708_263644982188632_8214980433558674440_n-e1706722992296-1024x1024.jpg 1024w, https:\/\/ecofab.pt\/wp-content\/uploads\/2024\/01\/217932708_263644982188632_8214980433558674440_n-e1706722992296-300x300.jpg 300w, https:\/\/ecofab.pt\/wp-content\/uploads\/2024\/01\/217932708_263644982188632_8214980433558674440_n-e1706722992296-150x150.jpg 150w, https:\/\/ecofab.pt\/wp-content\/uploads\/2024\/01\/217932708_263644982188632_8214980433558674440_n-e1706722992296-768x768.jpg 768w, https:\/\/ecofab.pt\/wp-content\/uploads\/2024\/01\/217932708_263644982188632_8214980433558674440_n-e1706722992296-200x200.jpg 200w, https:\/\/ecofab.pt\/wp-content\/uploads\/2024\/01\/217932708_263644982188632_8214980433558674440_n-e1706722992296.jpg 1080w\" sizes=\"(max-width: 1024px) 100vw, 1024px\" \/>\t\t\t\t\t\t\t\t\t\t\t\t\t\t\t<\/div>\n\t\t\t\t<\/div>\n\t\t\t\t\t<\/div>\n\t\t<\/div>\n\t\t\t\t\t<\/div>\n\t\t<\/section>\n\t\t\t\t<section class=\"elementor-section elementor-top-section elementor-element elementor-element-af498cf elementor-section-boxed elementor-section-height-default elementor-section-height-default\" data-id=\"af498cf\" data-element_type=\"section\" data-e-type=\"section\">\n\t\t\t\t\t\t<div class=\"elementor-container elementor-column-gap-default\">\n\t\t\t\t\t<div class=\"elementor-column elementor-col-50 elementor-top-column elementor-element elementor-element-d8ae589\" data-fullscreen-column-settings=\"{&quot;fullscreen&quot;:&quot;&quot;}\" data-id=\"d8ae589\" data-element_type=\"column\" data-e-type=\"column\">\n\t\t\t<div class=\"elementor-widget-wrap elementor-element-populated\">\n\t\t\t\t\t\t<div class=\"elementor-element elementor-element-fceaa93 elementor-widget__width-initial elementor-widget elementor-widget-image\" data-id=\"fceaa93\" data-element_type=\"widget\" data-e-type=\"widget\" data-widget_type=\"image.default\">\n\t\t\t\t<div class=\"elementor-widget-container\">\n\t\t\t\t\t\t\t\t\t\t\t\t\t\t\t<img decoding=\"async\" width=\"819\" height=\"1024\" src=\"https:\/\/ecofab.pt\/wp-content\/uploads\/2024\/01\/ECOFAB-engenharia-819x1024.jpg\" class=\"attachment-large size-large wp-image-76661\" alt=\"ECOFAB, engineering\" srcset=\"https:\/\/ecofab.pt\/wp-content\/uploads\/2024\/01\/ECOFAB-engenharia-819x1024.jpg 819w, https:\/\/ecofab.pt\/wp-content\/uploads\/2024\/01\/ECOFAB-engenharia-240x300.jpg 240w, https:\/\/ecofab.pt\/wp-content\/uploads\/2024\/01\/ECOFAB-engenharia-768x960.jpg 768w, https:\/\/ecofab.pt\/wp-content\/uploads\/2024\/01\/ECOFAB-engenharia-1229x1536.jpg 1229w, https:\/\/ecofab.pt\/wp-content\/uploads\/2024\/01\/ECOFAB-engenharia-200x250.jpg 200w, https:\/\/ecofab.pt\/wp-content\/uploads\/2024\/01\/ECOFAB-engenharia.jpg 1440w\" sizes=\"(max-width: 819px) 100vw, 819px\" \/>\t\t\t\t\t\t\t\t\t\t\t\t\t\t\t<\/div>\n\t\t\t\t<\/div>\n\t\t\t\t\t<\/div>\n\t\t<\/div>\n\t\t\t\t<div class=\"elementor-column elementor-col-50 elementor-top-column elementor-element elementor-element-d64ef52\" data-fullscreen-column-settings=\"{&quot;fullscreen&quot;:&quot;&quot;}\" data-id=\"d64ef52\" data-element_type=\"column\" data-e-type=\"column\">\n\t\t\t<div class=\"elementor-widget-wrap elementor-element-populated\">\n\t\t\t\t\t\t<div class=\"elementor-element elementor-element-1ab7993 elementor-widget elementor-widget-litho-heading\" data-id=\"1ab7993\" data-element_type=\"widget\" data-e-type=\"widget\" data-widget_type=\"litho-heading.default\">\n\t\t\t\t<div class=\"elementor-widget-container\">\n\t\t\t\t\t<h3 class=\"litho-heading elementor-size-large\"><span class=\"litho-primary-title\">Engineering Excellence<\/span><\/h3>\t\t\t\t<\/div>\n\t\t\t\t<\/div>\n\t\t\t\t<div class=\"elementor-element elementor-element-4e72ead elementor-widget elementor-widget-text-editor\" data-id=\"4e72ead\" data-element_type=\"widget\" data-e-type=\"widget\" data-widget_type=\"text-editor.default\">\n\t\t\t\t<div class=\"elementor-widget-container\">\n\t\t\t\t\t\t\t\t\t<p>We start with end-of-life metal and end up with machines and equipment of the highest quality and performance! With a project team equipped with the best tools, including rapid prototyping, using the most advanced machines to produce and control the components, all framed by a young, highly trained team and a group of highly motivated people dedicated to bringing you the most efficient and durable products.<\/p>\t\t\t\t\t\t\t\t<\/div>\n\t\t\t\t<\/div>\n\t\t\t\t<div class=\"elementor-element elementor-element-585d861 elementor-widget elementor-widget-litho-heading\" data-id=\"585d861\" data-element_type=\"widget\" data-e-type=\"widget\" data-widget_type=\"litho-heading.default\">\n\t\t\t\t<div class=\"elementor-widget-container\">\n\t\t\t\t\t<h3 class=\"litho-heading elementor-size-large\"><span class=\"litho-primary-title\">Certified Quality<\/span><\/h3>\t\t\t\t<\/div>\n\t\t\t\t<\/div>\n\t\t\t\t<div class=\"elementor-element elementor-element-6d4c3da elementor-widget elementor-widget-text-editor\" data-id=\"6d4c3da\" data-element_type=\"widget\" data-e-type=\"widget\" data-widget_type=\"text-editor.default\">\n\t\t\t\t<div class=\"elementor-widget-container\">\n\t\t\t\t\t\t\t\t\t<p>Quality certification provides integrated support for all our technological and scientific expertise. Continuous improvement and the practice of sustainable policies are the foundations for satisfying our customers in all the solutions we offer.<\/p>\t\t\t\t\t\t\t\t<\/div>\n\t\t\t\t<\/div>\n\t\t\t\t\t<\/div>\n\t\t<\/div>\n\t\t\t\t\t<\/div>\n\t\t<\/section>\n\t\t\t\t<section class=\"elementor-section elementor-top-section elementor-element elementor-element-c79436e elementor-section-content-middle elementor-section-boxed elementor-section-height-default elementor-section-height-default\" data-id=\"c79436e\" data-element_type=\"section\" data-e-type=\"section\" data-settings=\"{&quot;background_background&quot;:&quot;classic&quot;}\">\n\t\t\t\t\t\t<div class=\"elementor-container elementor-column-gap-default\">\n\t\t\t\t\t<div class=\"elementor-column elementor-col-100 elementor-top-column elementor-element elementor-element-27d7192\" data-fullscreen-column-settings=\"{&quot;fullscreen&quot;:&quot;&quot;}\" data-id=\"27d7192\" data-element_type=\"column\" data-e-type=\"column\">\n\t\t\t<div class=\"elementor-widget-wrap elementor-element-populated\">\n\t\t\t\t\t\t<div class=\"elementor-element elementor-element-35b3147 elementor-widget-mobile__width-initial elementor-widget elementor-widget-litho-heading\" data-id=\"35b3147\" data-element_type=\"widget\" data-e-type=\"widget\" data-widget_type=\"litho-heading.default\">\n\t\t\t\t<div class=\"elementor-widget-container\">\n\t\t\t\t\t<h2 class=\"litho-heading elementor-size-medium\"><span class=\"litho-primary-title\">CULTURAL HERITAGE, ECOLOGY AND HUMAN EXPERIENCES.<\/span><\/h2>\t\t\t\t<\/div>\n\t\t\t\t<\/div>\n\t\t\t\t<div class=\"elementor-element elementor-element-a1bf7ef elementor-widget elementor-widget-text-editor\" data-id=\"a1bf7ef\" data-element_type=\"widget\" data-e-type=\"widget\" data-widget_type=\"text-editor.default\">\n\t\t\t\t<div class=\"elementor-widget-container\">\n\t\t\t\t\t\t\t\t\t<div class=\"text\"><strong>ECOFAB is a young and dynamic company, founded in 2013 with the aim of creating products for domestic use. Backed by the technical capacity and expertise of a company that has been active in the machine building, foundry and mechanical construction markets at home and abroad for over 80 years, ECOFAB delivers innovative technology with outstanding quality.<\/strong><\/div><div>\u00a0<\/div><div class=\"text\">The profitability of our business is based on the continuous improvement of our products and our commitment to sustainable development.<br \/>We want to contribute to people's well-being and save the environment for future generations.<\/div><div class=\"text\">We are conscientious in the selection of raw materials and demanding in the choice of materials used. It is through product development and constant experimentation that we acquire the confidence to launch our products.<\/div>\t\t\t\t\t\t\t\t<\/div>\n\t\t\t\t<\/div>\n\t\t\t\t<div class=\"elementor-element elementor-element-9e583ca elementor-widget elementor-widget-text-editor\" data-id=\"9e583ca\" data-element_type=\"widget\" data-e-type=\"widget\" data-widget_type=\"text-editor.default\">\n\t\t\t\t<div class=\"elementor-widget-container\">\n\t\t\t\t\t\t\t\t\t<p><strong><span style=\"color: #008000;\">We have adopted a circular economy strategy to make the world a better place. We combine iron, the main raw material used to build our stoves, with pellets, a recycled, sustainable and high-performance material.<\/span><\/strong><\/p>\t\t\t\t\t\t\t\t<\/div>\n\t\t\t\t<\/div>\n\t\t\t\t<div class=\"elementor-element elementor-element-369f136 elementor-widget elementor-widget-text-editor\" data-id=\"369f136\" data-element_type=\"widget\" data-e-type=\"widget\" data-widget_type=\"text-editor.default\">\n\t\t\t\t<div class=\"elementor-widget-container\">\n\t\t\t\t\t\t\t\t\t<div class=\"text\"><strong>At ECOFAB, we understand that a pellet stove is much more than just a source of heat. It's the heart of the home, a meeting point that brings family and friends together and shapes the atmosphere of the room and our lives. Our stoves are designed not just to heat, but to transform your home into the perfect environment for feeling and enjoying human emotions.<\/strong><\/div><div>\u00a0<\/div><div class=\"text\">We combine cutting-edge technology and individualised design to create unique, attractive and functional heating solutions, while integrating advanced features to make your user experience even simpler and more efficient.\u00a0<\/div>\t\t\t\t\t\t\t\t<\/div>\n\t\t\t\t<\/div>\n\t\t\t\t\t<\/div>\n\t\t<\/div>\n\t\t\t\t\t<\/div>\n\t\t<\/section>\n\t\t\t\t<section class=\"elementor-section elementor-top-section elementor-element elementor-element-d1ba3ec elementor-section-boxed elementor-section-height-default elementor-section-height-default\" data-id=\"d1ba3ec\" data-element_type=\"section\" data-e-type=\"section\" data-settings=\"{&quot;background_background&quot;:&quot;classic&quot;}\">\n\t\t\t\t\t\t<div class=\"elementor-container elementor-column-gap-default\">\n\t\t\t\t\t<div class=\"elementor-column elementor-col-100 elementor-top-column elementor-element elementor-element-1415573\" data-fullscreen-column-settings=\"{&quot;fullscreen&quot;:&quot;&quot;}\" data-id=\"1415573\" data-element_type=\"column\" data-e-type=\"column\" data-settings=\"{&quot;background_background&quot;:&quot;classic&quot;}\">\n\t\t\t<div class=\"elementor-widget-wrap elementor-element-populated\">\n\t\t\t\t\t\t<section class=\"elementor-section elementor-inner-section elementor-element elementor-element-bc4db36 elementor-section-boxed elementor-section-height-default elementor-section-height-default elementor-invisible\" data-id=\"bc4db36\" data-element_type=\"section\" data-e-type=\"section\" data-settings=\"{&quot;background_background&quot;:&quot;classic&quot;,&quot;animation&quot;:&quot;fadeIn&quot;}\">\n\t\t\t\t\t\t<div class=\"elementor-container elementor-column-gap-default\">\n\t\t\t\t\t<div class=\"elementor-column elementor-col-33 elementor-inner-column elementor-element elementor-element-d1f8555\" data-fullscreen-column-settings=\"{&quot;fullscreen&quot;:&quot;&quot;}\" data-id=\"d1f8555\" data-element_type=\"column\" data-e-type=\"column\">\n\t\t\t<div class=\"elementor-widget-wrap elementor-element-populated\">\n\t\t\t\t\t\t<div class=\"elementor-element elementor-element-39ccf84 elementor-widget elementor-widget-image\" data-id=\"39ccf84\" data-element_type=\"widget\" data-e-type=\"widget\" data-settings=\"{&quot;_animation&quot;:&quot;none&quot;}\" data-widget_type=\"image.default\">\n\t\t\t\t<div class=\"elementor-widget-container\">\n\t\t\t\t\t\t\t\t\t\t\t\t\t\t\t<img decoding=\"async\" width=\"278\" height=\"282\" src=\"https:\/\/ecofab.pt\/wp-content\/uploads\/2024\/01\/ecodesign.jpg\" class=\"attachment-large size-large wp-image-75911\" alt=\"ECODESIGN, ecodesign label, Ecofab\" srcset=\"https:\/\/ecofab.pt\/wp-content\/uploads\/2024\/01\/ecodesign.jpg 278w, https:\/\/ecofab.pt\/wp-content\/uploads\/2024\/01\/ecodesign-100x100.jpg 100w, https:\/\/ecofab.pt\/wp-content\/uploads\/2024\/01\/ecodesign-200x203.jpg 200w\" sizes=\"(max-width: 278px) 100vw, 278px\" \/>\t\t\t\t\t\t\t\t\t\t\t\t\t\t\t<\/div>\n\t\t\t\t<\/div>\n\t\t\t\t\t<\/div>\n\t\t<\/div>\n\t\t\t\t<div class=\"elementor-column elementor-col-66 elementor-inner-column elementor-element elementor-element-95a3cbc\" data-fullscreen-column-settings=\"{&quot;fullscreen&quot;:&quot;&quot;}\" data-id=\"95a3cbc\" data-element_type=\"column\" data-e-type=\"column\" data-settings=\"{&quot;background_background&quot;:&quot;classic&quot;}\">\n\t\t\t<div class=\"elementor-widget-wrap elementor-element-populated\">\n\t\t\t\t\t\t<div class=\"elementor-element elementor-element-4596a3c elementor-widget elementor-widget-litho-heading\" data-id=\"4596a3c\" data-element_type=\"widget\" data-e-type=\"widget\" data-widget_type=\"litho-heading.default\">\n\t\t\t\t<div class=\"elementor-widget-container\">\n\t\t\t\t\t<h3 class=\"litho-heading elementor-size-large\"><span class=\"litho-primary-title\">Compliance with international directives and standards<\/span><\/h3>\t\t\t\t<\/div>\n\t\t\t\t<\/div>\n\t\t\t\t<div class=\"elementor-element elementor-element-531ff5b elementor-widget elementor-widget-text-editor\" data-id=\"531ff5b\" data-element_type=\"widget\" data-e-type=\"widget\" data-widget_type=\"text-editor.default\">\n\t\t\t\t<div class=\"elementor-widget-container\">\n\t\t\t\t\t\t\t\t\t<p>We are committed to offering products that comply with international safety and quality standards. By carrying out rigorous tests at CATIM - the Technological Support Centre for the Metalworking Industry, we guarantee that our pellet stoves comply with the most demanding European guidelines, such as ECODESIGN certification, a European initiative to reduce emissions from combustion.<\/p>\t\t\t\t\t\t\t\t<\/div>\n\t\t\t\t<\/div>\n\t\t\t\t\t<\/div>\n\t\t<\/div>\n\t\t\t\t\t<\/div>\n\t\t<\/section>\n\t\t\t\t\t<\/div>\n\t\t<\/div>\n\t\t\t\t\t<\/div>\n\t\t<\/section>\n\t\t\t\t<\/div>","protected":false},"excerpt":{"rendered":"<p>Institucional Compromisso ECOFAB A nossa Heran\u00e7a A ECOFAB nasce da FELINO SA com o prop\u00f3sito de partilhar o conhecimento e saber acumulados ao longo de mais de 80 anos de actividade industrial a um mercado notoriamente dom\u00e9stico. Herdamos um processo produtivo que engloba todas as fases desde a concep\u00e7\u00e3o e design at\u00e9 ao produto final. [&hellip;]<\/p>\n","protected":false},"author":1,"featured_media":75483,"parent":0,"menu_order":0,"comment_status":"closed","ping_status":"closed","template":"","meta":{"footnotes":""},"class_list":["post-76506","page","type-page","status-publish","has-post-thumbnail","hentry"],"_links":{"self":[{"href":"https:\/\/ecofab.pt\/en\/wp-json\/wp\/v2\/pages\/76506","targetHints":{"allow":["GET"]}}],"collection":[{"href":"https:\/\/ecofab.pt\/en\/wp-json\/wp\/v2\/pages"}],"about":[{"href":"https:\/\/ecofab.pt\/en\/wp-json\/wp\/v2\/types\/page"}],"author":[{"embeddable":true,"href":"https:\/\/ecofab.pt\/en\/wp-json\/wp\/v2\/users\/1"}],"replies":[{"embeddable":true,"href":"https:\/\/ecofab.pt\/en\/wp-json\/wp\/v2\/comments?post=76506"}],"version-history":[{"count":80,"href":"https:\/\/ecofab.pt\/en\/wp-json\/wp\/v2\/pages\/76506\/revisions"}],"predecessor-version":[{"id":77658,"href":"https:\/\/ecofab.pt\/en\/wp-json\/wp\/v2\/pages\/76506\/revisions\/77658"}],"wp:featuredmedia":[{"embeddable":true,"href":"https:\/\/ecofab.pt\/en\/wp-json\/wp\/v2\/media\/75483"}],"wp:attachment":[{"href":"https:\/\/ecofab.pt\/en\/wp-json\/wp\/v2\/media?parent=76506"}],"curies":[{"name":"wp","href":"https:\/\/api.w.org\/{rel}","templated":true}]}}