{"id":76407,"date":"2024-01-29T12:42:44","date_gmt":"2024-01-29T12:42:44","guid":{"rendered":"https:\/\/ecofab.pt\/?page_id=76407"},"modified":"2024-04-24T21:30:09","modified_gmt":"2024-04-24T21:30:09","slug":"sostenibilidad","status":"publish","type":"page","link":"https:\/\/ecofab.pt\/es\/sostenibilidad\/","title":{"rendered":"Sostenibilidad"},"content":{"rendered":"<div data-elementor-type=\"wp-page\" data-elementor-id=\"76407\" class=\"elementor elementor-76407\" data-elementor-post-type=\"page\">\n\t\t\t\t\t\t<section class=\"elementor-section elementor-top-section elementor-element elementor-element-d2bfccd elementor-section-content-middle elementor-section-height-min-height elementor-section-items-bottom elementor-section-boxed elementor-section-height-default\" data-id=\"d2bfccd\" data-element_type=\"section\" data-e-type=\"section\" data-settings=\"{&quot;background_background&quot;:&quot;classic&quot;}\">\n\t\t\t\t\t\t\t<div class=\"elementor-background-overlay\"><\/div>\n\t\t\t\t\t\t\t<div class=\"elementor-container elementor-column-gap-default\">\n\t\t\t\t\t<div class=\"elementor-column elementor-col-100 elementor-top-column elementor-element elementor-element-1075e4c animated-slow elementor-invisible\" data-fullscreen-column-settings=\"{&quot;fullscreen&quot;:&quot;&quot;}\" data-id=\"1075e4c\" data-element_type=\"column\" data-e-type=\"column\" data-settings=\"{&quot;animation&quot;:&quot;fadeIn&quot;,&quot;animation_delay&quot;:100}\">\n\t\t\t<div class=\"elementor-widget-wrap elementor-element-populated\">\n\t\t\t\t\t\t<div class=\"elementor-element elementor-element-ad97762 elementor-widget-mobile__width-initial elementor-widget elementor-widget-litho-heading\" data-id=\"ad97762\" data-element_type=\"widget\" data-e-type=\"widget\" data-widget_type=\"litho-heading.default\">\n\t\t\t\t<div class=\"elementor-widget-container\">\n\t\t\t\t\t<h1 class=\"litho-heading elementor-size-xl\"><span class=\"litho-primary-title\">Sostenibilidad<\/span><\/h1>\t\t\t\t<\/div>\n\t\t\t\t<\/div>\n\t\t\t\t<div class=\"elementor-element elementor-element-97c17da elementor-widget-mobile__width-initial elementor-widget elementor-widget-litho-heading\" data-id=\"97c17da\" data-element_type=\"widget\" data-e-type=\"widget\" data-widget_type=\"litho-heading.default\">\n\t\t\t\t<div class=\"elementor-widget-container\">\n\t\t\t\t\t<h2 class=\"litho-heading elementor-size-large\"><span class=\"litho-primary-title\">Hierro fundido y pellets para un mundo mejor.<\/span><\/h2>\t\t\t\t<\/div>\n\t\t\t\t<\/div>\n\t\t\t\t\t<\/div>\n\t\t<\/div>\n\t\t\t\t\t<\/div>\n\t\t<\/section>\n\t\t\t\t<section class=\"elementor-section elementor-top-section elementor-element elementor-element-43bef0c elementor-section-content-middle elementor-section-height-min-height elementor-section-boxed elementor-section-height-default elementor-section-items-middle\" data-id=\"43bef0c\" data-element_type=\"section\" data-e-type=\"section\" data-settings=\"{&quot;background_background&quot;:&quot;classic&quot;}\">\n\t\t\t\t\t\t<div class=\"elementor-container elementor-column-gap-default\">\n\t\t\t\t\t<div class=\"elementor-column elementor-col-100 elementor-top-column elementor-element elementor-element-9c022a4\" data-fullscreen-column-settings=\"{&quot;fullscreen&quot;:&quot;&quot;}\" data-id=\"9c022a4\" data-element_type=\"column\" data-e-type=\"column\">\n\t\t\t<div class=\"elementor-widget-wrap elementor-element-populated\">\n\t\t\t\t\t\t<section class=\"elementor-section elementor-inner-section elementor-element elementor-element-24939d2 elementor-section-content-middle elementor-section-boxed elementor-section-height-default elementor-section-height-default\" data-id=\"24939d2\" data-element_type=\"section\" data-e-type=\"section\">\n\t\t\t\t\t\t<div class=\"elementor-container elementor-column-gap-default\">\n\t\t\t\t\t<div class=\"elementor-column elementor-col-100 elementor-inner-column elementor-element elementor-element-da3fdd5\" data-fullscreen-column-settings=\"{&quot;fullscreen&quot;:&quot;&quot;}\" data-id=\"da3fdd5\" data-element_type=\"column\" data-e-type=\"column\">\n\t\t\t<div class=\"elementor-widget-wrap elementor-element-populated\">\n\t\t\t\t\t\t<div class=\"elementor-element elementor-element-d578f74 elementor-widget elementor-widget-litho-heading\" data-id=\"d578f74\" data-element_type=\"widget\" data-e-type=\"widget\" data-widget_type=\"litho-heading.default\">\n\t\t\t\t<div class=\"elementor-widget-container\">\n\t\t\t\t\t<h2 class=\"litho-heading elementor-size-large\"><span class=\"litho-primary-title\">Compromiso con soluciones de calefacci\u00f3n eficientes y sostenibles<\/span><\/h2>\t\t\t\t<\/div>\n\t\t\t\t<\/div>\n\t\t\t\t<div class=\"elementor-element elementor-element-4dd42dd elementor-widget elementor-widget-text-editor\" data-id=\"4dd42dd\" data-element_type=\"widget\" data-e-type=\"widget\" data-widget_type=\"text-editor.default\">\n\t\t\t\t<div class=\"elementor-widget-container\">\n\t\t\t\t\t\t\t\t\t<p><strong>En ECOFAB, valoramos la integridad y funcionalidad de nuestros productos<\/strong>. El hierro fundido, material b\u00e1sico de las estufas de pellets y chimeneas de exterior, se elige por su excepcional durabilidad y garant\u00eda de un calentamiento fiable y duradero. Las propiedades t\u00e9rmicas del hierro fundido garantizan una distribuci\u00f3n eficaz y constante del calor, al tiempo que proporcionan un confort prolongado incluso despu\u00e9s de apagar el aparato.<\/p><p>La maleabilidad del hierro fundido nos permite crear dise\u00f1os variados, desde estilos tradicionales a contempor\u00e1neos, sin comprometer la calidad ni el rendimiento de los equipos. Adem\u00e1s, al utilizar hierro fundido, optamos por un material que reutiliza la chatarra y permite reciclar de nuevo los equipos, una medida que refuerza nuestro compromiso con la sostenibilidad y reduce nuestra huella ecol\u00f3gica al tiempo que ofrecemos soluciones de calefacci\u00f3n de alta calidad.<\/p>\t\t\t\t\t\t\t\t<\/div>\n\t\t\t\t<\/div>\n\t\t\t\t\t<\/div>\n\t\t<\/div>\n\t\t\t\t\t<\/div>\n\t\t<\/section>\n\t\t\t\t<section class=\"elementor-section elementor-inner-section elementor-element elementor-element-dd96ea2 elementor-section-content-middle elementor-section-boxed elementor-section-height-default elementor-section-height-default\" data-id=\"dd96ea2\" data-element_type=\"section\" data-e-type=\"section\">\n\t\t\t\t\t\t<div class=\"elementor-container elementor-column-gap-default\">\n\t\t\t\t\t<div class=\"elementor-column elementor-col-100 elementor-inner-column elementor-element elementor-element-266a970\" data-fullscreen-column-settings=\"{&quot;fullscreen&quot;:&quot;&quot;}\" data-id=\"266a970\" data-element_type=\"column\" data-e-type=\"column\">\n\t\t\t<div class=\"elementor-widget-wrap elementor-element-populated\">\n\t\t\t\t\t\t<div class=\"elementor-element elementor-element-8d85cba elementor-widget elementor-widget-litho-heading\" data-id=\"8d85cba\" data-element_type=\"widget\" data-e-type=\"widget\" data-widget_type=\"litho-heading.default\">\n\t\t\t\t<div class=\"elementor-widget-container\">\n\t\t\t\t\t<h3 class=\"litho-heading elementor-size-large\"><span class=\"litho-primary-title\">Ventajas de utilizar hierro fundido:<\/span><\/h3>\t\t\t\t<\/div>\n\t\t\t\t<\/div>\n\t\t\t\t<div class=\"elementor-element elementor-element-5270d1c elementor-align-start elementor-icon-list--layout-traditional elementor-list-item-link-full_width elementor-invisible elementor-widget elementor-widget-icon-list\" data-id=\"5270d1c\" data-element_type=\"widget\" data-e-type=\"widget\" data-settings=\"{&quot;_animation&quot;:&quot;fadeIn&quot;}\" data-widget_type=\"icon-list.default\">\n\t\t\t\t<div class=\"elementor-widget-container\">\n\t\t\t\t\t\t\t<ul class=\"elementor-icon-list-items\">\n\t\t\t\t\t\t\t<li class=\"elementor-icon-list-item\">\n\t\t\t\t\t\t\t\t\t\t\t<span class=\"elementor-icon-list-icon\">\n\t\t\t\t\t\t\t<i aria-hidden=\"true\" class=\"fas fa-chevron-right\"><\/i>\t\t\t\t\t\t<\/span>\n\t\t\t\t\t\t\t\t\t\t<span class=\"elementor-icon-list-text\"><b>Durabilidad y longevidad:<\/b> El hierro fundido es extremadamente duradero y resistente, lo que significa que una estufa fabricada con este material puede durar muchos a\u00f1os manteniendo su funcionalidad y est\u00e9tica;<\/span>\n\t\t\t\t\t\t\t\t\t<\/li>\n\t\t\t\t\t\t\t\t<li class=\"elementor-icon-list-item\">\n\t\t\t\t\t\t\t\t\t\t\t<span class=\"elementor-icon-list-icon\">\n\t\t\t\t\t\t\t<i aria-hidden=\"true\" class=\"fas fa-chevron-right\"><\/i>\t\t\t\t\t\t<\/span>\n\t\t\t\t\t\t\t\t\t\t<span class=\"elementor-icon-list-text\"><b>Excelente retenci\u00f3n y distribuci\u00f3n del calor: <\/b> Una de las caracter\u00edsticas m\u00e1s importantes del hierro fundido es su capacidad para retener el calor durante mucho tiempo y distribuirlo uniformemente. Esto hace que las estufas de pellets de hierro fundido sean muy eficientes a la hora de calentar un espacio de forma constante;<\/span>\n\t\t\t\t\t\t\t\t\t<\/li>\n\t\t\t\t\t\t\t\t<li class=\"elementor-icon-list-item\">\n\t\t\t\t\t\t\t\t\t\t\t<span class=\"elementor-icon-list-icon\">\n\t\t\t\t\t\t\t<i aria-hidden=\"true\" class=\"fas fa-chevron-right\"><\/i>\t\t\t\t\t\t<\/span>\n\t\t\t\t\t\t\t\t\t\t<span class=\"elementor-icon-list-text\"><b>Resistencia al calor: <\/b> El hierro fundido soporta altas temperaturas sin deformarse ni da\u00f1arse. Esto es esencial para las estufas de pellets, que funcionan a altas temperaturas para quemar los pellets de madera;<\/span>\n\t\t\t\t\t\t\t\t\t<\/li>\n\t\t\t\t\t\t\t\t<li class=\"elementor-icon-list-item\">\n\t\t\t\t\t\t\t\t\t\t\t<span class=\"elementor-icon-list-icon\">\n\t\t\t\t\t\t\t<i aria-hidden=\"true\" class=\"fas fa-chevron-right\"><\/i>\t\t\t\t\t\t<\/span>\n\t\t\t\t\t\t\t\t\t\t<span class=\"elementor-icon-list-text\"><b>Bajo mantenimiento: <\/b> Debido a su robustez, las estufas de hierro fundido suelen requerir menos mantenimiento que las de otros materiales;<\/span>\n\t\t\t\t\t\t\t\t\t<\/li>\n\t\t\t\t\t\t\t\t<li class=\"elementor-icon-list-item\">\n\t\t\t\t\t\t\t\t\t\t\t<span class=\"elementor-icon-list-icon\">\n\t\t\t\t\t\t\t<i aria-hidden=\"true\" class=\"fas fa-chevron-right\"><\/i>\t\t\t\t\t\t<\/span>\n\t\t\t\t\t\t\t\t\t\t<span class=\"elementor-icon-list-text\"><b>Resistencia a la corrosi\u00f3n: <\/b> Si se trata y mantiene adecuadamente, el hierro fundido es resistente a la corrosi\u00f3n, lo que es importante para la longevidad del equipo;<\/span>\n\t\t\t\t\t\t\t\t\t<\/li>\n\t\t\t\t\t\t\t\t<li class=\"elementor-icon-list-item\">\n\t\t\t\t\t\t\t\t\t\t\t<span class=\"elementor-icon-list-icon\">\n\t\t\t\t\t\t\t<i aria-hidden=\"true\" class=\"fas fa-chevron-right\"><\/i>\t\t\t\t\t\t<\/span>\n\t\t\t\t\t\t\t\t\t\t<span class=\"elementor-icon-list-text\"><b>Capacidad de moldeo: <\/b> El hierro fundido puede moldearse en diversas formas y dise\u00f1os, lo que permite una mayor flexibilidad en el dise\u00f1o de las estufas de pellets, tanto en t\u00e9rminos de funcionalidad como de est\u00e9tica;<\/span>\n\t\t\t\t\t\t\t\t\t<\/li>\n\t\t\t\t\t\t\t\t<li class=\"elementor-icon-list-item\">\n\t\t\t\t\t\t\t\t\t\t\t<span class=\"elementor-icon-list-icon\">\n\t\t\t\t\t\t\t<i aria-hidden=\"true\" class=\"fas fa-chevron-right\"><\/i>\t\t\t\t\t\t<\/span>\n\t\t\t\t\t\t\t\t\t\t<span class=\"elementor-icon-list-text\"><b>Eficiencia energ\u00e9tica: <\/b> La capacidad del hierro fundido para retener el calor contribuye a la eficiencia energ\u00e9tica, ya que la estufa sigue irradiando calor incluso despu\u00e9s de que el fuego se haya apagado o extinguido;<\/span>\n\t\t\t\t\t\t\t\t\t<\/li>\n\t\t\t\t\t\t\t\t<li class=\"elementor-icon-list-item\">\n\t\t\t\t\t\t\t\t\t\t\t<span class=\"elementor-icon-list-icon\">\n\t\t\t\t\t\t\t<i aria-hidden=\"true\" class=\"fas fa-chevron-right\"><\/i>\t\t\t\t\t\t<\/span>\n\t\t\t\t\t\t\t\t\t\t<span class=\"elementor-icon-list-text\"><b>Seguridad: <\/b> La robustez del hierro fundido tambi\u00e9n contribuye a la seguridad, ya que el material es menos propenso a sufrir da\u00f1os o aver\u00edas que puedan poner en peligro el funcionamiento seguro de la estufa.<\/span>\n\t\t\t\t\t\t\t\t\t<\/li>\n\t\t\t\t\t\t<\/ul>\n\t\t\t\t\t\t<\/div>\n\t\t\t\t<\/div>\n\t\t\t\t\t<\/div>\n\t\t<\/div>\n\t\t\t\t\t<\/div>\n\t\t<\/section>\n\t\t\t\t\t<\/div>\n\t\t<\/div>\n\t\t\t\t\t<\/div>\n\t\t<\/section>\n\t\t\t\t<section class=\"elementor-section elementor-top-section elementor-element elementor-element-66773f6 elementor-section-content-middle elementor-section-boxed elementor-section-height-default elementor-section-height-default\" data-id=\"66773f6\" data-element_type=\"section\" data-e-type=\"section\" data-settings=\"{&quot;background_background&quot;:&quot;classic&quot;}\">\n\t\t\t\t\t\t<div class=\"elementor-container elementor-column-gap-default\">\n\t\t\t\t\t<div class=\"elementor-column elementor-col-100 elementor-top-column elementor-element elementor-element-467632d\" data-fullscreen-column-settings=\"{&quot;fullscreen&quot;:&quot;&quot;}\" data-id=\"467632d\" data-element_type=\"column\" data-e-type=\"column\">\n\t\t\t<div class=\"elementor-widget-wrap elementor-element-populated\">\n\t\t\t\t\t\t<section class=\"elementor-section elementor-inner-section elementor-element elementor-element-10df458 elementor-section-content-middle elementor-section-boxed elementor-section-height-default elementor-section-height-default elementor-invisible\" data-id=\"10df458\" data-element_type=\"section\" data-e-type=\"section\" data-settings=\"{&quot;animation&quot;:&quot;fadeIn&quot;}\">\n\t\t\t\t\t\t<div class=\"elementor-container elementor-column-gap-default\">\n\t\t\t\t\t<div class=\"elementor-column elementor-col-33 elementor-inner-column elementor-element elementor-element-64a6235\" data-fullscreen-column-settings=\"{&quot;fullscreen&quot;:&quot;&quot;}\" data-id=\"64a6235\" data-element_type=\"column\" data-e-type=\"column\">\n\t\t\t<div class=\"elementor-widget-wrap elementor-element-populated\">\n\t\t\t\t\t\t<div class=\"elementor-element elementor-element-a9156c1 elementor-widget elementor-widget-image\" data-id=\"a9156c1\" data-element_type=\"widget\" data-e-type=\"widget\" data-settings=\"{&quot;_animation&quot;:&quot;none&quot;}\" data-widget_type=\"image.default\">\n\t\t\t\t<div class=\"elementor-widget-container\">\n\t\t\t\t\t\t\t\t\t\t\t\t\t\t\t<img fetchpriority=\"high\" decoding=\"async\" width=\"1080\" height=\"1193\" src=\"https:\/\/ecofab.pt\/wp-content\/uploads\/2024\/01\/Reportagem-Fotografica-Felino-e-Ecofab-Fotos-Luiza-Reis-22-scaled-e1706543039202.jpg\" class=\"attachment-full size-full wp-image-76434\" alt=\"Fundici\u00f3n ECOFAB\" \/>\t\t\t\t\t\t\t\t\t\t\t\t\t\t\t<\/div>\n\t\t\t\t<\/div>\n\t\t\t\t\t<\/div>\n\t\t<\/div>\n\t\t\t\t<div class=\"elementor-column elementor-col-66 elementor-inner-column elementor-element elementor-element-0d9e8d5\" data-fullscreen-column-settings=\"{&quot;fullscreen&quot;:&quot;&quot;}\" data-id=\"0d9e8d5\" data-element_type=\"column\" data-e-type=\"column\">\n\t\t\t<div class=\"elementor-widget-wrap elementor-element-populated\">\n\t\t\t\t\t\t<div class=\"elementor-element elementor-element-eb7fb86 elementor-widget__width-initial elementor-widget elementor-widget-litho-heading\" data-id=\"eb7fb86\" data-element_type=\"widget\" data-e-type=\"widget\" data-widget_type=\"litho-heading.default\">\n\t\t\t\t<div class=\"elementor-widget-container\">\n\t\t\t\t\t<h3 class=\"litho-heading elementor-size-large\"><span class=\"litho-primary-title\">Fundici\u00f3n de hierro<\/span><\/h3>\t\t\t\t<\/div>\n\t\t\t\t<\/div>\n\t\t\t\t<div class=\"elementor-element elementor-element-4b504e4 elementor-widget elementor-widget-text-editor\" data-id=\"4b504e4\" data-element_type=\"widget\" data-e-type=\"widget\" data-widget_type=\"text-editor.default\">\n\t\t\t\t<div class=\"elementor-widget-container\">\n\t\t\t\t\t\t\t\t\t<p>ECOFAB forma parte del grupo FELINO S.A., en una perfecta sinergia entre innovaci\u00f3n y tradici\u00f3n en el arte de la fundici\u00f3n. En el coraz\u00f3n de su producci\u00f3n se encuentra la fundici\u00f3n, un sector en el que FELINO ha marcado su presencia con excelencia y calidad inigualable desde 1936. Esta asociaci\u00f3n estrat\u00e9gica permite a ECOFAB beneficiarse de la vasta experiencia y de los conocimientos t\u00e9cnicos acumulados por FELINO, transformando el hierro fundido en productos distintivos y de alta calidad. La fundici\u00f3n no es s\u00f3lo una parte del proceso de producci\u00f3n; es el coraz\u00f3n palpitante que impulsa toda la operaci\u00f3n de ECOFAB, garantizando que cada producto refleje los altos est\u00e1ndares de calidad e innovaci\u00f3n que caracterizan a FELINO.<\/p><p>En ECOFAB, cada pieza fundida es un testimonio de la herencia de FELINO de compromiso con la excelencia. La empresa est\u00e1 especializada en la transformaci\u00f3n de materias primas de primera calidad en productos finales de calidad superior aptos para diversas aplicaciones industriales. Este meticuloso proceso de fundici\u00f3n en ECOFAB garantiza que cada producto no s\u00f3lo satisface, sino que supera las expectativas del cliente en t\u00e9rminos de calidad, durabilidad y rendimiento.<\/p>\t\t\t\t\t\t\t\t<\/div>\n\t\t\t\t<\/div>\n\t\t\t\t\t<\/div>\n\t\t<\/div>\n\t\t\t\t\t<\/div>\n\t\t<\/section>\n\t\t\t\t\t<\/div>\n\t\t<\/div>\n\t\t\t\t\t<\/div>\n\t\t<\/section>\n\t\t\t\t<section class=\"elementor-section elementor-top-section elementor-element elementor-element-3d10e47 elementor-section-content-middle elementor-section-boxed elementor-section-height-default elementor-section-height-default\" data-id=\"3d10e47\" data-element_type=\"section\" data-e-type=\"section\" data-settings=\"{&quot;background_background&quot;:&quot;classic&quot;}\">\n\t\t\t\t\t\t<div class=\"elementor-container elementor-column-gap-default\">\n\t\t\t\t\t<div class=\"elementor-column elementor-col-100 elementor-top-column elementor-element elementor-element-c3f94f8\" data-fullscreen-column-settings=\"{&quot;fullscreen&quot;:&quot;&quot;}\" data-id=\"c3f94f8\" data-element_type=\"column\" data-e-type=\"column\">\n\t\t\t<div class=\"elementor-widget-wrap elementor-element-populated\">\n\t\t\t\t\t\t<div class=\"elementor-element elementor-element-65c5162 elementor-widget elementor-widget-litho-heading\" data-id=\"65c5162\" data-element_type=\"widget\" data-e-type=\"widget\" data-widget_type=\"litho-heading.default\">\n\t\t\t\t<div class=\"elementor-widget-container\">\n\t\t\t\t\t<h2 class=\"litho-heading elementor-size-large\"><span class=\"litho-primary-title\">Pellets: Combustible s\u00f3lido ecol\u00f3gico<\/span><\/h2>\t\t\t\t<\/div>\n\t\t\t\t<\/div>\n\t\t\t\t<div class=\"elementor-element elementor-element-bfaadd0 elementor-widget elementor-widget-text-editor\" data-id=\"bfaadd0\" data-element_type=\"widget\" data-e-type=\"widget\" data-widget_type=\"text-editor.default\">\n\t\t\t\t<div class=\"elementor-widget-container\">\n\t\t\t\t\t\t\t\t\t<p><strong>Los pellets son una opci\u00f3n ecol\u00f3gica para alimentar nuestras estufas.<\/strong> Fabricados a partir de serr\u00edn reciclado, representan una alternativa sostenible a los combustibles f\u00f3siles. <strong>Los pellets se queman de forma limpia y eficiente, lo que les permite generar menos emisiones y aprovechar al m\u00e1ximo la energ\u00eda renovable.<\/strong> Este enfoque le permite reducir tanto su impacto medioambiental como proporcionar una fuente de calor fiable y eficiente para su hogar.<\/p><p><strong>Al elegir una estufa de pellets ECOFAB, est\u00e1 optando por una soluci\u00f3n de calefacci\u00f3n que respeta el medio ambiente y promueve un futuro m\u00e1s sostenible.<\/strong> \u00danase a nosotros en este viaje hacia la sostenibilidad y descubra el calor ecoeficiente que nuestras estufas de pellets pueden aportar a su hogar.<\/p>\t\t\t\t\t\t\t\t<\/div>\n\t\t\t\t<\/div>\n\t\t\t\t<div class=\"elementor-element elementor-element-2967fa4 elementor-widget elementor-widget-litho-heading\" data-id=\"2967fa4\" data-element_type=\"widget\" data-e-type=\"widget\" data-widget_type=\"litho-heading.default\">\n\t\t\t\t<div class=\"elementor-widget-container\">\n\t\t\t\t\t<h3 class=\"litho-heading elementor-size-large\"><span class=\"litho-primary-title\">Ventajas del uso de pellets como soluci\u00f3n de calefacci\u00f3n:<\/span><\/h3>\t\t\t\t<\/div>\n\t\t\t\t<\/div>\n\t\t\t\t<div class=\"elementor-element elementor-element-69c7cee elementor-align-start elementor-icon-list--layout-traditional elementor-list-item-link-full_width elementor-invisible elementor-widget elementor-widget-icon-list\" data-id=\"69c7cee\" data-element_type=\"widget\" data-e-type=\"widget\" data-settings=\"{&quot;_animation&quot;:&quot;fadeIn&quot;}\" data-widget_type=\"icon-list.default\">\n\t\t\t\t<div class=\"elementor-widget-container\">\n\t\t\t\t\t\t\t<ul class=\"elementor-icon-list-items\">\n\t\t\t\t\t\t\t<li class=\"elementor-icon-list-item\">\n\t\t\t\t\t\t\t\t\t\t\t<span class=\"elementor-icon-list-icon\">\n\t\t\t\t\t\t\t<i aria-hidden=\"true\" class=\"fas fa-chevron-right\"><\/i>\t\t\t\t\t\t<\/span>\n\t\t\t\t\t\t\t\t\t\t<span class=\"elementor-icon-list-text\"><b>Renovable y sostenible: <\/b> Los pellets se producen a partir de residuos de madera, lo que los convierte en una fuente de energ\u00eda renovable que reduce el despilfarro de recursos;<\/span>\n\t\t\t\t\t\t\t\t\t<\/li>\n\t\t\t\t\t\t\t\t<li class=\"elementor-icon-list-item\">\n\t\t\t\t\t\t\t\t\t\t\t<span class=\"elementor-icon-list-icon\">\n\t\t\t\t\t\t\t<i aria-hidden=\"true\" class=\"fas fa-chevron-right\"><\/i>\t\t\t\t\t\t<\/span>\n\t\t\t\t\t\t\t\t\t\t<span class=\"elementor-icon-list-text\"><b>Alta eficiencia energ\u00e9tica: <\/b> En comparaci\u00f3n con otras fuentes de combustible, los pellets se queman de forma m\u00e1s eficiente, produciendo m\u00e1s calor con menos material;<\/span>\n\t\t\t\t\t\t\t\t\t<\/li>\n\t\t\t\t\t\t\t\t<li class=\"elementor-icon-list-item\">\n\t\t\t\t\t\t\t\t\t\t\t<span class=\"elementor-icon-list-icon\">\n\t\t\t\t\t\t\t<i aria-hidden=\"true\" class=\"fas fa-chevron-right\"><\/i>\t\t\t\t\t\t<\/span>\n\t\t\t\t\t\t\t\t\t\t<span class=\"elementor-icon-list-text\"><b>Baja emisi\u00f3n de contaminantes: <\/b> La combusti\u00f3n de pellets emite menos contaminantes que otras fuentes de combustible tradicionales, lo que se traduce en una menor huella ecol\u00f3gica;<\/span>\n\t\t\t\t\t\t\t\t\t<\/li>\n\t\t\t\t\t\t\t\t<li class=\"elementor-icon-list-item\">\n\t\t\t\t\t\t\t\t\t\t\t<span class=\"elementor-icon-list-icon\">\n\t\t\t\t\t\t\t<i aria-hidden=\"true\" class=\"fas fa-chevron-right\"><\/i>\t\t\t\t\t\t<\/span>\n\t\t\t\t\t\t\t\t\t\t<span class=\"elementor-icon-list-text\"><b>F\u00e1cil de guardar y utilizar: <\/b> Los pellets son compactos y f\u00e1ciles de almacenar, ocupan menos espacio que la le\u00f1a y son m\u00e1s f\u00e1ciles de manejar;<\/span>\n\t\t\t\t\t\t\t\t\t<\/li>\n\t\t\t\t\t\t\t\t<li class=\"elementor-icon-list-item\">\n\t\t\t\t\t\t\t\t\t\t\t<span class=\"elementor-icon-list-icon\">\n\t\t\t\t\t\t\t<i aria-hidden=\"true\" class=\"fas fa-chevron-right\"><\/i>\t\t\t\t\t\t<\/span>\n\t\t\t\t\t\t\t\t\t\t<span class=\"elementor-icon-list-text\"><b>Rentable: <\/b> Los pellets representan un coste inferior a largo plazo en comparaci\u00f3n con otras fuentes de combustible, para una calefacci\u00f3n eficiente a un coste menor;<\/span>\n\t\t\t\t\t\t\t\t\t<\/li>\n\t\t\t\t\t\t\t\t<li class=\"elementor-icon-list-item\">\n\t\t\t\t\t\t\t\t\t\t\t<span class=\"elementor-icon-list-icon\">\n\t\t\t\t\t\t\t<i aria-hidden=\"true\" class=\"fas fa-chevron-right\"><\/i>\t\t\t\t\t\t<\/span>\n\t\t\t\t\t\t\t\t\t\t<span class=\"elementor-icon-list-text\"><b>Consistencia en la calidad: <\/b> Los pellets tienen un est\u00e1ndar de calidad m\u00e1s uniforme que la le\u00f1a, lo que permite un rendimiento constante;<\/span>\n\t\t\t\t\t\t\t\t\t<\/li>\n\t\t\t\t\t\t\t\t<li class=\"elementor-icon-list-item\">\n\t\t\t\t\t\t\t\t\t\t\t<span class=\"elementor-icon-list-icon\">\n\t\t\t\t\t\t\t<i aria-hidden=\"true\" class=\"fas fa-chevron-right\"><\/i>\t\t\t\t\t\t<\/span>\n\t\t\t\t\t\t\t\t\t\t<span class=\"elementor-icon-list-text\"><b>Comodidad: <\/b> El uso de pellets elimina la necesidad de cortar, apilar y secar la le\u00f1a, lo que lo convierte en una soluci\u00f3n de calefacci\u00f3n m\u00e1s c\u00f3moda y sin complicaciones.<\/span>\n\t\t\t\t\t\t\t\t\t<\/li>\n\t\t\t\t\t\t<\/ul>\n\t\t\t\t\t\t<\/div>\n\t\t\t\t<\/div>\n\t\t\t\t\t<\/div>\n\t\t<\/div>\n\t\t\t\t\t<\/div>\n\t\t<\/section>\n\t\t\t\t<\/div>","protected":false},"excerpt":{"rendered":"<p>Sustentabilidade Ferro fundido e Pellets para um Mundo melhor. Compromisso com solu\u00e7\u00f5es de aquecimento eficientes e sustent\u00e1veis Na ECOFAB, valorizamos a integridade e a funcionalidade dos nossos produtos. O ferro fundido, material central Salamandras a Pellets e Lareiras de Exterior, \u00e9 escolhido pela sua durabilidade excepcional e garantia de um aquecimento confi\u00e1vel e duradouro. As [&hellip;]<\/p>\n","protected":false},"author":1,"featured_media":75483,"parent":0,"menu_order":0,"comment_status":"closed","ping_status":"closed","template":"","meta":{"footnotes":""},"class_list":["post-76407","page","type-page","status-publish","has-post-thumbnail","hentry"],"_links":{"self":[{"href":"https:\/\/ecofab.pt\/es\/wp-json\/wp\/v2\/pages\/76407","targetHints":{"allow":["GET"]}}],"collection":[{"href":"https:\/\/ecofab.pt\/es\/wp-json\/wp\/v2\/pages"}],"about":[{"href":"https:\/\/ecofab.pt\/es\/wp-json\/wp\/v2\/types\/page"}],"author":[{"embeddable":true,"href":"https:\/\/ecofab.pt\/es\/wp-json\/wp\/v2\/users\/1"}],"replies":[{"embeddable":true,"href":"https:\/\/ecofab.pt\/es\/wp-json\/wp\/v2\/comments?post=76407"}],"version-history":[{"count":91,"href":"https:\/\/ecofab.pt\/es\/wp-json\/wp\/v2\/pages\/76407\/revisions"}],"predecessor-version":[{"id":78412,"href":"https:\/\/ecofab.pt\/es\/wp-json\/wp\/v2\/pages\/76407\/revisions\/78412"}],"wp:featuredmedia":[{"embeddable":true,"href":"https:\/\/ecofab.pt\/es\/wp-json\/wp\/v2\/media\/75483"}],"wp:attachment":[{"href":"https:\/\/ecofab.pt\/es\/wp-json\/wp\/v2\/media?parent=76407"}],"curies":[{"name":"wp","href":"https:\/\/api.w.org\/{rel}","templated":true}]}}