{"id":76506,"date":"2024-01-31T15:55:33","date_gmt":"2024-01-31T15:55:33","guid":{"rendered":"https:\/\/ecofab.pt\/?page_id=76506"},"modified":"2024-02-25T21:50:58","modified_gmt":"2024-02-25T21:50:58","slug":"institucional","status":"publish","type":"page","link":"https:\/\/ecofab.pt\/es\/institucional\/","title":{"rendered":"Institucional"},"content":{"rendered":"<div data-elementor-type=\"wp-page\" data-elementor-id=\"76506\" class=\"elementor elementor-76506\" data-elementor-post-type=\"page\">\n\t\t\t\t\t\t<section class=\"elementor-section elementor-top-section elementor-element elementor-element-d2bfccd elementor-section-content-middle elementor-section-height-min-height elementor-section-items-bottom elementor-section-boxed elementor-section-height-default\" data-id=\"d2bfccd\" data-element_type=\"section\" data-e-type=\"section\" data-settings=\"{&quot;background_background&quot;:&quot;classic&quot;}\">\n\t\t\t\t\t\t\t<div class=\"elementor-background-overlay\"><\/div>\n\t\t\t\t\t\t\t<div class=\"elementor-container elementor-column-gap-default\">\n\t\t\t\t\t<div class=\"elementor-column elementor-col-100 elementor-top-column elementor-element elementor-element-1075e4c animated-slow elementor-invisible\" data-fullscreen-column-settings=\"{&quot;fullscreen&quot;:&quot;&quot;}\" data-id=\"1075e4c\" data-element_type=\"column\" data-e-type=\"column\" data-settings=\"{&quot;animation&quot;:&quot;fadeIn&quot;,&quot;animation_delay&quot;:100}\">\n\t\t\t<div class=\"elementor-widget-wrap elementor-element-populated\">\n\t\t\t\t\t\t<div class=\"elementor-element elementor-element-ad97762 elementor-widget-mobile__width-initial elementor-widget elementor-widget-litho-heading\" data-id=\"ad97762\" data-element_type=\"widget\" data-e-type=\"widget\" data-widget_type=\"litho-heading.default\">\n\t\t\t\t<div class=\"elementor-widget-container\">\n\t\t\t\t\t<h1 class=\"litho-heading elementor-size-xl\"><span class=\"litho-primary-title\">Institucional<\/span><\/h1>\t\t\t\t<\/div>\n\t\t\t\t<\/div>\n\t\t\t\t<div class=\"elementor-element elementor-element-edd024d elementor-widget-mobile__width-initial elementor-widget elementor-widget-litho-heading\" data-id=\"edd024d\" data-element_type=\"widget\" data-e-type=\"widget\" data-widget_type=\"litho-heading.default\">\n\t\t\t\t<div class=\"elementor-widget-container\">\n\t\t\t\t\t<h2 class=\"litho-heading elementor-size-large\"><span class=\"litho-primary-title\">Compromiso ECOFAB<\/span><\/h2>\t\t\t\t<\/div>\n\t\t\t\t<\/div>\n\t\t\t\t\t<\/div>\n\t\t<\/div>\n\t\t\t\t\t<\/div>\n\t\t<\/section>\n\t\t\t\t<section class=\"elementor-section elementor-top-section elementor-element elementor-element-e79bb6d elementor-section-boxed elementor-section-height-default elementor-section-height-default\" data-id=\"e79bb6d\" data-element_type=\"section\" data-e-type=\"section\">\n\t\t\t\t\t\t<div class=\"elementor-container elementor-column-gap-default\">\n\t\t\t\t\t<div class=\"elementor-column elementor-col-50 elementor-top-column elementor-element elementor-element-6341872\" data-fullscreen-column-settings=\"{&quot;fullscreen&quot;:&quot;&quot;}\" data-id=\"6341872\" data-element_type=\"column\" data-e-type=\"column\">\n\t\t\t<div class=\"elementor-widget-wrap elementor-element-populated\">\n\t\t\t\t\t\t<div class=\"elementor-element elementor-element-5eeef1a elementor-widget elementor-widget-litho-heading\" data-id=\"5eeef1a\" data-element_type=\"widget\" data-e-type=\"widget\" data-widget_type=\"litho-heading.default\">\n\t\t\t\t<div class=\"elementor-widget-container\">\n\t\t\t\t\t<h3 class=\"litho-heading elementor-size-large\"><span class=\"litho-primary-title\">Nuestro patrimonio<\/span><\/h3>\t\t\t\t<\/div>\n\t\t\t\t<\/div>\n\t\t\t\t<div class=\"elementor-element elementor-element-ac1c812 elementor-widget elementor-widget-text-editor\" data-id=\"ac1c812\" data-element_type=\"widget\" data-e-type=\"widget\" data-widget_type=\"text-editor.default\">\n\t\t\t\t<div class=\"elementor-widget-container\">\n\t\t\t\t\t\t\t\t\t<p>ECOFAB naci\u00f3 de <span style=\"text-decoration: underline;\"><span style=\"color: #000000;\"><a style=\"color: #000000; text-decoration: underline;\" href=\"https:\/\/www.felino.pt\/\" target=\"_blank\" rel=\"noopener nofollow\">FELINO SA <\/a><\/span><\/span>con el objetivo de compartir los conocimientos y la experiencia acumulados a lo largo de m\u00e1s de 80 a\u00f1os de actividad industrial con un mercado notoriamente dom\u00e9stico. Hemos heredado un proceso de producci\u00f3n que abarca todas las etapas, desde la concepci\u00f3n y el dise\u00f1o hasta el producto final. De este modo, podemos mantener los est\u00e1ndares de calidad en cada etapa y garantizar a nuestros clientes un excelente resultado final.<\/p>\t\t\t\t\t\t\t\t<\/div>\n\t\t\t\t<\/div>\n\t\t\t\t<div class=\"elementor-element elementor-element-bdd8dee elementor-widget elementor-widget-text-editor\" data-id=\"bdd8dee\" data-element_type=\"widget\" data-e-type=\"widget\" data-widget_type=\"text-editor.default\">\n\t\t\t\t<div class=\"elementor-widget-container\">\n\t\t\t\t\t\t\t\t\t<p><strong>Creamos piezas de dise\u00f1o que transforman su hogar en el entorno perfecto para sentir y disfrutar de las emociones humanas.<\/strong><\/p>\t\t\t\t\t\t\t\t<\/div>\n\t\t\t\t<\/div>\n\t\t\t\t\t<\/div>\n\t\t<\/div>\n\t\t\t\t<div class=\"elementor-column elementor-col-50 elementor-top-column elementor-element elementor-element-87dd73d\" data-fullscreen-column-settings=\"{&quot;fullscreen&quot;:&quot;&quot;}\" data-id=\"87dd73d\" data-element_type=\"column\" data-e-type=\"column\">\n\t\t\t<div class=\"elementor-widget-wrap elementor-element-populated\">\n\t\t\t\t\t\t<div class=\"elementor-element elementor-element-d31d338 elementor-widget elementor-widget-image\" data-id=\"d31d338\" data-element_type=\"widget\" data-e-type=\"widget\" data-widget_type=\"image.default\">\n\t\t\t\t<div class=\"elementor-widget-container\">\n\t\t\t\t\t\t\t\t\t\t\t\t\t\t\t<img fetchpriority=\"high\" decoding=\"async\" width=\"1024\" height=\"1024\" src=\"https:\/\/ecofab.pt\/wp-content\/uploads\/2024\/01\/217932708_263644982188632_8214980433558674440_n-e1706722992296-1024x1024.jpg\" class=\"attachment-large size-large wp-image-76663\" alt=\"ECOFAB, soluciones de calefacci\u00f3n, estufas de pellets, estufas de pellets, hierro fundido\" srcset=\"https:\/\/ecofab.pt\/wp-content\/uploads\/2024\/01\/217932708_263644982188632_8214980433558674440_n-e1706722992296-1024x1024.jpg 1024w, https:\/\/ecofab.pt\/wp-content\/uploads\/2024\/01\/217932708_263644982188632_8214980433558674440_n-e1706722992296-300x300.jpg 300w, https:\/\/ecofab.pt\/wp-content\/uploads\/2024\/01\/217932708_263644982188632_8214980433558674440_n-e1706722992296-150x150.jpg 150w, https:\/\/ecofab.pt\/wp-content\/uploads\/2024\/01\/217932708_263644982188632_8214980433558674440_n-e1706722992296-768x768.jpg 768w, https:\/\/ecofab.pt\/wp-content\/uploads\/2024\/01\/217932708_263644982188632_8214980433558674440_n-e1706722992296-200x200.jpg 200w, https:\/\/ecofab.pt\/wp-content\/uploads\/2024\/01\/217932708_263644982188632_8214980433558674440_n-e1706722992296.jpg 1080w\" sizes=\"(max-width: 1024px) 100vw, 1024px\" \/>\t\t\t\t\t\t\t\t\t\t\t\t\t\t\t<\/div>\n\t\t\t\t<\/div>\n\t\t\t\t\t<\/div>\n\t\t<\/div>\n\t\t\t\t\t<\/div>\n\t\t<\/section>\n\t\t\t\t<section class=\"elementor-section elementor-top-section elementor-element elementor-element-af498cf elementor-section-boxed elementor-section-height-default elementor-section-height-default\" data-id=\"af498cf\" data-element_type=\"section\" data-e-type=\"section\">\n\t\t\t\t\t\t<div class=\"elementor-container elementor-column-gap-default\">\n\t\t\t\t\t<div class=\"elementor-column elementor-col-50 elementor-top-column elementor-element elementor-element-d8ae589\" data-fullscreen-column-settings=\"{&quot;fullscreen&quot;:&quot;&quot;}\" data-id=\"d8ae589\" data-element_type=\"column\" data-e-type=\"column\">\n\t\t\t<div class=\"elementor-widget-wrap elementor-element-populated\">\n\t\t\t\t\t\t<div class=\"elementor-element elementor-element-fceaa93 elementor-widget__width-initial elementor-widget elementor-widget-image\" data-id=\"fceaa93\" data-element_type=\"widget\" data-e-type=\"widget\" data-widget_type=\"image.default\">\n\t\t\t\t<div class=\"elementor-widget-container\">\n\t\t\t\t\t\t\t\t\t\t\t\t\t\t\t<img decoding=\"async\" width=\"819\" height=\"1024\" src=\"https:\/\/ecofab.pt\/wp-content\/uploads\/2024\/01\/ECOFAB-engenharia-819x1024.jpg\" class=\"attachment-large size-large wp-image-76661\" alt=\"ECOFAB, ingenier\u00eda\" srcset=\"https:\/\/ecofab.pt\/wp-content\/uploads\/2024\/01\/ECOFAB-engenharia-819x1024.jpg 819w, https:\/\/ecofab.pt\/wp-content\/uploads\/2024\/01\/ECOFAB-engenharia-240x300.jpg 240w, https:\/\/ecofab.pt\/wp-content\/uploads\/2024\/01\/ECOFAB-engenharia-768x960.jpg 768w, https:\/\/ecofab.pt\/wp-content\/uploads\/2024\/01\/ECOFAB-engenharia-1229x1536.jpg 1229w, https:\/\/ecofab.pt\/wp-content\/uploads\/2024\/01\/ECOFAB-engenharia-200x250.jpg 200w, https:\/\/ecofab.pt\/wp-content\/uploads\/2024\/01\/ECOFAB-engenharia.jpg 1440w\" sizes=\"(max-width: 819px) 100vw, 819px\" \/>\t\t\t\t\t\t\t\t\t\t\t\t\t\t\t<\/div>\n\t\t\t\t<\/div>\n\t\t\t\t\t<\/div>\n\t\t<\/div>\n\t\t\t\t<div class=\"elementor-column elementor-col-50 elementor-top-column elementor-element elementor-element-d64ef52\" data-fullscreen-column-settings=\"{&quot;fullscreen&quot;:&quot;&quot;}\" data-id=\"d64ef52\" data-element_type=\"column\" data-e-type=\"column\">\n\t\t\t<div class=\"elementor-widget-wrap elementor-element-populated\">\n\t\t\t\t\t\t<div class=\"elementor-element elementor-element-1ab7993 elementor-widget elementor-widget-litho-heading\" data-id=\"1ab7993\" data-element_type=\"widget\" data-e-type=\"widget\" data-widget_type=\"litho-heading.default\">\n\t\t\t\t<div class=\"elementor-widget-container\">\n\t\t\t\t\t<h3 class=\"litho-heading elementor-size-large\"><span class=\"litho-primary-title\">Excelencia en ingenier\u00eda<\/span><\/h3>\t\t\t\t<\/div>\n\t\t\t\t<\/div>\n\t\t\t\t<div class=\"elementor-element elementor-element-4e72ead elementor-widget elementor-widget-text-editor\" data-id=\"4e72ead\" data-element_type=\"widget\" data-e-type=\"widget\" data-widget_type=\"text-editor.default\">\n\t\t\t\t<div class=\"elementor-widget-container\">\n\t\t\t\t\t\t\t\t\t<p>Empezamos con metal al final de su vida \u00fatil y terminamos con m\u00e1quinas y equipos de la m\u00e1xima calidad y rendimiento. Con un equipo de proyecto equipado con las mejores herramientas, incluida la creaci\u00f3n r\u00e1pida de prototipos, que utiliza las m\u00e1quinas m\u00e1s avanzadas para producir y controlar los componentes, todo ello enmarcado en un equipo joven y altamente formado y un grupo de personas muy motivadas dedicadas a ofrecerle los productos m\u00e1s eficaces y duraderos.<\/p>\t\t\t\t\t\t\t\t<\/div>\n\t\t\t\t<\/div>\n\t\t\t\t<div class=\"elementor-element elementor-element-585d861 elementor-widget elementor-widget-litho-heading\" data-id=\"585d861\" data-element_type=\"widget\" data-e-type=\"widget\" data-widget_type=\"litho-heading.default\">\n\t\t\t\t<div class=\"elementor-widget-container\">\n\t\t\t\t\t<h3 class=\"litho-heading elementor-size-large\"><span class=\"litho-primary-title\">Calidad certificada<\/span><\/h3>\t\t\t\t<\/div>\n\t\t\t\t<\/div>\n\t\t\t\t<div class=\"elementor-element elementor-element-6d4c3da elementor-widget elementor-widget-text-editor\" data-id=\"6d4c3da\" data-element_type=\"widget\" data-e-type=\"widget\" data-widget_type=\"text-editor.default\">\n\t\t\t\t<div class=\"elementor-widget-container\">\n\t\t\t\t\t\t\t\t\t<p>La certificaci\u00f3n de calidad es el soporte integral de toda nuestra experiencia tecnol\u00f3gica y cient\u00edfica. La mejora continua y la pr\u00e1ctica de pol\u00edticas sostenibles son las bases para satisfacer a nuestros clientes en todas las soluciones que ofrecemos.<\/p>\t\t\t\t\t\t\t\t<\/div>\n\t\t\t\t<\/div>\n\t\t\t\t\t<\/div>\n\t\t<\/div>\n\t\t\t\t\t<\/div>\n\t\t<\/section>\n\t\t\t\t<section class=\"elementor-section elementor-top-section elementor-element elementor-element-c79436e elementor-section-content-middle elementor-section-boxed elementor-section-height-default elementor-section-height-default\" data-id=\"c79436e\" data-element_type=\"section\" data-e-type=\"section\" data-settings=\"{&quot;background_background&quot;:&quot;classic&quot;}\">\n\t\t\t\t\t\t<div class=\"elementor-container elementor-column-gap-default\">\n\t\t\t\t\t<div class=\"elementor-column elementor-col-100 elementor-top-column elementor-element elementor-element-27d7192\" data-fullscreen-column-settings=\"{&quot;fullscreen&quot;:&quot;&quot;}\" data-id=\"27d7192\" data-element_type=\"column\" data-e-type=\"column\">\n\t\t\t<div class=\"elementor-widget-wrap elementor-element-populated\">\n\t\t\t\t\t\t<div class=\"elementor-element elementor-element-35b3147 elementor-widget-mobile__width-initial elementor-widget elementor-widget-litho-heading\" data-id=\"35b3147\" data-element_type=\"widget\" data-e-type=\"widget\" data-widget_type=\"litho-heading.default\">\n\t\t\t\t<div class=\"elementor-widget-container\">\n\t\t\t\t\t<h2 class=\"litho-heading elementor-size-medium\"><span class=\"litho-primary-title\">PATRIMONIO CULTURAL, ECOLOG\u00cdA Y EXPERIENCIAS HUMANAS.<\/span><\/h2>\t\t\t\t<\/div>\n\t\t\t\t<\/div>\n\t\t\t\t<div class=\"elementor-element elementor-element-a1bf7ef elementor-widget elementor-widget-text-editor\" data-id=\"a1bf7ef\" data-element_type=\"widget\" data-e-type=\"widget\" data-widget_type=\"text-editor.default\">\n\t\t\t\t<div class=\"elementor-widget-container\">\n\t\t\t\t\t\t\t\t\t<div class=\"text\"><strong>ECOFAB es una empresa joven y din\u00e1mica, fundada en 2013 con el objetivo de crear productos para uso dom\u00e9stico. Respaldada por la capacidad t\u00e9cnica y la experiencia de una empresa que lleva m\u00e1s de 80 a\u00f1os en los mercados nacional e internacional de la construcci\u00f3n de maquinaria, la fundici\u00f3n y la construcci\u00f3n mec\u00e1nica, ECOFAB ofrece tecnolog\u00eda innovadora con una calidad excepcional.<\/strong><\/div><div>\u00a0<\/div><div class=\"text\">La rentabilidad de nuestro negocio se basa en la mejora continua de nuestros productos y nuestro compromiso con el desarrollo sostenible.<br \/>Queremos contribuir al bienestar de las personas y salvar el medio ambiente para las generaciones futuras.<\/div><div class=\"text\">Somos concienzudos en la selecci\u00f3n de las materias primas y exigentes en la elecci\u00f3n de los materiales utilizados. Es mediante el desarrollo de productos y la experimentaci\u00f3n constante como adquirimos la confianza necesaria para lanzar nuestros productos.<\/div>\t\t\t\t\t\t\t\t<\/div>\n\t\t\t\t<\/div>\n\t\t\t\t<div class=\"elementor-element elementor-element-9e583ca elementor-widget elementor-widget-text-editor\" data-id=\"9e583ca\" data-element_type=\"widget\" data-e-type=\"widget\" data-widget_type=\"text-editor.default\">\n\t\t\t\t<div class=\"elementor-widget-container\">\n\t\t\t\t\t\t\t\t\t<p><strong><span style=\"color: #008000;\">Hemos adoptado una estrategia de econom\u00eda circular para hacer del mundo un lugar mejor. Combinamos el hierro, la principal materia prima utilizada para construir nuestras estufas, con pellets, un material reciclado, sostenible y de alto rendimiento.<\/span><\/strong><\/p>\t\t\t\t\t\t\t\t<\/div>\n\t\t\t\t<\/div>\n\t\t\t\t<div class=\"elementor-element elementor-element-369f136 elementor-widget elementor-widget-text-editor\" data-id=\"369f136\" data-element_type=\"widget\" data-e-type=\"widget\" data-widget_type=\"text-editor.default\">\n\t\t\t\t<div class=\"elementor-widget-container\">\n\t\t\t\t\t\t\t\t\t<div class=\"text\"><strong>En ECOFAB, entendemos que una estufa de pellets es mucho m\u00e1s que una fuente de calor. Es el coraz\u00f3n del hogar, un lugar de encuentro que re\u00fane a familiares y amigos y da forma a la atm\u00f3sfera de la habitaci\u00f3n y de nuestras vidas. Nuestras estufas est\u00e1n dise\u00f1adas no s\u00f3lo para calentar, sino para transformar su hogar en el ambiente perfecto para sentir y disfrutar de las emociones humanas.<\/strong><\/div><div>\u00a0<\/div><div class=\"text\">Combinamos tecnolog\u00eda punta y dise\u00f1o personalizado para crear soluciones de calefacci\u00f3n \u00fanicas, atractivas y funcionales, al tiempo que integramos funciones avanzadas para que la experiencia del usuario sea a\u00fan m\u00e1s sencilla y eficiente.\u00a0<\/div>\t\t\t\t\t\t\t\t<\/div>\n\t\t\t\t<\/div>\n\t\t\t\t\t<\/div>\n\t\t<\/div>\n\t\t\t\t\t<\/div>\n\t\t<\/section>\n\t\t\t\t<section class=\"elementor-section elementor-top-section elementor-element elementor-element-d1ba3ec elementor-section-boxed elementor-section-height-default elementor-section-height-default\" data-id=\"d1ba3ec\" data-element_type=\"section\" data-e-type=\"section\" data-settings=\"{&quot;background_background&quot;:&quot;classic&quot;}\">\n\t\t\t\t\t\t<div class=\"elementor-container elementor-column-gap-default\">\n\t\t\t\t\t<div class=\"elementor-column elementor-col-100 elementor-top-column elementor-element elementor-element-1415573\" data-fullscreen-column-settings=\"{&quot;fullscreen&quot;:&quot;&quot;}\" data-id=\"1415573\" data-element_type=\"column\" data-e-type=\"column\" data-settings=\"{&quot;background_background&quot;:&quot;classic&quot;}\">\n\t\t\t<div class=\"elementor-widget-wrap elementor-element-populated\">\n\t\t\t\t\t\t<section class=\"elementor-section elementor-inner-section elementor-element elementor-element-bc4db36 elementor-section-boxed elementor-section-height-default elementor-section-height-default elementor-invisible\" data-id=\"bc4db36\" data-element_type=\"section\" data-e-type=\"section\" data-settings=\"{&quot;background_background&quot;:&quot;classic&quot;,&quot;animation&quot;:&quot;fadeIn&quot;}\">\n\t\t\t\t\t\t<div class=\"elementor-container elementor-column-gap-default\">\n\t\t\t\t\t<div class=\"elementor-column elementor-col-33 elementor-inner-column elementor-element elementor-element-d1f8555\" data-fullscreen-column-settings=\"{&quot;fullscreen&quot;:&quot;&quot;}\" data-id=\"d1f8555\" data-element_type=\"column\" data-e-type=\"column\">\n\t\t\t<div class=\"elementor-widget-wrap elementor-element-populated\">\n\t\t\t\t\t\t<div class=\"elementor-element elementor-element-39ccf84 elementor-widget elementor-widget-image\" data-id=\"39ccf84\" data-element_type=\"widget\" data-e-type=\"widget\" data-settings=\"{&quot;_animation&quot;:&quot;none&quot;}\" data-widget_type=\"image.default\">\n\t\t\t\t<div class=\"elementor-widget-container\">\n\t\t\t\t\t\t\t\t\t\t\t\t\t\t\t<img decoding=\"async\" width=\"278\" height=\"282\" src=\"https:\/\/ecofab.pt\/wp-content\/uploads\/2024\/01\/ecodesign.jpg\" class=\"attachment-large size-large wp-image-75911\" alt=\"ECODISE\u00d1O, etiqueta de ecodise\u00f1o, Ecofab\" srcset=\"https:\/\/ecofab.pt\/wp-content\/uploads\/2024\/01\/ecodesign.jpg 278w, https:\/\/ecofab.pt\/wp-content\/uploads\/2024\/01\/ecodesign-100x100.jpg 100w, https:\/\/ecofab.pt\/wp-content\/uploads\/2024\/01\/ecodesign-200x203.jpg 200w\" sizes=\"(max-width: 278px) 100vw, 278px\" \/>\t\t\t\t\t\t\t\t\t\t\t\t\t\t\t<\/div>\n\t\t\t\t<\/div>\n\t\t\t\t\t<\/div>\n\t\t<\/div>\n\t\t\t\t<div class=\"elementor-column elementor-col-66 elementor-inner-column elementor-element elementor-element-95a3cbc\" data-fullscreen-column-settings=\"{&quot;fullscreen&quot;:&quot;&quot;}\" data-id=\"95a3cbc\" data-element_type=\"column\" data-e-type=\"column\" data-settings=\"{&quot;background_background&quot;:&quot;classic&quot;}\">\n\t\t\t<div class=\"elementor-widget-wrap elementor-element-populated\">\n\t\t\t\t\t\t<div class=\"elementor-element elementor-element-4596a3c elementor-widget elementor-widget-litho-heading\" data-id=\"4596a3c\" data-element_type=\"widget\" data-e-type=\"widget\" data-widget_type=\"litho-heading.default\">\n\t\t\t\t<div class=\"elementor-widget-container\">\n\t\t\t\t\t<h3 class=\"litho-heading elementor-size-large\"><span class=\"litho-primary-title\">Cumplimiento de directivas y normas internacionales<\/span><\/h3>\t\t\t\t<\/div>\n\t\t\t\t<\/div>\n\t\t\t\t<div class=\"elementor-element elementor-element-531ff5b elementor-widget elementor-widget-text-editor\" data-id=\"531ff5b\" data-element_type=\"widget\" data-e-type=\"widget\" data-widget_type=\"text-editor.default\">\n\t\t\t\t<div class=\"elementor-widget-container\">\n\t\t\t\t\t\t\t\t\t<p>Nos comprometemos a ofrecer productos que cumplan las normas internacionales de seguridad y calidad. Mediante la realizaci\u00f3n de rigurosas pruebas en el CATIM - Centro de Apoyo Tecnol\u00f3gico a la Industria Metal\u00fargica, garantizamos que nuestras estufas de pellets cumplen las directrices europeas m\u00e1s exigentes, como la certificaci\u00f3n ECODESIGN, una iniciativa europea para reducir las emisiones procedentes de la combusti\u00f3n.<\/p>\t\t\t\t\t\t\t\t<\/div>\n\t\t\t\t<\/div>\n\t\t\t\t\t<\/div>\n\t\t<\/div>\n\t\t\t\t\t<\/div>\n\t\t<\/section>\n\t\t\t\t\t<\/div>\n\t\t<\/div>\n\t\t\t\t\t<\/div>\n\t\t<\/section>\n\t\t\t\t<\/div>","protected":false},"excerpt":{"rendered":"<p>Institucional Compromisso ECOFAB A nossa Heran\u00e7a A ECOFAB nasce da FELINO SA com o prop\u00f3sito de partilhar o conhecimento e saber acumulados ao longo de mais de 80 anos de actividade industrial a um mercado notoriamente dom\u00e9stico. Herdamos um processo produtivo que engloba todas as fases desde a concep\u00e7\u00e3o e design at\u00e9 ao produto final. [&hellip;]<\/p>\n","protected":false},"author":1,"featured_media":75483,"parent":0,"menu_order":0,"comment_status":"closed","ping_status":"closed","template":"","meta":{"footnotes":""},"class_list":["post-76506","page","type-page","status-publish","has-post-thumbnail","hentry"],"_links":{"self":[{"href":"https:\/\/ecofab.pt\/es\/wp-json\/wp\/v2\/pages\/76506","targetHints":{"allow":["GET"]}}],"collection":[{"href":"https:\/\/ecofab.pt\/es\/wp-json\/wp\/v2\/pages"}],"about":[{"href":"https:\/\/ecofab.pt\/es\/wp-json\/wp\/v2\/types\/page"}],"author":[{"embeddable":true,"href":"https:\/\/ecofab.pt\/es\/wp-json\/wp\/v2\/users\/1"}],"replies":[{"embeddable":true,"href":"https:\/\/ecofab.pt\/es\/wp-json\/wp\/v2\/comments?post=76506"}],"version-history":[{"count":80,"href":"https:\/\/ecofab.pt\/es\/wp-json\/wp\/v2\/pages\/76506\/revisions"}],"predecessor-version":[{"id":77658,"href":"https:\/\/ecofab.pt\/es\/wp-json\/wp\/v2\/pages\/76506\/revisions\/77658"}],"wp:featuredmedia":[{"embeddable":true,"href":"https:\/\/ecofab.pt\/es\/wp-json\/wp\/v2\/media\/75483"}],"wp:attachment":[{"href":"https:\/\/ecofab.pt\/es\/wp-json\/wp\/v2\/media?parent=76506"}],"curies":[{"name":"wp","href":"https:\/\/api.w.org\/{rel}","templated":true}]}}