{"id":76863,"date":"2024-02-04T00:30:45","date_gmt":"2024-02-04T00:30:45","guid":{"rendered":"https:\/\/ecofab.pt\/?page_id=76863"},"modified":"2024-02-25T22:40:34","modified_gmt":"2024-02-25T22:40:34","slug":"politica-de-privacidad","status":"publish","type":"page","link":"https:\/\/ecofab.pt\/es\/politica-de-privacidad\/","title":{"rendered":"Pol\u00edtica de privacidad"},"content":{"rendered":"<div data-elementor-type=\"wp-page\" data-elementor-id=\"76863\" class=\"elementor elementor-76863\" data-elementor-post-type=\"page\">\n\t\t\t\t\t\t<section class=\"elementor-section elementor-top-section elementor-element elementor-element-43bef0c elementor-section-content-middle elementor-section-boxed elementor-section-height-default elementor-section-height-default\" data-id=\"43bef0c\" data-element_type=\"section\" data-e-type=\"section\" data-settings=\"{&quot;background_background&quot;:&quot;classic&quot;}\">\n\t\t\t\t\t\t<div class=\"elementor-container elementor-column-gap-default\">\n\t\t\t\t\t<div class=\"elementor-column elementor-col-100 elementor-top-column elementor-element elementor-element-9c022a4\" data-fullscreen-column-settings=\"{&quot;fullscreen&quot;:&quot;&quot;}\" data-id=\"9c022a4\" data-element_type=\"column\" data-e-type=\"column\">\n\t\t\t<div class=\"elementor-widget-wrap elementor-element-populated\">\n\t\t\t\t\t\t<div class=\"elementor-element elementor-element-be5b7df elementor-widget-mobile__width-initial elementor-widget elementor-widget-litho-heading\" data-id=\"be5b7df\" data-element_type=\"widget\" data-e-type=\"widget\" data-widget_type=\"litho-heading.default\">\n\t\t\t\t<div class=\"elementor-widget-container\">\n\t\t\t\t\t<h3 class=\"litho-heading elementor-size-large\"><span class=\"litho-primary-title\">Pol\u00edtica de privacidad<\/span><\/h3>\t\t\t\t<\/div>\n\t\t\t\t<\/div>\n\t\t\t\t<div class=\"elementor-element elementor-element-85af556 elementor-widget elementor-widget-text-editor\" data-id=\"85af556\" data-element_type=\"widget\" data-e-type=\"widget\" data-widget_type=\"text-editor.default\">\n\t\t\t\t<div class=\"elementor-widget-container\">\n\t\t\t\t\t\t\t\t\t<p><strong>El uso y acceso a la p\u00e1gina web de ECOFAB est\u00e1 sujeto a la legislaci\u00f3n vigente y al siguiente conjunto de normas. Su uso implica, por tanto, la aceptaci\u00f3n de las presentes condiciones.<\/strong><\/p>\t\t\t\t\t\t\t\t<\/div>\n\t\t\t\t<\/div>\n\t\t\t\t<div class=\"elementor-element elementor-element-426def8 elementor-widget elementor-widget-text-editor\" data-id=\"426def8\" data-element_type=\"widget\" data-e-type=\"widget\" data-widget_type=\"text-editor.default\">\n\t\t\t\t<div class=\"elementor-widget-container\">\n\t\t\t\t\t\t\t\t\t<p>1. Los usuarios que introduzcan sus datos de cualquier forma en el Sitio Web de ECOFAB autorizan libre y voluntariamente a ECOFAB a incorporar esta informaci\u00f3n a su base de datos y a utilizarla de acuerdo con los principios de la Pol\u00edtica de Uso correspondiente.<br \/>2. ECOFAB se compromete a no ceder nunca a terceros la informaci\u00f3n recogida. A excepci\u00f3n de cualquier uso abusivo por parte de terceros que tengan acceso ileg\u00edtimo a la misma.<br \/>3. El usuario que voluntariamente introduzca sus datos en cualquier formulario de la web de ECOFAB autoriza a ECOFAB a remitirle informaci\u00f3n que considere de su inter\u00e9s por cualquiera de los medios disponibles para ello (correo postal, fax, tel\u00e9fono, correo electr\u00f3nico, etc.).<br \/>4. ECOFAB garantiza a todos los Usuarios el acceso a todos los ficheros que contengan sus datos para que puedan modificar o eliminar la informaci\u00f3n previamente facilitada.<br \/>5. ECOFAB tiene su domicilio social en Ermesinde (Portugal), por lo que cualquier tipo de acci\u00f3n legal que se emprenda contra ella deber\u00e1 ser presentada ante un tribunal de este distrito y de conformidad con la legislaci\u00f3n portuguesa, independientemente del lugar de acceso del Usuario.<br \/>6. Quedan reservados todos los derechos sobre la documentaci\u00f3n contenida en el sitio web de ECOFAB. Queda expresamente prohibida su utilizaci\u00f3n, reproducci\u00f3n, copia, redifusi\u00f3n total o parcial, cualquiera que sea su finalidad y el soporte o soportes utilizados, sin la autorizaci\u00f3n previa y por escrito de ECOFAB.<br \/>7. El copyright de la informaci\u00f3n y herramientas contenidas en la web de ECOFAB es de su propiedad o est\u00e1 licenciado para su uso. En ning\u00fan caso el acceso a esta informaci\u00f3n implica autorizaci\u00f3n para su reproducci\u00f3n y\/o distribuci\u00f3n sin el previo consentimiento por escrito de ECOFAB.<br \/>8. Los datos, informaciones, textos, gr\u00e1ficos o v\u00ednculos se recogen a efectos meramente informativos, no siendo ECOFAB responsable de su exhaustividad, exhaustividad o exactitud. ECOFAB no asume responsabilidad alguna por los errores o discrepancias que pudiesen existir entre su versi\u00f3n electr\u00f3nica y su versi\u00f3n escrita.<br \/>9. ECOFAB no ser\u00e1 responsable de ning\u00fan da\u00f1o, directo o indirecto, derivado del uso de la informaci\u00f3n contenida en su sitio web.<br \/>10. La informaci\u00f3n disponible en el sitio web de ECOFAB es totalmente gratuita para sus Usuarios y el mero acceso al mismo no supone entablar ning\u00fan tipo de relaci\u00f3n de car\u00e1cter comercial o profesional entre los Usuarios y ECOFAB.<br \/>11. Los enlaces (Links) e hipertexto que posibiliten, a trav\u00e9s del sitio web de ECOFAB, acceder al Usuario a prestaciones y servicios ofrecidos por otras entidades, no pertenecen ni se encuentran bajo el control de ECOFAB, por lo que no se hace responsable ni de la informaci\u00f3n contenida en los mismos ni de cualesquiera relaciones contractuales que pudieran derivarse entre las partes. Tampoco suponen patrocinio alguno por parte de ECOFAB.<br \/>12. La informaci\u00f3n profesional disponible en el sitio web de ECOFAB se publica con el \u00fanico objetivo de dar a conocer sus \u00e1reas de intervenci\u00f3n y metodolog\u00edas, permitiendo al Usuario conocer concretamente su potencial y los beneficios que puede aportar a su empresa. En ning\u00fan caso la informaci\u00f3n facilitada debe ser considerada o utilizada como sustitutiva de asesoramiento t\u00e9cnico profesional. Por ello, antes de tomar cualquier decisi\u00f3n u optar por cualquier actuaci\u00f3n, deber\u00e1 ponerse en contacto con ECOFAB, que estudiar\u00e1 con detalle sus especiales caracter\u00edsticas.<br \/>13. ECOFAB se reserva la facultad de efectuar, en cualquier momento y sin previo aviso, modificaciones de la informaci\u00f3n contenida en su web o en la configuraci\u00f3n y presentaci\u00f3n de \u00e9ste.<br \/>14. ECOFAB no asume, m\u00e1s all\u00e1 de su buena fe, ning\u00fan tipo de compromiso en relaci\u00f3n con la actualizaci\u00f3n de la informaci\u00f3n y servicios contenidos en su p\u00e1gina web.<br \/>15. Debido a la naturaleza abierta de Internet, los Usuarios pueden enviar cualquier tipo de informaci\u00f3n a ECOFAB siempre que lo deseen. En ning\u00fan caso deber\u00e1n enviar informaci\u00f3n confidencial, reservada o que no sea de su propiedad. La informaci\u00f3n enviada libremente a ECOFAB podr\u00e1 ser utilizada sin notificaci\u00f3n previa a su autor y de la forma que se estime conveniente.<br \/>16. Todas las marcas y nombres de productos utilizados en el sitio web de ECOFAB son propiedad, marcas comerciales o marcas registradas de sus respectivas empresas.<\/p>\t\t\t\t\t\t\t\t<\/div>\n\t\t\t\t<\/div>\n\t\t\t\t<div class=\"elementor-element elementor-element-b03692c elementor-widget-mobile__width-initial elementor-widget elementor-widget-litho-heading\" data-id=\"b03692c\" data-element_type=\"widget\" data-e-type=\"widget\" data-widget_type=\"litho-heading.default\">\n\t\t\t\t<div class=\"elementor-widget-container\">\n\t\t\t\t\t<h3 class=\"litho-heading elementor-size-large\"><span class=\"litho-primary-title\">Pol\u00edtica de uso<\/span><\/h3>\t\t\t\t<\/div>\n\t\t\t\t<\/div>\n\t\t\t\t<div class=\"elementor-element elementor-element-0cbc5bc elementor-widget elementor-widget-text-editor\" data-id=\"0cbc5bc\" data-element_type=\"widget\" data-e-type=\"widget\" data-widget_type=\"text-editor.default\">\n\t\t\t\t<div class=\"elementor-widget-container\">\n\t\t\t\t\t\t\t\t\t<p>El sitio web de ECOFAB tiene por objeto facilitar el conocimiento de la empresa, sus valores fundamentales y los servicios que presta. La recogida de datos personales se ha convertido en un elemento habitual en las estrategias de las empresas presentes en Internet. Por este motivo, muchos Usuarios se muestran reticentes cuando se les solicitan sus datos personales o profesionales sin conocer los fines para los que se recogen. Para contrarrestar esta situaci\u00f3n, ECOFAB ha elaborado una \"Pol\u00edtica de uso\" que aclara cuatro cuestiones esenciales para todos los usuarios de su sitio web:<\/p><ul><li>\u00bfC\u00f3mo se recoge la informaci\u00f3n?<\/li><li>\u00bfQu\u00e9 informaci\u00f3n se recoge?<\/li><li>\u00bfPara qu\u00e9 sirve esta informaci\u00f3n?<\/li><li>\u00bfQu\u00e9 l\u00edmites puede poner el usuario a esta recogida de datos?<\/li><\/ul><p><br \/>ECOFAB solicita poca informaci\u00f3n a los usuarios de su sitio web. En cualquier caso, su finalidad es exclusivamente profesional. La informaci\u00f3n recogida es b\u00e1sica: nombre, empresa, funci\u00f3n, direcci\u00f3n de correo electr\u00f3nico, asunto. Sin embargo, la simple visita a nuestro sitio web no implica que se registre ning\u00fan dato. Esto s\u00f3lo ocurre cuando el usuario desea acceder a \u00e1reas espec\u00edficas del sitio: suscribirse a nuestro bolet\u00edn, enviar sugerencias, etc.<br \/><br \/><\/p><p>Como usuario de nuestro sitio web, puede enviarnos informaci\u00f3n personal cuando:<br \/>a. Suscribirse a cualquiera de nuestros servicios de informaci\u00f3n;<br \/>b. Manifestar la intenci\u00f3n de suscribirse a cualquiera de los servicios disponibles;<br \/>c. Comunicarse con nuestra empresa y sus empleados;<br \/>d. Enviar sugerencias.<\/p><p><br \/>Toda la informaci\u00f3n recabada quedar\u00e1 registrada en una base de datos propiedad de ECOFAB y destinada a su uso exclusivo. El Usuario podr\u00e1, en cualquier momento, acceder a sus datos, rectificarlos o cancelarlos. En ning\u00fan caso ECOFAB ceder\u00e1 o vender\u00e1 la informaci\u00f3n recogida a otras organizaciones. ECOFAB garantiza que la recogida de informaci\u00f3n se realizar\u00e1 siempre con el previo y libre consentimiento del Usuario. No obstante, ECOFAB no se hace responsable del acceso ileg\u00edtimo a dicha informaci\u00f3n.<br \/><br \/>ECOFAB se reserva el derecho de modificar, parcial o totalmente, la \"Pol\u00edtica de Uso\" de su sitio web. La visita al sitio web y la consulta de sus contenidos no implican relaci\u00f3n contractual alguna entre ECOFAB y el usuario.<\/p>\t\t\t\t\t\t\t\t<\/div>\n\t\t\t\t<\/div>\n\t\t\t\t\t<\/div>\n\t\t<\/div>\n\t\t\t\t\t<\/div>\n\t\t<\/section>\n\t\t\t\t<\/div>","protected":false},"excerpt":{"rendered":"<p>Pol\u00edtica de Privacidade O uso e acesso \u00e0 pagina da ECOFAB encontra-se submetido \u00e0 legisla\u00e7\u00e3o em vigor e ao conjunto de normas que se seguem. A sua utiliza\u00e7\u00e3o sup\u00f5e, portanto, a aceita\u00e7\u00e3o destes termos e condi\u00e7\u00f5es. 1. O Utilizador que introduza os seus dados em qualquer formul\u00e1rio da P\u00e1gina da ECOFAB, autoriza-a, livre e voluntariamente, [&hellip;]<\/p>\n","protected":false},"author":1,"featured_media":75483,"parent":0,"menu_order":0,"comment_status":"closed","ping_status":"closed","template":"","meta":{"footnotes":""},"class_list":["post-76863","page","type-page","status-publish","has-post-thumbnail","hentry"],"_links":{"self":[{"href":"https:\/\/ecofab.pt\/es\/wp-json\/wp\/v2\/pages\/76863","targetHints":{"allow":["GET"]}}],"collection":[{"href":"https:\/\/ecofab.pt\/es\/wp-json\/wp\/v2\/pages"}],"about":[{"href":"https:\/\/ecofab.pt\/es\/wp-json\/wp\/v2\/types\/page"}],"author":[{"embeddable":true,"href":"https:\/\/ecofab.pt\/es\/wp-json\/wp\/v2\/users\/1"}],"replies":[{"embeddable":true,"href":"https:\/\/ecofab.pt\/es\/wp-json\/wp\/v2\/comments?post=76863"}],"version-history":[{"count":16,"href":"https:\/\/ecofab.pt\/es\/wp-json\/wp\/v2\/pages\/76863\/revisions"}],"predecessor-version":[{"id":77685,"href":"https:\/\/ecofab.pt\/es\/wp-json\/wp\/v2\/pages\/76863\/revisions\/77685"}],"wp:featuredmedia":[{"embeddable":true,"href":"https:\/\/ecofab.pt\/es\/wp-json\/wp\/v2\/media\/75483"}],"wp:attachment":[{"href":"https:\/\/ecofab.pt\/es\/wp-json\/wp\/v2\/media?parent=76863"}],"curies":[{"name":"wp","href":"https:\/\/api.w.org\/{rel}","templated":true}]}}