{"id":77686,"date":"2024-02-25T22:36:55","date_gmt":"2024-02-25T22:36:55","guid":{"rendered":"https:\/\/ecofab.pt\/?page_id=77686"},"modified":"2024-02-25T22:38:31","modified_gmt":"2024-02-25T22:38:31","slug":"mapa-del-sitio","status":"publish","type":"page","link":"https:\/\/ecofab.pt\/es\/mapa-del-sitio\/","title":{"rendered":"Mapa del sitio"},"content":{"rendered":"<div data-elementor-type=\"wp-page\" data-elementor-id=\"77686\" class=\"elementor elementor-77686\" data-elementor-post-type=\"page\">\n\t\t\t\t\t\t<section class=\"elementor-section elementor-top-section elementor-element elementor-element-a734bc5 elementor-section-boxed elementor-section-height-default elementor-section-height-default\" data-id=\"a734bc5\" data-element_type=\"section\" data-e-type=\"section\">\n\t\t\t\t\t\t<div class=\"elementor-container elementor-column-gap-default\">\n\t\t\t\t\t<div class=\"elementor-column elementor-col-100 elementor-top-column elementor-element elementor-element-902f8b5\" data-fullscreen-column-settings=\"{&quot;fullscreen&quot;:&quot;&quot;}\" data-id=\"902f8b5\" data-element_type=\"column\" data-e-type=\"column\">\n\t\t\t<div class=\"elementor-widget-wrap elementor-element-populated\">\n\t\t\t\t\t\t<div class=\"elementor-element elementor-element-48cd8d9 elementor-widget-mobile__width-initial elementor-widget elementor-widget-litho-heading\" data-id=\"48cd8d9\" data-element_type=\"widget\" data-e-type=\"widget\" data-widget_type=\"litho-heading.default\">\n\t\t\t\t<div class=\"elementor-widget-container\">\n\t\t\t\t\t<h3 class=\"litho-heading elementor-size-large\"><span class=\"litho-primary-title\">Mapa del sitio<\/span><\/h3>\t\t\t\t<\/div>\n\t\t\t\t<\/div>\n\t\t\t\t<div class=\"elementor-element elementor-element-421c847 elementor-widget elementor-widget-sitemap\" data-id=\"421c847\" data-element_type=\"widget\" data-e-type=\"widget\" data-widget_type=\"sitemap.default\">\n\t\t\t\t<div class=\"elementor-widget-container\">\n\t\t\t\t\t<div class=\"elementor-sitemap-wrap\"><div class=\"elementor-sitemap-section\"><h2 class=\"elementor-sitemap-title elementor-sitemap-page-title\">P\u00e1ginas<\/h2><ul class=\"elementor-sitemap-list elementor-sitemap-page-list\"><li class=\"elementor-sitemap-item elementor-sitemap-item-page page_item page-item-12776\"><a href=\"https:\/\/ecofab.pt\/es\">ECOFAB<\/a><\/li><li class=\"elementor-sitemap-item elementor-sitemap-item-page page_item page-item-76176\"><a href=\"https:\/\/ecofab.pt\/es\/estufas-de-pellets\/\">Estufas de pellets<\/a><ul class='children'><li class=\"elementor-sitemap-item elementor-sitemap-item-page page_item page-item-75796\"><a href=\"https:\/\/ecofab.pt\/es\/estufas-de-pellets\/marie\/\">Estufa de pellets MARIE | 9,3kW<\/a><\/li><li class=\"elementor-sitemap-item elementor-sitemap-item-page page_item page-item-76030\"><a href=\"https:\/\/ecofab.pt\/es\/estufas-de-pellets\/isaac\/\">Estufa de pellets ISAAC | 9,3kW<\/a><\/li><li class=\"elementor-sitemap-item elementor-sitemap-item-page page_item page-item-76090\"><a href=\"https:\/\/ecofab.pt\/es\/estufas-de-pellets\/albert\/\">Estufa de pellets ALBERT | 9,3kW<\/a><\/li><li class=\"elementor-sitemap-item elementor-sitemap-item-page page_item page-item-76124\"><a href=\"https:\/\/ecofab.pt\/es\/estufas-de-pellets\/nelson\/\">Estufa de pellets NELSON | 5,1kW<\/a><\/li><\/ul><\/li><li class=\"elementor-sitemap-item elementor-sitemap-item-page page_item page-item-76241\"><a href=\"https:\/\/ecofab.pt\/es\/noticias\/\">Noticias<\/a><\/li><li class=\"elementor-sitemap-item elementor-sitemap-item-page page_item page-item-76340\"><a href=\"https:\/\/ecofab.pt\/es\/contactos\/\">P\u00f3ngase en contacto con<\/a><\/li><li class=\"elementor-sitemap-item elementor-sitemap-item-page page_item page-item-76407\"><a href=\"https:\/\/ecofab.pt\/es\/sostenibilidad\/\">Sostenibilidad<\/a><\/li><li class=\"elementor-sitemap-item elementor-sitemap-item-page page_item page-item-76456\"><a href=\"https:\/\/ecofab.pt\/es\/soporte\/\">Ayuda<\/a><\/li><li class=\"elementor-sitemap-item elementor-sitemap-item-page page_item page-item-76506\"><a href=\"https:\/\/ecofab.pt\/es\/institucional\/\">Institucional<\/a><\/li><li class=\"elementor-sitemap-item elementor-sitemap-item-page page_item page-item-76716\"><a href=\"https:\/\/ecofab.pt\/es\/chimeneas-exteriores\/\">Chimeneas exteriores<\/a><ul class='children'><li class=\"elementor-sitemap-item elementor-sitemap-item-page page_item page-item-76841\"><a href=\"https:\/\/ecofab.pt\/es\/chimeneas-exteriores\/curva-senoidal\/\">Chimenea exterior SINE CURVE<\/a><\/li><li class=\"elementor-sitemap-item elementor-sitemap-item-page page_item page-item-76901\"><a href=\"https:\/\/ecofab.pt\/es\/chimeneas-exteriores\/linea-sinusoidal\/\">Chimenea exterior SINE LINE<\/a><\/li><li class=\"elementor-sitemap-item elementor-sitemap-item-page page_item page-item-76911\"><a href=\"https:\/\/ecofab.pt\/es\/chimeneas-exteriores\/linea-sinusoidal-plus\/\">Chimenea de exterior SINE LINE PLUS<\/a><\/li><\/ul><\/li><li class=\"elementor-sitemap-item elementor-sitemap-item-page page_item page-item-76863\"><a href=\"https:\/\/ecofab.pt\/es\/politica-de-privacidad\/\">Pol\u00edtica de privacidad<\/a><\/li><li class=\"elementor-sitemap-item elementor-sitemap-item-page page_item page-item-77686\"><a href=\"https:\/\/ecofab.pt\/es\/mapa-del-sitio\/\">Mapa del sitio<\/a><\/li><li class=\"elementor-sitemap-item elementor-sitemap-item-page page_item page-item-77695\"><a href=\"https:\/\/ecofab.pt\/es\/politica-de-cookies-de-la-ue\/\">Pol\u00edtica de cookies (UE)<\/a><\/li><\/ul><\/div><div class=\"elementor-sitemap-section\"><h2 class=\"elementor-sitemap-title elementor-sitemap-post-title\">Art\u00edculos<\/h2><ul class=\"elementor-sitemap-list elementor-sitemap-post-list\"><li class=\"elementor-sitemap-item elementor-sitemap-item-post page_item page-item-78819\"><a href=\"https:\/\/ecofab.pt\/es\/2025\/05\/caracteristicas-a-tener-en-cuenta-al-elegir-una-estufa-de-pellets\/\">Caracter\u00edsticas a tener en cuenta al comprar una estufa de pellets<\/a><\/li><li class=\"elementor-sitemap-item elementor-sitemap-item-post page_item page-item-78780\"><a href=\"https:\/\/ecofab.pt\/es\/2025\/04\/aquecimento-a-biomassa-eficiencia-sustentabilidade-e-poupanca-energetica\/\">Calefacci\u00f3n de biomasa: eficiencia, sostenibilidad y ahorro energ\u00e9tico<\/a><\/li><li class=\"elementor-sitemap-item elementor-sitemap-item-post page_item page-item-78785\"><a href=\"https:\/\/ecofab.pt\/es\/2025\/03\/reducao-de-17-do-iva\/\">\u00daltimos meses para beneficiarse de la reducci\u00f3n del IVA del 17% en equipos de biomasa<\/a><\/li><li class=\"elementor-sitemap-item elementor-sitemap-item-post page_item page-item-78775\"><a href=\"https:\/\/ecofab.pt\/es\/2025\/02\/aquecimento-inteligente-e-conveniente\/\">Calefacci\u00f3n inteligente y c\u00f3moda<\/a><\/li><li class=\"elementor-sitemap-item elementor-sitemap-item-post page_item page-item-78744\"><a href=\"https:\/\/ecofab.pt\/es\/2025\/01\/junte-se-a-uma-marca-de-excelencia\/\">Convi\u00e9rtase en distribuidor internacional de ECOFAB: \u00fanase a una marca de excelencia<\/a><\/li><li class=\"elementor-sitemap-item elementor-sitemap-item-post page_item page-item-78770\"><a href=\"https:\/\/ecofab.pt\/es\/2024\/12\/calefaccion-inteligente-y-sostenible\/\">Calefacci\u00f3n inteligente y sostenible<\/a><\/li><li class=\"elementor-sitemap-item elementor-sitemap-item-post page_item page-item-78715\"><a href=\"https:\/\/ecofab.pt\/es\/2024\/12\/como-programar-las-estufas-para-ahorrar-energia\/\">\u00bfC\u00f3mo programar las estufas para ahorrar energ\u00eda?<\/a><\/li><li class=\"elementor-sitemap-item elementor-sitemap-item-post page_item page-item-78697\"><a href=\"https:\/\/ecofab.pt\/es\/2024\/11\/cuantos-sacos-de-pellets-se-utilizan-al-dia\/\">\u00bfCu\u00e1ntas bolsas de pellets utiliza al d\u00eda?<\/a><\/li><li class=\"elementor-sitemap-item elementor-sitemap-item-post page_item page-item-78689\"><a href=\"https:\/\/ecofab.pt\/es\/2024\/10\/que-estufa-de-pellets-elegir-para-su-proyecto-de-renovacion\/\">Qu\u00e9 estufa de pellets elegir para su proyecto de renovaci\u00f3n<\/a><\/li><li class=\"elementor-sitemap-item elementor-sitemap-item-post page_item page-item-78645\"><a href=\"https:\/\/ecofab.pt\/es\/2024\/10\/ecofab-participa-en-la-feria-hem-villamassan-2024\/\">ECOFAB participa en la feria Hem &amp; Villam\u00e4ssan 2024<\/a><\/li><li class=\"elementor-sitemap-item elementor-sitemap-item-post page_item page-item-78633\"><a href=\"https:\/\/ecofab.pt\/es\/2024\/09\/como-elegir-una-estufa-de-pellets-para-su-hogar\/\">C\u00f3mo elegir una estufa de pellets para su hogar<\/a><\/li><li class=\"elementor-sitemap-item elementor-sitemap-item-post page_item page-item-78616\"><a href=\"https:\/\/ecofab.pt\/es\/2024\/08\/aumento-de-los-precios-de-la-energia\/\">Prep\u00e1rese contra la escalada de los precios de la energ\u00eda<\/a><\/li><li class=\"elementor-sitemap-item elementor-sitemap-item-post page_item page-item-78560\"><a href=\"https:\/\/ecofab.pt\/es\/2024\/07\/estufas-de-pellets-calefaccion-eficiente\/\">Estufas de pellets: soluci\u00f3n de calefacci\u00f3n eficiente todo el a\u00f1o<\/a><\/li><li class=\"elementor-sitemap-item elementor-sitemap-item-post page_item page-item-78533\"><a href=\"https:\/\/ecofab.pt\/es\/2024\/06\/estufa-de-pellets-isaac\/\">Nueva estufa de pellets ISAAC: una ventana ampliada al confort del fuego<\/a><\/li><li class=\"elementor-sitemap-item elementor-sitemap-item-post page_item page-item-78535\"><a href=\"https:\/\/ecofab.pt\/es\/2024\/05\/chimeneas-de-exterior-ecofab\/\">Chimeneas de exterior ECOFAB: Transforme el exterior de su hogar<\/a><\/li><li class=\"elementor-sitemap-item elementor-sitemap-item-post page_item page-item-78458\"><a href=\"https:\/\/ecofab.pt\/es\/2024\/04\/estufa-de-pellets-solucion-de-calefaccion-eficiente-y-sostenible\/\">Estufa de pellets: soluci\u00f3n de calefacci\u00f3n eficiente y sostenible<\/a><\/li><li class=\"elementor-sitemap-item elementor-sitemap-item-post page_item page-item-78183\"><a href=\"https:\/\/ecofab.pt\/es\/2024\/03\/eficiencia-energetica\/\">Calefacci\u00f3n de bajo consumo<\/a><\/li><li class=\"elementor-sitemap-item elementor-sitemap-item-post page_item page-item-77296\"><a href=\"https:\/\/ecofab.pt\/es\/2024\/02\/economia-y-tecnologia-del-diseno\/\">Dise\u00f1o, econom\u00eda y tecnolog\u00eda en las estufas de pellets Ecofab<\/a><\/li><li class=\"elementor-sitemap-item elementor-sitemap-item-post page_item page-item-32822\"><a href=\"https:\/\/ecofab.pt\/es\/2024\/01\/no-ceder-nunca-salvo-por-convicciones-buen-sentido\/\">Enfr\u00e9ntese al fr\u00edo con la eficacia de la estufa de pellets ECOFAB<\/a><\/li><li class=\"elementor-sitemap-item elementor-sitemap-item-post page_item page-item-32813\"><a href=\"https:\/\/ecofab.pt\/es\/2024\/01\/progetto-fuoco-2024-visit-ecofab\/\">Progetto Fuoco 2024: Visite ECOFAB en Verona en el pabell\u00f3n 6 stand A52<\/a><\/li><li class=\"elementor-sitemap-item elementor-sitemap-item-post page_item page-item-32825\"><a href=\"https:\/\/ecofab.pt\/es\/2023\/12\/solucion-de-calefaccion-eficiente-para-los-hogares-portugueses\/\">ECOFAB: soluci\u00f3n de calefacci\u00f3n eficiente para los hogares portugueses<\/a><\/li><li class=\"elementor-sitemap-item elementor-sitemap-item-post page_item page-item-77749\"><a href=\"https:\/\/ecofab.pt\/es\/2023\/12\/por-que-elegir-una-estufa-de-pellets\/\">Por qu\u00e9 elegir una estufa de pellets<\/a><\/li><li class=\"elementor-sitemap-item elementor-sitemap-item-post page_item page-item-77743\"><a href=\"https:\/\/ecofab.pt\/es\/2022\/11\/cual-es-la-mejor-fuente-de-calefaccion-para-el-invierno\/\">\u00bfCu\u00e1l es la mejor fuente de calefacci\u00f3n para el invierno?<\/a><\/li><li class=\"elementor-sitemap-item elementor-sitemap-item-post page_item page-item-77737\"><a href=\"https:\/\/ecofab.pt\/es\/2022\/10\/responsabilidad-y-compromiso-medioambientales-ecofab\/\">Responsabilidad y compromiso medioambientales ECOFAB<\/a><\/li><li class=\"elementor-sitemap-item elementor-sitemap-item-post page_item page-item-77727\"><a href=\"https:\/\/ecofab.pt\/es\/2022\/05\/ecodiseno-2022\/\">ECODISE\u00d1O 2022<\/a><\/li><li class=\"elementor-sitemap-item elementor-sitemap-item-post page_item page-item-77721\"><a href=\"https:\/\/ecofab.pt\/es\/2021\/11\/ifema-madrid\/\">IFEMA MADRID<\/a><\/li><li class=\"elementor-sitemap-item elementor-sitemap-item-post page_item page-item-77715\"><a href=\"https:\/\/ecofab.pt\/es\/2021\/10\/decoracion-de-hoteles\/\">DECOR HOTEL<\/a><\/li><li class=\"elementor-sitemap-item elementor-sitemap-item-post page_item page-item-77708\"><a href=\"https:\/\/ecofab.pt\/es\/2021\/09\/biomasa-expo-2021\/\">BIOMASA EXPO 2021<\/a><\/li><\/ul><\/div><\/div>\t\t\t\t<\/div>\n\t\t\t\t<\/div>\n\t\t\t\t\t<\/div>\n\t\t<\/div>\n\t\t\t\t\t<\/div>\n\t\t<\/section>\n\t\t\t\t<\/div>","protected":false},"excerpt":{"rendered":"<p>Mapa del sitio<\/p>","protected":false},"author":1,"featured_media":75483,"parent":0,"menu_order":0,"comment_status":"closed","ping_status":"closed","template":"","meta":{"footnotes":""},"class_list":["post-77686","page","type-page","status-publish","has-post-thumbnail","hentry"],"_links":{"self":[{"href":"https:\/\/ecofab.pt\/es\/wp-json\/wp\/v2\/pages\/77686","targetHints":{"allow":["GET"]}}],"collection":[{"href":"https:\/\/ecofab.pt\/es\/wp-json\/wp\/v2\/pages"}],"about":[{"href":"https:\/\/ecofab.pt\/es\/wp-json\/wp\/v2\/types\/page"}],"author":[{"embeddable":true,"href":"https:\/\/ecofab.pt\/es\/wp-json\/wp\/v2\/users\/1"}],"replies":[{"embeddable":true,"href":"https:\/\/ecofab.pt\/es\/wp-json\/wp\/v2\/comments?post=77686"}],"version-history":[{"count":4,"href":"https:\/\/ecofab.pt\/es\/wp-json\/wp\/v2\/pages\/77686\/revisions"}],"predecessor-version":[{"id":77691,"href":"https:\/\/ecofab.pt\/es\/wp-json\/wp\/v2\/pages\/77686\/revisions\/77691"}],"wp:featuredmedia":[{"embeddable":true,"href":"https:\/\/ecofab.pt\/es\/wp-json\/wp\/v2\/media\/75483"}],"wp:attachment":[{"href":"https:\/\/ecofab.pt\/es\/wp-json\/wp\/v2\/media?parent=77686"}],"curies":[{"name":"wp","href":"https:\/\/api.w.org\/{rel}","templated":true}]}}