{"id":76407,"date":"2024-01-29T12:42:44","date_gmt":"2024-01-29T12:42:44","guid":{"rendered":"https:\/\/ecofab.pt\/?page_id=76407"},"modified":"2024-04-24T21:30:09","modified_gmt":"2024-04-24T21:30:09","slug":"la-durabilite","status":"publish","type":"page","link":"https:\/\/ecofab.pt\/fr\/la-durabilite\/","title":{"rendered":"Durabilit\u00e9"},"content":{"rendered":"<div data-elementor-type=\"wp-page\" data-elementor-id=\"76407\" class=\"elementor elementor-76407\" data-elementor-post-type=\"page\">\n\t\t\t\t\t\t<section class=\"elementor-section elementor-top-section elementor-element elementor-element-d2bfccd elementor-section-content-middle elementor-section-height-min-height elementor-section-items-bottom elementor-section-boxed elementor-section-height-default\" data-id=\"d2bfccd\" data-element_type=\"section\" data-e-type=\"section\" data-settings=\"{&quot;background_background&quot;:&quot;classic&quot;}\">\n\t\t\t\t\t\t\t<div class=\"elementor-background-overlay\"><\/div>\n\t\t\t\t\t\t\t<div class=\"elementor-container elementor-column-gap-default\">\n\t\t\t\t\t<div class=\"elementor-column elementor-col-100 elementor-top-column elementor-element elementor-element-1075e4c animated-slow elementor-invisible\" data-fullscreen-column-settings=\"{&quot;fullscreen&quot;:&quot;&quot;}\" data-id=\"1075e4c\" data-element_type=\"column\" data-e-type=\"column\" data-settings=\"{&quot;animation&quot;:&quot;fadeIn&quot;,&quot;animation_delay&quot;:100}\">\n\t\t\t<div class=\"elementor-widget-wrap elementor-element-populated\">\n\t\t\t\t\t\t<div class=\"elementor-element elementor-element-ad97762 elementor-widget-mobile__width-initial elementor-widget elementor-widget-litho-heading\" data-id=\"ad97762\" data-element_type=\"widget\" data-e-type=\"widget\" data-widget_type=\"litho-heading.default\">\n\t\t\t\t<div class=\"elementor-widget-container\">\n\t\t\t\t\t<h1 class=\"litho-heading elementor-size-xl\"><span class=\"litho-primary-title\">Durabilit\u00e9<\/span><\/h1>\t\t\t\t<\/div>\n\t\t\t\t<\/div>\n\t\t\t\t<div class=\"elementor-element elementor-element-97c17da elementor-widget-mobile__width-initial elementor-widget elementor-widget-litho-heading\" data-id=\"97c17da\" data-element_type=\"widget\" data-e-type=\"widget\" data-widget_type=\"litho-heading.default\">\n\t\t\t\t<div class=\"elementor-widget-container\">\n\t\t\t\t\t<h2 class=\"litho-heading elementor-size-large\"><span class=\"litho-primary-title\">Fonte et granul\u00e9s pour un monde meilleur.<\/span><\/h2>\t\t\t\t<\/div>\n\t\t\t\t<\/div>\n\t\t\t\t\t<\/div>\n\t\t<\/div>\n\t\t\t\t\t<\/div>\n\t\t<\/section>\n\t\t\t\t<section class=\"elementor-section elementor-top-section elementor-element elementor-element-43bef0c elementor-section-content-middle elementor-section-height-min-height elementor-section-boxed elementor-section-height-default elementor-section-items-middle\" data-id=\"43bef0c\" data-element_type=\"section\" data-e-type=\"section\" data-settings=\"{&quot;background_background&quot;:&quot;classic&quot;}\">\n\t\t\t\t\t\t<div class=\"elementor-container elementor-column-gap-default\">\n\t\t\t\t\t<div class=\"elementor-column elementor-col-100 elementor-top-column elementor-element elementor-element-9c022a4\" data-fullscreen-column-settings=\"{&quot;fullscreen&quot;:&quot;&quot;}\" data-id=\"9c022a4\" data-element_type=\"column\" data-e-type=\"column\">\n\t\t\t<div class=\"elementor-widget-wrap elementor-element-populated\">\n\t\t\t\t\t\t<section class=\"elementor-section elementor-inner-section elementor-element elementor-element-24939d2 elementor-section-content-middle elementor-section-boxed elementor-section-height-default elementor-section-height-default\" data-id=\"24939d2\" data-element_type=\"section\" data-e-type=\"section\">\n\t\t\t\t\t\t<div class=\"elementor-container elementor-column-gap-default\">\n\t\t\t\t\t<div class=\"elementor-column elementor-col-100 elementor-inner-column elementor-element elementor-element-da3fdd5\" data-fullscreen-column-settings=\"{&quot;fullscreen&quot;:&quot;&quot;}\" data-id=\"da3fdd5\" data-element_type=\"column\" data-e-type=\"column\">\n\t\t\t<div class=\"elementor-widget-wrap elementor-element-populated\">\n\t\t\t\t\t\t<div class=\"elementor-element elementor-element-d578f74 elementor-widget elementor-widget-litho-heading\" data-id=\"d578f74\" data-element_type=\"widget\" data-e-type=\"widget\" data-widget_type=\"litho-heading.default\">\n\t\t\t\t<div class=\"elementor-widget-container\">\n\t\t\t\t\t<h2 class=\"litho-heading elementor-size-large\"><span class=\"litho-primary-title\">Engagement en faveur de solutions de chauffage efficaces et durables<\/span><\/h2>\t\t\t\t<\/div>\n\t\t\t\t<\/div>\n\t\t\t\t<div class=\"elementor-element elementor-element-4dd42dd elementor-widget elementor-widget-text-editor\" data-id=\"4dd42dd\" data-element_type=\"widget\" data-e-type=\"widget\" data-widget_type=\"text-editor.default\">\n\t\t\t\t<div class=\"elementor-widget-container\">\n\t\t\t\t\t\t\t\t\t<p><strong>Chez ECOFAB, nous attachons une grande importance \u00e0 l'int\u00e9grit\u00e9 et \u00e0 la fonctionnalit\u00e9 de nos produits.<\/strong>. La fonte, mat\u00e9riau de base des po\u00eales \u00e0 granul\u00e9s et des chemin\u00e9es d'ext\u00e9rieur, est choisie pour sa durabilit\u00e9 exceptionnelle et la garantie d'un chauffage fiable et durable. Les propri\u00e9t\u00e9s thermiques de la fonte assurent une distribution efficace et constante de la chaleur, tout en garantissant un confort prolong\u00e9, m\u00eame apr\u00e8s l'arr\u00eat de l'appareil.<\/p><p>La mall\u00e9abilit\u00e9 de la fonte nous permet de cr\u00e9er des designs vari\u00e9s, des styles traditionnels aux styles contemporains, sans compromettre la qualit\u00e9 ou la performance de l'\u00e9quipement. De plus, en utilisant la fonte, nous optons pour un mat\u00e9riau qui r\u00e9utilise la ferraille et permet de recycler \u00e0 nouveau l'\u00e9quipement, une mesure qui renforce notre engagement en faveur de la durabilit\u00e9 et r\u00e9duit notre empreinte \u00e9cologique tout en fournissant des solutions de chauffage de haute qualit\u00e9.<\/p>\t\t\t\t\t\t\t\t<\/div>\n\t\t\t\t<\/div>\n\t\t\t\t\t<\/div>\n\t\t<\/div>\n\t\t\t\t\t<\/div>\n\t\t<\/section>\n\t\t\t\t<section class=\"elementor-section elementor-inner-section elementor-element elementor-element-dd96ea2 elementor-section-content-middle elementor-section-boxed elementor-section-height-default elementor-section-height-default\" data-id=\"dd96ea2\" data-element_type=\"section\" data-e-type=\"section\">\n\t\t\t\t\t\t<div class=\"elementor-container elementor-column-gap-default\">\n\t\t\t\t\t<div class=\"elementor-column elementor-col-100 elementor-inner-column elementor-element elementor-element-266a970\" data-fullscreen-column-settings=\"{&quot;fullscreen&quot;:&quot;&quot;}\" data-id=\"266a970\" data-element_type=\"column\" data-e-type=\"column\">\n\t\t\t<div class=\"elementor-widget-wrap elementor-element-populated\">\n\t\t\t\t\t\t<div class=\"elementor-element elementor-element-8d85cba elementor-widget elementor-widget-litho-heading\" data-id=\"8d85cba\" data-element_type=\"widget\" data-e-type=\"widget\" data-widget_type=\"litho-heading.default\">\n\t\t\t\t<div class=\"elementor-widget-container\">\n\t\t\t\t\t<h3 class=\"litho-heading elementor-size-large\"><span class=\"litho-primary-title\">Avantages de l'utilisation de la fonte :<\/span><\/h3>\t\t\t\t<\/div>\n\t\t\t\t<\/div>\n\t\t\t\t<div class=\"elementor-element elementor-element-5270d1c elementor-align-start elementor-icon-list--layout-traditional elementor-list-item-link-full_width elementor-invisible elementor-widget elementor-widget-icon-list\" data-id=\"5270d1c\" data-element_type=\"widget\" data-e-type=\"widget\" data-settings=\"{&quot;_animation&quot;:&quot;fadeIn&quot;}\" data-widget_type=\"icon-list.default\">\n\t\t\t\t<div class=\"elementor-widget-container\">\n\t\t\t\t\t\t\t<ul class=\"elementor-icon-list-items\">\n\t\t\t\t\t\t\t<li class=\"elementor-icon-list-item\">\n\t\t\t\t\t\t\t\t\t\t\t<span class=\"elementor-icon-list-icon\">\n\t\t\t\t\t\t\t<i aria-hidden=\"true\" class=\"fas fa-chevron-right\"><\/i>\t\t\t\t\t\t<\/span>\n\t\t\t\t\t\t\t\t\t\t<span class=\"elementor-icon-list-text\"><b>Durabilit\u00e9 et long\u00e9vit\u00e9 :<\/b> La fonte est extr\u00eamement durable et r\u00e9sistante, ce qui signifie qu'un po\u00eale fabriqu\u00e9 dans ce mat\u00e9riau peut durer de nombreuses ann\u00e9es tout en conservant sa fonctionnalit\u00e9 et son esth\u00e9tique ;<\/span>\n\t\t\t\t\t\t\t\t\t<\/li>\n\t\t\t\t\t\t\t\t<li class=\"elementor-icon-list-item\">\n\t\t\t\t\t\t\t\t\t\t\t<span class=\"elementor-icon-list-icon\">\n\t\t\t\t\t\t\t<i aria-hidden=\"true\" class=\"fas fa-chevron-right\"><\/i>\t\t\t\t\t\t<\/span>\n\t\t\t\t\t\t\t\t\t\t<span class=\"elementor-icon-list-text\"><b>Excellente r\u00e9tention et distribution de la chaleur : <\/b> L'une des principales caract\u00e9ristiques de la fonte est sa capacit\u00e9 \u00e0 conserver la chaleur pendant longtemps et \u00e0 la r\u00e9partir uniform\u00e9ment. Les po\u00eales \u00e0 granul\u00e9s en fonte sont donc tr\u00e8s efficaces pour chauffer un espace de mani\u00e8re constante ;<\/span>\n\t\t\t\t\t\t\t\t\t<\/li>\n\t\t\t\t\t\t\t\t<li class=\"elementor-icon-list-item\">\n\t\t\t\t\t\t\t\t\t\t\t<span class=\"elementor-icon-list-icon\">\n\t\t\t\t\t\t\t<i aria-hidden=\"true\" class=\"fas fa-chevron-right\"><\/i>\t\t\t\t\t\t<\/span>\n\t\t\t\t\t\t\t\t\t\t<span class=\"elementor-icon-list-text\"><b>R\u00e9sistance \u00e0 la chaleur : <\/b> La fonte peut r\u00e9sister \u00e0 des temp\u00e9ratures \u00e9lev\u00e9es sans se d\u00e9former ni s'ab\u00eemer. Cette caract\u00e9ristique est essentielle pour les po\u00eales \u00e0 granul\u00e9s, qui fonctionnent \u00e0 des temp\u00e9ratures \u00e9lev\u00e9es pour br\u00fbler les granul\u00e9s de bois ;<\/span>\n\t\t\t\t\t\t\t\t\t<\/li>\n\t\t\t\t\t\t\t\t<li class=\"elementor-icon-list-item\">\n\t\t\t\t\t\t\t\t\t\t\t<span class=\"elementor-icon-list-icon\">\n\t\t\t\t\t\t\t<i aria-hidden=\"true\" class=\"fas fa-chevron-right\"><\/i>\t\t\t\t\t\t<\/span>\n\t\t\t\t\t\t\t\t\t\t<span class=\"elementor-icon-list-text\"><b>Peu d'entretien : <\/b> En raison de leur robustesse, les po\u00eales en fonte n\u00e9cessitent g\u00e9n\u00e9ralement moins d'entretien que ceux fabriqu\u00e9s dans d'autres mat\u00e9riaux ;<\/span>\n\t\t\t\t\t\t\t\t\t<\/li>\n\t\t\t\t\t\t\t\t<li class=\"elementor-icon-list-item\">\n\t\t\t\t\t\t\t\t\t\t\t<span class=\"elementor-icon-list-icon\">\n\t\t\t\t\t\t\t<i aria-hidden=\"true\" class=\"fas fa-chevron-right\"><\/i>\t\t\t\t\t\t<\/span>\n\t\t\t\t\t\t\t\t\t\t<span class=\"elementor-icon-list-text\"><b>R\u00e9sistance \u00e0 la corrosion : <\/b> Lorsqu'elle est correctement trait\u00e9e et entretenue, la fonte r\u00e9siste \u00e0 la corrosion, ce qui est important pour la long\u00e9vit\u00e9 de l'\u00e9quipement ;<\/span>\n\t\t\t\t\t\t\t\t\t<\/li>\n\t\t\t\t\t\t\t\t<li class=\"elementor-icon-list-item\">\n\t\t\t\t\t\t\t\t\t\t\t<span class=\"elementor-icon-list-icon\">\n\t\t\t\t\t\t\t<i aria-hidden=\"true\" class=\"fas fa-chevron-right\"><\/i>\t\t\t\t\t\t<\/span>\n\t\t\t\t\t\t\t\t\t\t<span class=\"elementor-icon-list-text\"><b>Capacit\u00e9 de moulage : <\/b> La fonte peut \u00eatre moul\u00e9e dans diff\u00e9rentes formes et conceptions, ce qui permet une plus grande flexibilit\u00e9 dans la conception des po\u00eales \u00e0 granul\u00e9s, tant en termes de fonctionnalit\u00e9 que d'esth\u00e9tique ;<\/span>\n\t\t\t\t\t\t\t\t\t<\/li>\n\t\t\t\t\t\t\t\t<li class=\"elementor-icon-list-item\">\n\t\t\t\t\t\t\t\t\t\t\t<span class=\"elementor-icon-list-icon\">\n\t\t\t\t\t\t\t<i aria-hidden=\"true\" class=\"fas fa-chevron-right\"><\/i>\t\t\t\t\t\t<\/span>\n\t\t\t\t\t\t\t\t\t\t<span class=\"elementor-icon-list-text\"><b>Efficacit\u00e9 \u00e9nerg\u00e9tique : <\/b> La capacit\u00e9 de la fonte \u00e0 conserver la chaleur contribue \u00e0 l'efficacit\u00e9 \u00e9nerg\u00e9tique, car le po\u00eale continue \u00e0 diffuser de la chaleur m\u00eame lorsque le feu s'est calm\u00e9 ou \u00e9teint ;<\/span>\n\t\t\t\t\t\t\t\t\t<\/li>\n\t\t\t\t\t\t\t\t<li class=\"elementor-icon-list-item\">\n\t\t\t\t\t\t\t\t\t\t\t<span class=\"elementor-icon-list-icon\">\n\t\t\t\t\t\t\t<i aria-hidden=\"true\" class=\"fas fa-chevron-right\"><\/i>\t\t\t\t\t\t<\/span>\n\t\t\t\t\t\t\t\t\t\t<span class=\"elementor-icon-list-text\"><b>La s\u00e9curit\u00e9 : <\/b> La robustesse de la fonte contribue \u00e9galement \u00e0 la s\u00e9curit\u00e9, car le mat\u00e9riau est moins susceptible d'\u00eatre endommag\u00e9 ou de subir une d\u00e9faillance qui pourrait compromettre le fonctionnement s\u00fbr du po\u00eale.<\/span>\n\t\t\t\t\t\t\t\t\t<\/li>\n\t\t\t\t\t\t<\/ul>\n\t\t\t\t\t\t<\/div>\n\t\t\t\t<\/div>\n\t\t\t\t\t<\/div>\n\t\t<\/div>\n\t\t\t\t\t<\/div>\n\t\t<\/section>\n\t\t\t\t\t<\/div>\n\t\t<\/div>\n\t\t\t\t\t<\/div>\n\t\t<\/section>\n\t\t\t\t<section class=\"elementor-section elementor-top-section elementor-element elementor-element-66773f6 elementor-section-content-middle elementor-section-boxed elementor-section-height-default elementor-section-height-default\" data-id=\"66773f6\" data-element_type=\"section\" data-e-type=\"section\" data-settings=\"{&quot;background_background&quot;:&quot;classic&quot;}\">\n\t\t\t\t\t\t<div class=\"elementor-container elementor-column-gap-default\">\n\t\t\t\t\t<div class=\"elementor-column elementor-col-100 elementor-top-column elementor-element elementor-element-467632d\" data-fullscreen-column-settings=\"{&quot;fullscreen&quot;:&quot;&quot;}\" data-id=\"467632d\" data-element_type=\"column\" data-e-type=\"column\">\n\t\t\t<div class=\"elementor-widget-wrap elementor-element-populated\">\n\t\t\t\t\t\t<section class=\"elementor-section elementor-inner-section elementor-element elementor-element-10df458 elementor-section-content-middle elementor-section-boxed elementor-section-height-default elementor-section-height-default elementor-invisible\" data-id=\"10df458\" data-element_type=\"section\" data-e-type=\"section\" data-settings=\"{&quot;animation&quot;:&quot;fadeIn&quot;}\">\n\t\t\t\t\t\t<div class=\"elementor-container elementor-column-gap-default\">\n\t\t\t\t\t<div class=\"elementor-column elementor-col-33 elementor-inner-column elementor-element elementor-element-64a6235\" data-fullscreen-column-settings=\"{&quot;fullscreen&quot;:&quot;&quot;}\" data-id=\"64a6235\" data-element_type=\"column\" data-e-type=\"column\">\n\t\t\t<div class=\"elementor-widget-wrap elementor-element-populated\">\n\t\t\t\t\t\t<div class=\"elementor-element elementor-element-a9156c1 elementor-widget elementor-widget-image\" data-id=\"a9156c1\" data-element_type=\"widget\" data-e-type=\"widget\" data-settings=\"{&quot;_animation&quot;:&quot;none&quot;}\" data-widget_type=\"image.default\">\n\t\t\t\t<div class=\"elementor-widget-container\">\n\t\t\t\t\t\t\t\t\t\t\t\t\t\t\t<img fetchpriority=\"high\" decoding=\"async\" width=\"1080\" height=\"1193\" src=\"https:\/\/ecofab.pt\/wp-content\/uploads\/2024\/01\/Reportagem-Fotografica-Felino-e-Ecofab-Fotos-Luiza-Reis-22-scaled-e1706543039202.jpg\" class=\"attachment-full size-full wp-image-76434\" alt=\"Fonderie ECOFAB\" \/>\t\t\t\t\t\t\t\t\t\t\t\t\t\t\t<\/div>\n\t\t\t\t<\/div>\n\t\t\t\t\t<\/div>\n\t\t<\/div>\n\t\t\t\t<div class=\"elementor-column elementor-col-66 elementor-inner-column elementor-element elementor-element-0d9e8d5\" data-fullscreen-column-settings=\"{&quot;fullscreen&quot;:&quot;&quot;}\" data-id=\"0d9e8d5\" data-element_type=\"column\" data-e-type=\"column\">\n\t\t\t<div class=\"elementor-widget-wrap elementor-element-populated\">\n\t\t\t\t\t\t<div class=\"elementor-element elementor-element-eb7fb86 elementor-widget__width-initial elementor-widget elementor-widget-litho-heading\" data-id=\"eb7fb86\" data-element_type=\"widget\" data-e-type=\"widget\" data-widget_type=\"litho-heading.default\">\n\t\t\t\t<div class=\"elementor-widget-container\">\n\t\t\t\t\t<h3 class=\"litho-heading elementor-size-large\"><span class=\"litho-primary-title\">Fonderie de fer<\/span><\/h3>\t\t\t\t<\/div>\n\t\t\t\t<\/div>\n\t\t\t\t<div class=\"elementor-element elementor-element-4b504e4 elementor-widget elementor-widget-text-editor\" data-id=\"4b504e4\" data-element_type=\"widget\" data-e-type=\"widget\" data-widget_type=\"text-editor.default\">\n\t\t\t\t<div class=\"elementor-widget-container\">\n\t\t\t\t\t\t\t\t\t<p>ECOFAB fait partie du groupe FELINO S.A., dans une synergie parfaite entre l'innovation et la tradition dans l'art de la fonderie. Au c\u0153ur de sa production se trouve la fonderie, un secteur o\u00f9 FELINO a marqu\u00e9 sa pr\u00e9sence par son excellence et sa qualit\u00e9 in\u00e9gal\u00e9e depuis 1936. Ce partenariat strat\u00e9gique permet \u00e0 ECOFAB de b\u00e9n\u00e9ficier de la vaste exp\u00e9rience et du savoir-faire technique accumul\u00e9s par FELINO, en transformant la fonte en produits distinctifs de haute qualit\u00e9. La fonte n'est pas seulement une partie du processus de production, c'est le c\u0153ur battant qui anime l'ensemble des activit\u00e9s d'ECOFAB, garantissant que chaque produit refl\u00e8te les normes \u00e9lev\u00e9es de qualit\u00e9 et d'innovation qui caract\u00e9risent FELINO.<\/p><p>Chez ECOFAB, chaque pi\u00e8ce moul\u00e9e t\u00e9moigne de l'engagement de FELINO en faveur de l'excellence. L'entreprise est sp\u00e9cialis\u00e9e dans la transformation de mati\u00e8res premi\u00e8res de premi\u00e8re qualit\u00e9 en produits finis de qualit\u00e9 sup\u00e9rieure convenant \u00e0 une vari\u00e9t\u00e9 d'applications industrielles. Le processus de moulage m\u00e9ticuleux d'ECOFAB garantit que chaque produit ne se contente pas de r\u00e9pondre aux attentes des clients en termes de qualit\u00e9, de durabilit\u00e9 et de performance, mais qu'il les d\u00e9passe.<\/p>\t\t\t\t\t\t\t\t<\/div>\n\t\t\t\t<\/div>\n\t\t\t\t\t<\/div>\n\t\t<\/div>\n\t\t\t\t\t<\/div>\n\t\t<\/section>\n\t\t\t\t\t<\/div>\n\t\t<\/div>\n\t\t\t\t\t<\/div>\n\t\t<\/section>\n\t\t\t\t<section class=\"elementor-section elementor-top-section elementor-element elementor-element-3d10e47 elementor-section-content-middle elementor-section-boxed elementor-section-height-default elementor-section-height-default\" data-id=\"3d10e47\" data-element_type=\"section\" data-e-type=\"section\" data-settings=\"{&quot;background_background&quot;:&quot;classic&quot;}\">\n\t\t\t\t\t\t<div class=\"elementor-container elementor-column-gap-default\">\n\t\t\t\t\t<div class=\"elementor-column elementor-col-100 elementor-top-column elementor-element elementor-element-c3f94f8\" data-fullscreen-column-settings=\"{&quot;fullscreen&quot;:&quot;&quot;}\" data-id=\"c3f94f8\" data-element_type=\"column\" data-e-type=\"column\">\n\t\t\t<div class=\"elementor-widget-wrap elementor-element-populated\">\n\t\t\t\t\t\t<div class=\"elementor-element elementor-element-65c5162 elementor-widget elementor-widget-litho-heading\" data-id=\"65c5162\" data-element_type=\"widget\" data-e-type=\"widget\" data-widget_type=\"litho-heading.default\">\n\t\t\t\t<div class=\"elementor-widget-container\">\n\t\t\t\t\t<h2 class=\"litho-heading elementor-size-large\"><span class=\"litho-primary-title\">Pellets : Combustible solide \u00e9cologique<\/span><\/h2>\t\t\t\t<\/div>\n\t\t\t\t<\/div>\n\t\t\t\t<div class=\"elementor-element elementor-element-bfaadd0 elementor-widget elementor-widget-text-editor\" data-id=\"bfaadd0\" data-element_type=\"widget\" data-e-type=\"widget\" data-widget_type=\"text-editor.default\">\n\t\t\t\t<div class=\"elementor-widget-container\">\n\t\t\t\t\t\t\t\t\t<p><strong>Les pellets sont un choix \u00e9cologique pour alimenter nos po\u00eales.<\/strong> Fabriqu\u00e9s \u00e0 partir de sciure de bois recycl\u00e9e, ils repr\u00e9sentent une alternative durable aux combustibles fossiles. <strong>Les pellets br\u00fblent proprement et efficacement, ce qui leur permet de g\u00e9n\u00e9rer moins d'\u00e9missions et de tirer le meilleur parti de l'\u00e9nergie renouvelable.<\/strong> Cette approche vous permet de r\u00e9duire votre impact sur l'environnement et de fournir une source de chaleur fiable et efficace pour votre maison.<\/p><p><strong>En choisissant un po\u00eale \u00e0 granul\u00e9s ECOFAB, vous optez pour une solution de chauffage qui respecte l'environnement et favorise un avenir plus durable.<\/strong> Rejoignez-nous sur ce chemin de la durabilit\u00e9 et d\u00e9couvrez la chaleur \u00e9co-efficace que nos po\u00eales \u00e0 granul\u00e9s peuvent apporter \u00e0 votre maison.<\/p>\t\t\t\t\t\t\t\t<\/div>\n\t\t\t\t<\/div>\n\t\t\t\t<div class=\"elementor-element elementor-element-2967fa4 elementor-widget elementor-widget-litho-heading\" data-id=\"2967fa4\" data-element_type=\"widget\" data-e-type=\"widget\" data-widget_type=\"litho-heading.default\">\n\t\t\t\t<div class=\"elementor-widget-container\">\n\t\t\t\t\t<h3 class=\"litho-heading elementor-size-large\"><span class=\"litho-primary-title\">Avantages de l'utilisation de granul\u00e9s comme solution de chauffage :<\/span><\/h3>\t\t\t\t<\/div>\n\t\t\t\t<\/div>\n\t\t\t\t<div class=\"elementor-element elementor-element-69c7cee elementor-align-start elementor-icon-list--layout-traditional elementor-list-item-link-full_width elementor-invisible elementor-widget elementor-widget-icon-list\" data-id=\"69c7cee\" data-element_type=\"widget\" data-e-type=\"widget\" data-settings=\"{&quot;_animation&quot;:&quot;fadeIn&quot;}\" data-widget_type=\"icon-list.default\">\n\t\t\t\t<div class=\"elementor-widget-container\">\n\t\t\t\t\t\t\t<ul class=\"elementor-icon-list-items\">\n\t\t\t\t\t\t\t<li class=\"elementor-icon-list-item\">\n\t\t\t\t\t\t\t\t\t\t\t<span class=\"elementor-icon-list-icon\">\n\t\t\t\t\t\t\t<i aria-hidden=\"true\" class=\"fas fa-chevron-right\"><\/i>\t\t\t\t\t\t<\/span>\n\t\t\t\t\t\t\t\t\t\t<span class=\"elementor-icon-list-text\"><b>Renouvelable et durable : <\/b> Les pellets sont produits \u00e0 partir de d\u00e9chets de bois, ce qui en fait une source d'\u00e9nergie renouvelable qui r\u00e9duit le gaspillage des ressources ;<\/span>\n\t\t\t\t\t\t\t\t\t<\/li>\n\t\t\t\t\t\t\t\t<li class=\"elementor-icon-list-item\">\n\t\t\t\t\t\t\t\t\t\t\t<span class=\"elementor-icon-list-icon\">\n\t\t\t\t\t\t\t<i aria-hidden=\"true\" class=\"fas fa-chevron-right\"><\/i>\t\t\t\t\t\t<\/span>\n\t\t\t\t\t\t\t\t\t\t<span class=\"elementor-icon-list-text\"><b>Efficacit\u00e9 \u00e9nerg\u00e9tique \u00e9lev\u00e9e : <\/b> Par rapport \u00e0 d'autres sources de combustible, les granul\u00e9s br\u00fblent plus efficacement, produisant plus de chaleur avec moins de mat\u00e9riau ;<\/span>\n\t\t\t\t\t\t\t\t\t<\/li>\n\t\t\t\t\t\t\t\t<li class=\"elementor-icon-list-item\">\n\t\t\t\t\t\t\t\t\t\t\t<span class=\"elementor-icon-list-icon\">\n\t\t\t\t\t\t\t<i aria-hidden=\"true\" class=\"fas fa-chevron-right\"><\/i>\t\t\t\t\t\t<\/span>\n\t\t\t\t\t\t\t\t\t\t<span class=\"elementor-icon-list-text\"><b>Faible \u00e9mission de polluants : <\/b> La combustion de pellets \u00e9met moins de polluants que les autres sources de combustible traditionnelles, ce qui se traduit par une empreinte \u00e9cologique plus faible ;<\/span>\n\t\t\t\t\t\t\t\t\t<\/li>\n\t\t\t\t\t\t\t\t<li class=\"elementor-icon-list-item\">\n\t\t\t\t\t\t\t\t\t\t\t<span class=\"elementor-icon-list-icon\">\n\t\t\t\t\t\t\t<i aria-hidden=\"true\" class=\"fas fa-chevron-right\"><\/i>\t\t\t\t\t\t<\/span>\n\t\t\t\t\t\t\t\t\t\t<span class=\"elementor-icon-list-text\"><b>Facile \u00e0 ranger et \u00e0 utiliser : <\/b> Les granul\u00e9s sont compacts et faciles \u00e0 stocker, ils prennent moins de place que le bois de chauffage et sont plus faciles \u00e0 manipuler ;<\/span>\n\t\t\t\t\t\t\t\t\t<\/li>\n\t\t\t\t\t\t\t\t<li class=\"elementor-icon-list-item\">\n\t\t\t\t\t\t\t\t\t\t\t<span class=\"elementor-icon-list-icon\">\n\t\t\t\t\t\t\t<i aria-hidden=\"true\" class=\"fas fa-chevron-right\"><\/i>\t\t\t\t\t\t<\/span>\n\t\t\t\t\t\t\t\t\t\t<span class=\"elementor-icon-list-text\"><b>Rentable : <\/b> Les pellets repr\u00e9sentent un co\u00fbt \u00e0 long terme inf\u00e9rieur \u00e0 celui des autres sources de combustible, pour un chauffage efficace \u00e0 moindre co\u00fbt ;<\/span>\n\t\t\t\t\t\t\t\t\t<\/li>\n\t\t\t\t\t\t\t\t<li class=\"elementor-icon-list-item\">\n\t\t\t\t\t\t\t\t\t\t\t<span class=\"elementor-icon-list-icon\">\n\t\t\t\t\t\t\t<i aria-hidden=\"true\" class=\"fas fa-chevron-right\"><\/i>\t\t\t\t\t\t<\/span>\n\t\t\t\t\t\t\t\t\t\t<span class=\"elementor-icon-list-text\"><b>Coh\u00e9rence de la qualit\u00e9 : <\/b> Les granul\u00e9s ont une norme de qualit\u00e9 plus uniforme que le bois de chauffage, ce qui permet d'obtenir des performances constantes ;<\/span>\n\t\t\t\t\t\t\t\t\t<\/li>\n\t\t\t\t\t\t\t\t<li class=\"elementor-icon-list-item\">\n\t\t\t\t\t\t\t\t\t\t\t<span class=\"elementor-icon-list-icon\">\n\t\t\t\t\t\t\t<i aria-hidden=\"true\" class=\"fas fa-chevron-right\"><\/i>\t\t\t\t\t\t<\/span>\n\t\t\t\t\t\t\t\t\t\t<span class=\"elementor-icon-list-text\"><b>Commodit\u00e9 : <\/b> L'utilisation de granul\u00e9s \u00e9limine la n\u00e9cessit\u00e9 de couper, d'empiler et de s\u00e9cher le bois, ce qui en fait une solution de chauffage plus pratique et sans tracas.<\/span>\n\t\t\t\t\t\t\t\t\t<\/li>\n\t\t\t\t\t\t<\/ul>\n\t\t\t\t\t\t<\/div>\n\t\t\t\t<\/div>\n\t\t\t\t\t<\/div>\n\t\t<\/div>\n\t\t\t\t\t<\/div>\n\t\t<\/section>\n\t\t\t\t<\/div>","protected":false},"excerpt":{"rendered":"<p>Sustentabilidade Ferro fundido e Pellets para um Mundo melhor. Compromisso com solu\u00e7\u00f5es de aquecimento eficientes e sustent\u00e1veis Na ECOFAB, valorizamos a integridade e a funcionalidade dos nossos produtos. O ferro fundido, material central Salamandras a Pellets e Lareiras de Exterior, \u00e9 escolhido pela sua durabilidade excepcional e garantia de um aquecimento confi\u00e1vel e duradouro. As [&hellip;]<\/p>\n","protected":false},"author":1,"featured_media":75483,"parent":0,"menu_order":0,"comment_status":"closed","ping_status":"closed","template":"","meta":{"footnotes":""},"class_list":["post-76407","page","type-page","status-publish","has-post-thumbnail","hentry"],"_links":{"self":[{"href":"https:\/\/ecofab.pt\/fr\/wp-json\/wp\/v2\/pages\/76407","targetHints":{"allow":["GET"]}}],"collection":[{"href":"https:\/\/ecofab.pt\/fr\/wp-json\/wp\/v2\/pages"}],"about":[{"href":"https:\/\/ecofab.pt\/fr\/wp-json\/wp\/v2\/types\/page"}],"author":[{"embeddable":true,"href":"https:\/\/ecofab.pt\/fr\/wp-json\/wp\/v2\/users\/1"}],"replies":[{"embeddable":true,"href":"https:\/\/ecofab.pt\/fr\/wp-json\/wp\/v2\/comments?post=76407"}],"version-history":[{"count":91,"href":"https:\/\/ecofab.pt\/fr\/wp-json\/wp\/v2\/pages\/76407\/revisions"}],"predecessor-version":[{"id":78412,"href":"https:\/\/ecofab.pt\/fr\/wp-json\/wp\/v2\/pages\/76407\/revisions\/78412"}],"wp:featuredmedia":[{"embeddable":true,"href":"https:\/\/ecofab.pt\/fr\/wp-json\/wp\/v2\/media\/75483"}],"wp:attachment":[{"href":"https:\/\/ecofab.pt\/fr\/wp-json\/wp\/v2\/media?parent=76407"}],"curies":[{"name":"wp","href":"https:\/\/api.w.org\/{rel}","templated":true}]}}