{"id":76506,"date":"2024-01-31T15:55:33","date_gmt":"2024-01-31T15:55:33","guid":{"rendered":"https:\/\/ecofab.pt\/?page_id=76506"},"modified":"2024-02-25T21:50:58","modified_gmt":"2024-02-25T21:50:58","slug":"institutionnel","status":"publish","type":"page","link":"https:\/\/ecofab.pt\/fr\/institutionnel\/","title":{"rendered":"Institutionnel"},"content":{"rendered":"<div data-elementor-type=\"wp-page\" data-elementor-id=\"76506\" class=\"elementor elementor-76506\" data-elementor-post-type=\"page\">\n\t\t\t\t\t\t<section class=\"elementor-section elementor-top-section elementor-element elementor-element-d2bfccd elementor-section-content-middle elementor-section-height-min-height elementor-section-items-bottom elementor-section-boxed elementor-section-height-default\" data-id=\"d2bfccd\" data-element_type=\"section\" data-e-type=\"section\" data-settings=\"{&quot;background_background&quot;:&quot;classic&quot;}\">\n\t\t\t\t\t\t\t<div class=\"elementor-background-overlay\"><\/div>\n\t\t\t\t\t\t\t<div class=\"elementor-container elementor-column-gap-default\">\n\t\t\t\t\t<div class=\"elementor-column elementor-col-100 elementor-top-column elementor-element elementor-element-1075e4c animated-slow elementor-invisible\" data-fullscreen-column-settings=\"{&quot;fullscreen&quot;:&quot;&quot;}\" data-id=\"1075e4c\" data-element_type=\"column\" data-e-type=\"column\" data-settings=\"{&quot;animation&quot;:&quot;fadeIn&quot;,&quot;animation_delay&quot;:100}\">\n\t\t\t<div class=\"elementor-widget-wrap elementor-element-populated\">\n\t\t\t\t\t\t<div class=\"elementor-element elementor-element-ad97762 elementor-widget-mobile__width-initial elementor-widget elementor-widget-litho-heading\" data-id=\"ad97762\" data-element_type=\"widget\" data-e-type=\"widget\" data-widget_type=\"litho-heading.default\">\n\t\t\t\t<div class=\"elementor-widget-container\">\n\t\t\t\t\t<h1 class=\"litho-heading elementor-size-xl\"><span class=\"litho-primary-title\">Institutionnel<\/span><\/h1>\t\t\t\t<\/div>\n\t\t\t\t<\/div>\n\t\t\t\t<div class=\"elementor-element elementor-element-edd024d elementor-widget-mobile__width-initial elementor-widget elementor-widget-litho-heading\" data-id=\"edd024d\" data-element_type=\"widget\" data-e-type=\"widget\" data-widget_type=\"litho-heading.default\">\n\t\t\t\t<div class=\"elementor-widget-container\">\n\t\t\t\t\t<h2 class=\"litho-heading elementor-size-large\"><span class=\"litho-primary-title\">L'engagement d'ECOFAB<\/span><\/h2>\t\t\t\t<\/div>\n\t\t\t\t<\/div>\n\t\t\t\t\t<\/div>\n\t\t<\/div>\n\t\t\t\t\t<\/div>\n\t\t<\/section>\n\t\t\t\t<section class=\"elementor-section elementor-top-section elementor-element elementor-element-e79bb6d elementor-section-boxed elementor-section-height-default elementor-section-height-default\" data-id=\"e79bb6d\" data-element_type=\"section\" data-e-type=\"section\">\n\t\t\t\t\t\t<div class=\"elementor-container elementor-column-gap-default\">\n\t\t\t\t\t<div class=\"elementor-column elementor-col-50 elementor-top-column elementor-element elementor-element-6341872\" data-fullscreen-column-settings=\"{&quot;fullscreen&quot;:&quot;&quot;}\" data-id=\"6341872\" data-element_type=\"column\" data-e-type=\"column\">\n\t\t\t<div class=\"elementor-widget-wrap elementor-element-populated\">\n\t\t\t\t\t\t<div class=\"elementor-element elementor-element-5eeef1a elementor-widget elementor-widget-litho-heading\" data-id=\"5eeef1a\" data-element_type=\"widget\" data-e-type=\"widget\" data-widget_type=\"litho-heading.default\">\n\t\t\t\t<div class=\"elementor-widget-container\">\n\t\t\t\t\t<h3 class=\"litho-heading elementor-size-large\"><span class=\"litho-primary-title\">Notre patrimoine<\/span><\/h3>\t\t\t\t<\/div>\n\t\t\t\t<\/div>\n\t\t\t\t<div class=\"elementor-element elementor-element-ac1c812 elementor-widget elementor-widget-text-editor\" data-id=\"ac1c812\" data-element_type=\"widget\" data-e-type=\"widget\" data-widget_type=\"text-editor.default\">\n\t\t\t\t<div class=\"elementor-widget-container\">\n\t\t\t\t\t\t\t\t\t<p>ECOFAB est n\u00e9 de <span style=\"text-decoration: underline;\"><span style=\"color: #000000;\"><a style=\"color: #000000; text-decoration: underline;\" href=\"https:\/\/www.felino.pt\/\" target=\"_blank\" rel=\"noopener nofollow\">FELINO SA <\/a><\/span><\/span>dans le but de partager les connaissances et l'expertise accumul\u00e9es au cours de plus de 80 ans d'activit\u00e9 industrielle avec un march\u00e9 notoirement national. Nous avons h\u00e9rit\u00e9 d'un processus de production qui englobe toutes les \u00e9tapes, de la conception et du design au produit final. Nous sommes ainsi en mesure de maintenir des normes de qualit\u00e9 \u00e0 chaque \u00e9tape et de garantir \u00e0 nos clients un excellent r\u00e9sultat final.<\/p>\t\t\t\t\t\t\t\t<\/div>\n\t\t\t\t<\/div>\n\t\t\t\t<div class=\"elementor-element elementor-element-bdd8dee elementor-widget elementor-widget-text-editor\" data-id=\"bdd8dee\" data-element_type=\"widget\" data-e-type=\"widget\" data-widget_type=\"text-editor.default\">\n\t\t\t\t<div class=\"elementor-widget-container\">\n\t\t\t\t\t\t\t\t\t<p><strong>Nous cr\u00e9ons des pi\u00e8ces de design qui transforment votre maison en un environnement parfait pour ressentir et appr\u00e9cier les \u00e9motions humaines.<\/strong><\/p>\t\t\t\t\t\t\t\t<\/div>\n\t\t\t\t<\/div>\n\t\t\t\t\t<\/div>\n\t\t<\/div>\n\t\t\t\t<div class=\"elementor-column elementor-col-50 elementor-top-column elementor-element elementor-element-87dd73d\" data-fullscreen-column-settings=\"{&quot;fullscreen&quot;:&quot;&quot;}\" data-id=\"87dd73d\" data-element_type=\"column\" data-e-type=\"column\">\n\t\t\t<div class=\"elementor-widget-wrap elementor-element-populated\">\n\t\t\t\t\t\t<div class=\"elementor-element elementor-element-d31d338 elementor-widget elementor-widget-image\" data-id=\"d31d338\" data-element_type=\"widget\" data-e-type=\"widget\" data-widget_type=\"image.default\">\n\t\t\t\t<div class=\"elementor-widget-container\">\n\t\t\t\t\t\t\t\t\t\t\t\t\t\t\t<img fetchpriority=\"high\" decoding=\"async\" width=\"1024\" height=\"1024\" src=\"https:\/\/ecofab.pt\/wp-content\/uploads\/2024\/01\/217932708_263644982188632_8214980433558674440_n-e1706722992296-1024x1024.jpg\" class=\"attachment-large size-large wp-image-76663\" alt=\"ECOFAB, solutions de chauffage, po\u00eales \u00e0 granul\u00e9s, po\u00eales \u00e0 granul\u00e9s, fonte\" srcset=\"https:\/\/ecofab.pt\/wp-content\/uploads\/2024\/01\/217932708_263644982188632_8214980433558674440_n-e1706722992296-1024x1024.jpg 1024w, https:\/\/ecofab.pt\/wp-content\/uploads\/2024\/01\/217932708_263644982188632_8214980433558674440_n-e1706722992296-300x300.jpg 300w, https:\/\/ecofab.pt\/wp-content\/uploads\/2024\/01\/217932708_263644982188632_8214980433558674440_n-e1706722992296-150x150.jpg 150w, https:\/\/ecofab.pt\/wp-content\/uploads\/2024\/01\/217932708_263644982188632_8214980433558674440_n-e1706722992296-768x768.jpg 768w, https:\/\/ecofab.pt\/wp-content\/uploads\/2024\/01\/217932708_263644982188632_8214980433558674440_n-e1706722992296-200x200.jpg 200w, https:\/\/ecofab.pt\/wp-content\/uploads\/2024\/01\/217932708_263644982188632_8214980433558674440_n-e1706722992296.jpg 1080w\" sizes=\"(max-width: 1024px) 100vw, 1024px\" \/>\t\t\t\t\t\t\t\t\t\t\t\t\t\t\t<\/div>\n\t\t\t\t<\/div>\n\t\t\t\t\t<\/div>\n\t\t<\/div>\n\t\t\t\t\t<\/div>\n\t\t<\/section>\n\t\t\t\t<section class=\"elementor-section elementor-top-section elementor-element elementor-element-af498cf elementor-section-boxed elementor-section-height-default elementor-section-height-default\" data-id=\"af498cf\" data-element_type=\"section\" data-e-type=\"section\">\n\t\t\t\t\t\t<div class=\"elementor-container elementor-column-gap-default\">\n\t\t\t\t\t<div class=\"elementor-column elementor-col-50 elementor-top-column elementor-element elementor-element-d8ae589\" data-fullscreen-column-settings=\"{&quot;fullscreen&quot;:&quot;&quot;}\" data-id=\"d8ae589\" data-element_type=\"column\" data-e-type=\"column\">\n\t\t\t<div class=\"elementor-widget-wrap elementor-element-populated\">\n\t\t\t\t\t\t<div class=\"elementor-element elementor-element-fceaa93 elementor-widget__width-initial elementor-widget elementor-widget-image\" data-id=\"fceaa93\" data-element_type=\"widget\" data-e-type=\"widget\" data-widget_type=\"image.default\">\n\t\t\t\t<div class=\"elementor-widget-container\">\n\t\t\t\t\t\t\t\t\t\t\t\t\t\t\t<img decoding=\"async\" width=\"819\" height=\"1024\" src=\"https:\/\/ecofab.pt\/wp-content\/uploads\/2024\/01\/ECOFAB-engenharia-819x1024.jpg\" class=\"attachment-large size-large wp-image-76661\" alt=\"ECOFAB, ing\u00e9nierie\" srcset=\"https:\/\/ecofab.pt\/wp-content\/uploads\/2024\/01\/ECOFAB-engenharia-819x1024.jpg 819w, https:\/\/ecofab.pt\/wp-content\/uploads\/2024\/01\/ECOFAB-engenharia-240x300.jpg 240w, https:\/\/ecofab.pt\/wp-content\/uploads\/2024\/01\/ECOFAB-engenharia-768x960.jpg 768w, https:\/\/ecofab.pt\/wp-content\/uploads\/2024\/01\/ECOFAB-engenharia-1229x1536.jpg 1229w, https:\/\/ecofab.pt\/wp-content\/uploads\/2024\/01\/ECOFAB-engenharia-200x250.jpg 200w, https:\/\/ecofab.pt\/wp-content\/uploads\/2024\/01\/ECOFAB-engenharia.jpg 1440w\" sizes=\"(max-width: 819px) 100vw, 819px\" \/>\t\t\t\t\t\t\t\t\t\t\t\t\t\t\t<\/div>\n\t\t\t\t<\/div>\n\t\t\t\t\t<\/div>\n\t\t<\/div>\n\t\t\t\t<div class=\"elementor-column elementor-col-50 elementor-top-column elementor-element elementor-element-d64ef52\" data-fullscreen-column-settings=\"{&quot;fullscreen&quot;:&quot;&quot;}\" data-id=\"d64ef52\" data-element_type=\"column\" data-e-type=\"column\">\n\t\t\t<div class=\"elementor-widget-wrap elementor-element-populated\">\n\t\t\t\t\t\t<div class=\"elementor-element elementor-element-1ab7993 elementor-widget elementor-widget-litho-heading\" data-id=\"1ab7993\" data-element_type=\"widget\" data-e-type=\"widget\" data-widget_type=\"litho-heading.default\">\n\t\t\t\t<div class=\"elementor-widget-container\">\n\t\t\t\t\t<h3 class=\"litho-heading elementor-size-large\"><span class=\"litho-primary-title\">Excellence en mati\u00e8re d'ing\u00e9nierie<\/span><\/h3>\t\t\t\t<\/div>\n\t\t\t\t<\/div>\n\t\t\t\t<div class=\"elementor-element elementor-element-4e72ead elementor-widget elementor-widget-text-editor\" data-id=\"4e72ead\" data-element_type=\"widget\" data-e-type=\"widget\" data-widget_type=\"text-editor.default\">\n\t\t\t\t<div class=\"elementor-widget-container\">\n\t\t\t\t\t\t\t\t\t<p>Nous partons de m\u00e9taux en fin de vie pour aboutir \u00e0 des machines et des \u00e9quipements de la plus haute qualit\u00e9 et performance ! Avec une \u00e9quipe de projet \u00e9quip\u00e9e des meilleurs outils, y compris le prototypage rapide, utilisant les machines les plus avanc\u00e9es pour produire et contr\u00f4ler les composants, le tout encadr\u00e9 par une \u00e9quipe jeune et hautement qualifi\u00e9e et un groupe de personnes tr\u00e8s motiv\u00e9es qui se consacrent \u00e0 vous apporter les produits les plus efficaces et les plus durables.<\/p>\t\t\t\t\t\t\t\t<\/div>\n\t\t\t\t<\/div>\n\t\t\t\t<div class=\"elementor-element elementor-element-585d861 elementor-widget elementor-widget-litho-heading\" data-id=\"585d861\" data-element_type=\"widget\" data-e-type=\"widget\" data-widget_type=\"litho-heading.default\">\n\t\t\t\t<div class=\"elementor-widget-container\">\n\t\t\t\t\t<h3 class=\"litho-heading elementor-size-large\"><span class=\"litho-primary-title\">Qualit\u00e9 certifi\u00e9e<\/span><\/h3>\t\t\t\t<\/div>\n\t\t\t\t<\/div>\n\t\t\t\t<div class=\"elementor-element elementor-element-6d4c3da elementor-widget elementor-widget-text-editor\" data-id=\"6d4c3da\" data-element_type=\"widget\" data-e-type=\"widget\" data-widget_type=\"text-editor.default\">\n\t\t\t\t<div class=\"elementor-widget-container\">\n\t\t\t\t\t\t\t\t\t<p>La certification de la qualit\u00e9 constitue un soutien int\u00e9gr\u00e9 \u00e0 l'ensemble de notre expertise technologique et scientifique. L'am\u00e9lioration continue et la pratique de politiques durables sont les fondements de la satisfaction de nos clients dans toutes les solutions que nous offrons.<\/p>\t\t\t\t\t\t\t\t<\/div>\n\t\t\t\t<\/div>\n\t\t\t\t\t<\/div>\n\t\t<\/div>\n\t\t\t\t\t<\/div>\n\t\t<\/section>\n\t\t\t\t<section class=\"elementor-section elementor-top-section elementor-element elementor-element-c79436e elementor-section-content-middle elementor-section-boxed elementor-section-height-default elementor-section-height-default\" data-id=\"c79436e\" data-element_type=\"section\" data-e-type=\"section\" data-settings=\"{&quot;background_background&quot;:&quot;classic&quot;}\">\n\t\t\t\t\t\t<div class=\"elementor-container elementor-column-gap-default\">\n\t\t\t\t\t<div class=\"elementor-column elementor-col-100 elementor-top-column elementor-element elementor-element-27d7192\" data-fullscreen-column-settings=\"{&quot;fullscreen&quot;:&quot;&quot;}\" data-id=\"27d7192\" data-element_type=\"column\" data-e-type=\"column\">\n\t\t\t<div class=\"elementor-widget-wrap elementor-element-populated\">\n\t\t\t\t\t\t<div class=\"elementor-element elementor-element-35b3147 elementor-widget-mobile__width-initial elementor-widget elementor-widget-litho-heading\" data-id=\"35b3147\" data-element_type=\"widget\" data-e-type=\"widget\" data-widget_type=\"litho-heading.default\">\n\t\t\t\t<div class=\"elementor-widget-container\">\n\t\t\t\t\t<h2 class=\"litho-heading elementor-size-medium\"><span class=\"litho-primary-title\">LE PATRIMOINE CULTUREL, L'\u00c9COLOGIE ET LES EXP\u00c9RIENCES HUMAINES.<\/span><\/h2>\t\t\t\t<\/div>\n\t\t\t\t<\/div>\n\t\t\t\t<div class=\"elementor-element elementor-element-a1bf7ef elementor-widget elementor-widget-text-editor\" data-id=\"a1bf7ef\" data-element_type=\"widget\" data-e-type=\"widget\" data-widget_type=\"text-editor.default\">\n\t\t\t\t<div class=\"elementor-widget-container\">\n\t\t\t\t\t\t\t\t\t<div class=\"text\"><strong>ECOFAB est une entreprise jeune et dynamique, fond\u00e9e en 2013 dans le but de cr\u00e9er des produits \u00e0 usage domestique. S'appuyant sur la capacit\u00e9 technique et l'expertise d'une entreprise active depuis plus de 80 ans sur les march\u00e9s de la construction de machines, de la fonderie et de la construction m\u00e9canique en Belgique et \u00e0 l'\u00e9tranger, ECOFAB propose une technologie innovante d'une qualit\u00e9 exceptionnelle.<\/strong><\/div><div>\u00a0<\/div><div class=\"text\">La rentabilit\u00e9 de notre activit\u00e9 repose sur l'am\u00e9lioration continue de nos produits et sur notre engagement en faveur du d\u00e9veloppement durable.<br \/>Nous voulons contribuer au bien-\u00eatre des personnes et pr\u00e9server l'environnement pour les g\u00e9n\u00e9rations futures.<\/div><div class=\"text\">Nous sommes consciencieux dans la s\u00e9lection des mati\u00e8res premi\u00e8res et exigeants dans le choix des mat\u00e9riaux utilis\u00e9s. C'est par le d\u00e9veloppement de produits et l'exp\u00e9rimentation constante que nous acqu\u00e9rons la confiance n\u00e9cessaire pour lancer nos produits.<\/div>\t\t\t\t\t\t\t\t<\/div>\n\t\t\t\t<\/div>\n\t\t\t\t<div class=\"elementor-element elementor-element-9e583ca elementor-widget elementor-widget-text-editor\" data-id=\"9e583ca\" data-element_type=\"widget\" data-e-type=\"widget\" data-widget_type=\"text-editor.default\">\n\t\t\t\t<div class=\"elementor-widget-container\">\n\t\t\t\t\t\t\t\t\t<p><strong><span style=\"color: #008000;\">Nous avons adopt\u00e9 une strat\u00e9gie d'\u00e9conomie circulaire pour rendre le monde meilleur. Nous combinons le fer, principale mati\u00e8re premi\u00e8re utilis\u00e9e pour fabriquer nos po\u00eales, avec des granul\u00e9s, un mat\u00e9riau recycl\u00e9, durable et tr\u00e8s performant.<\/span><\/strong><\/p>\t\t\t\t\t\t\t\t<\/div>\n\t\t\t\t<\/div>\n\t\t\t\t<div class=\"elementor-element elementor-element-369f136 elementor-widget elementor-widget-text-editor\" data-id=\"369f136\" data-element_type=\"widget\" data-e-type=\"widget\" data-widget_type=\"text-editor.default\">\n\t\t\t\t<div class=\"elementor-widget-container\">\n\t\t\t\t\t\t\t\t\t<div class=\"text\"><strong>Chez ECOFAB, nous comprenons qu'un po\u00eale \u00e0 granul\u00e9s est bien plus qu'une simple source de chaleur. C'est le c\u0153ur de la maison, un point de rencontre qui r\u00e9unit la famille et les amis et qui fa\u00e7onne l'atmosph\u00e8re de la pi\u00e8ce et de nos vies. Nos po\u00eales sont con\u00e7us non seulement pour chauffer, mais aussi pour transformer votre maison en un environnement parfait pour ressentir et appr\u00e9cier les \u00e9motions humaines.<\/strong><\/div><div>\u00a0<\/div><div class=\"text\">Nous combinons une technologie de pointe et un design personnalis\u00e9 pour cr\u00e9er des solutions de chauffage uniques, attrayantes et fonctionnelles, tout en int\u00e9grant des fonctionnalit\u00e9s avanc\u00e9es pour rendre votre exp\u00e9rience utilisateur encore plus simple et plus efficace.\u00a0<\/div>\t\t\t\t\t\t\t\t<\/div>\n\t\t\t\t<\/div>\n\t\t\t\t\t<\/div>\n\t\t<\/div>\n\t\t\t\t\t<\/div>\n\t\t<\/section>\n\t\t\t\t<section class=\"elementor-section elementor-top-section elementor-element elementor-element-d1ba3ec elementor-section-boxed elementor-section-height-default elementor-section-height-default\" data-id=\"d1ba3ec\" data-element_type=\"section\" data-e-type=\"section\" data-settings=\"{&quot;background_background&quot;:&quot;classic&quot;}\">\n\t\t\t\t\t\t<div class=\"elementor-container elementor-column-gap-default\">\n\t\t\t\t\t<div class=\"elementor-column elementor-col-100 elementor-top-column elementor-element elementor-element-1415573\" data-fullscreen-column-settings=\"{&quot;fullscreen&quot;:&quot;&quot;}\" data-id=\"1415573\" data-element_type=\"column\" data-e-type=\"column\" data-settings=\"{&quot;background_background&quot;:&quot;classic&quot;}\">\n\t\t\t<div class=\"elementor-widget-wrap elementor-element-populated\">\n\t\t\t\t\t\t<section class=\"elementor-section elementor-inner-section elementor-element elementor-element-bc4db36 elementor-section-boxed elementor-section-height-default elementor-section-height-default elementor-invisible\" data-id=\"bc4db36\" data-element_type=\"section\" data-e-type=\"section\" data-settings=\"{&quot;background_background&quot;:&quot;classic&quot;,&quot;animation&quot;:&quot;fadeIn&quot;}\">\n\t\t\t\t\t\t<div class=\"elementor-container elementor-column-gap-default\">\n\t\t\t\t\t<div class=\"elementor-column elementor-col-33 elementor-inner-column elementor-element elementor-element-d1f8555\" data-fullscreen-column-settings=\"{&quot;fullscreen&quot;:&quot;&quot;}\" data-id=\"d1f8555\" data-element_type=\"column\" data-e-type=\"column\">\n\t\t\t<div class=\"elementor-widget-wrap elementor-element-populated\">\n\t\t\t\t\t\t<div class=\"elementor-element elementor-element-39ccf84 elementor-widget elementor-widget-image\" data-id=\"39ccf84\" data-element_type=\"widget\" data-e-type=\"widget\" data-settings=\"{&quot;_animation&quot;:&quot;none&quot;}\" data-widget_type=\"image.default\">\n\t\t\t\t<div class=\"elementor-widget-container\">\n\t\t\t\t\t\t\t\t\t\t\t\t\t\t\t<img decoding=\"async\" width=\"278\" height=\"282\" src=\"https:\/\/ecofab.pt\/wp-content\/uploads\/2024\/01\/ecodesign.jpg\" class=\"attachment-large size-large wp-image-75911\" alt=\"ECODESIGN, label d&#039;\u00e9coconception, Ecofab\" srcset=\"https:\/\/ecofab.pt\/wp-content\/uploads\/2024\/01\/ecodesign.jpg 278w, https:\/\/ecofab.pt\/wp-content\/uploads\/2024\/01\/ecodesign-100x100.jpg 100w, https:\/\/ecofab.pt\/wp-content\/uploads\/2024\/01\/ecodesign-200x203.jpg 200w\" sizes=\"(max-width: 278px) 100vw, 278px\" \/>\t\t\t\t\t\t\t\t\t\t\t\t\t\t\t<\/div>\n\t\t\t\t<\/div>\n\t\t\t\t\t<\/div>\n\t\t<\/div>\n\t\t\t\t<div class=\"elementor-column elementor-col-66 elementor-inner-column elementor-element elementor-element-95a3cbc\" data-fullscreen-column-settings=\"{&quot;fullscreen&quot;:&quot;&quot;}\" data-id=\"95a3cbc\" data-element_type=\"column\" data-e-type=\"column\" data-settings=\"{&quot;background_background&quot;:&quot;classic&quot;}\">\n\t\t\t<div class=\"elementor-widget-wrap elementor-element-populated\">\n\t\t\t\t\t\t<div class=\"elementor-element elementor-element-4596a3c elementor-widget elementor-widget-litho-heading\" data-id=\"4596a3c\" data-element_type=\"widget\" data-e-type=\"widget\" data-widget_type=\"litho-heading.default\">\n\t\t\t\t<div class=\"elementor-widget-container\">\n\t\t\t\t\t<h3 class=\"litho-heading elementor-size-large\"><span class=\"litho-primary-title\">Respect des directives et des normes internationales<\/span><\/h3>\t\t\t\t<\/div>\n\t\t\t\t<\/div>\n\t\t\t\t<div class=\"elementor-element elementor-element-531ff5b elementor-widget elementor-widget-text-editor\" data-id=\"531ff5b\" data-element_type=\"widget\" data-e-type=\"widget\" data-widget_type=\"text-editor.default\">\n\t\t\t\t<div class=\"elementor-widget-container\">\n\t\t\t\t\t\t\t\t\t<p>Nous nous engageons \u00e0 proposer des produits conformes aux normes internationales de s\u00e9curit\u00e9 et de qualit\u00e9. En effectuant des tests rigoureux au CATIM - le Centre d'appui technologique pour l'industrie m\u00e9tallurgique - nous garantissons que nos po\u00eales \u00e0 granul\u00e9s sont conformes aux directives europ\u00e9ennes les plus exigeantes, telles que la certification ECODESIGN, une initiative europ\u00e9enne visant \u00e0 r\u00e9duire les \u00e9missions dues \u00e0 la combustion.<\/p>\t\t\t\t\t\t\t\t<\/div>\n\t\t\t\t<\/div>\n\t\t\t\t\t<\/div>\n\t\t<\/div>\n\t\t\t\t\t<\/div>\n\t\t<\/section>\n\t\t\t\t\t<\/div>\n\t\t<\/div>\n\t\t\t\t\t<\/div>\n\t\t<\/section>\n\t\t\t\t<\/div>","protected":false},"excerpt":{"rendered":"<p>Institucional Compromisso ECOFAB A nossa Heran\u00e7a A ECOFAB nasce da FELINO SA com o prop\u00f3sito de partilhar o conhecimento e saber acumulados ao longo de mais de 80 anos de actividade industrial a um mercado notoriamente dom\u00e9stico. Herdamos um processo produtivo que engloba todas as fases desde a concep\u00e7\u00e3o e design at\u00e9 ao produto final. [&hellip;]<\/p>\n","protected":false},"author":1,"featured_media":75483,"parent":0,"menu_order":0,"comment_status":"closed","ping_status":"closed","template":"","meta":{"footnotes":""},"class_list":["post-76506","page","type-page","status-publish","has-post-thumbnail","hentry"],"_links":{"self":[{"href":"https:\/\/ecofab.pt\/fr\/wp-json\/wp\/v2\/pages\/76506","targetHints":{"allow":["GET"]}}],"collection":[{"href":"https:\/\/ecofab.pt\/fr\/wp-json\/wp\/v2\/pages"}],"about":[{"href":"https:\/\/ecofab.pt\/fr\/wp-json\/wp\/v2\/types\/page"}],"author":[{"embeddable":true,"href":"https:\/\/ecofab.pt\/fr\/wp-json\/wp\/v2\/users\/1"}],"replies":[{"embeddable":true,"href":"https:\/\/ecofab.pt\/fr\/wp-json\/wp\/v2\/comments?post=76506"}],"version-history":[{"count":80,"href":"https:\/\/ecofab.pt\/fr\/wp-json\/wp\/v2\/pages\/76506\/revisions"}],"predecessor-version":[{"id":77658,"href":"https:\/\/ecofab.pt\/fr\/wp-json\/wp\/v2\/pages\/76506\/revisions\/77658"}],"wp:featuredmedia":[{"embeddable":true,"href":"https:\/\/ecofab.pt\/fr\/wp-json\/wp\/v2\/media\/75483"}],"wp:attachment":[{"href":"https:\/\/ecofab.pt\/fr\/wp-json\/wp\/v2\/media?parent=76506"}],"curies":[{"name":"wp","href":"https:\/\/api.w.org\/{rel}","templated":true}]}}