{"id":77686,"date":"2024-02-25T22:36:55","date_gmt":"2024-02-25T22:36:55","guid":{"rendered":"https:\/\/ecofab.pt\/?page_id=77686"},"modified":"2024-02-25T22:38:31","modified_gmt":"2024-02-25T22:38:31","slug":"plan-du-site","status":"publish","type":"page","link":"https:\/\/ecofab.pt\/fr\/plan-du-site\/","title":{"rendered":"Plan du site"},"content":{"rendered":"<div data-elementor-type=\"wp-page\" data-elementor-id=\"77686\" class=\"elementor elementor-77686\" data-elementor-post-type=\"page\">\n\t\t\t\t\t\t<section class=\"elementor-section elementor-top-section elementor-element elementor-element-a734bc5 elementor-section-boxed elementor-section-height-default elementor-section-height-default\" data-id=\"a734bc5\" data-element_type=\"section\" data-e-type=\"section\">\n\t\t\t\t\t\t<div class=\"elementor-container elementor-column-gap-default\">\n\t\t\t\t\t<div class=\"elementor-column elementor-col-100 elementor-top-column elementor-element elementor-element-902f8b5\" data-fullscreen-column-settings=\"{&quot;fullscreen&quot;:&quot;&quot;}\" data-id=\"902f8b5\" data-element_type=\"column\" data-e-type=\"column\">\n\t\t\t<div class=\"elementor-widget-wrap elementor-element-populated\">\n\t\t\t\t\t\t<div class=\"elementor-element elementor-element-48cd8d9 elementor-widget-mobile__width-initial elementor-widget elementor-widget-litho-heading\" data-id=\"48cd8d9\" data-element_type=\"widget\" data-e-type=\"widget\" data-widget_type=\"litho-heading.default\">\n\t\t\t\t<div class=\"elementor-widget-container\">\n\t\t\t\t\t<h3 class=\"litho-heading elementor-size-large\"><span class=\"litho-primary-title\">Plan du site<\/span><\/h3>\t\t\t\t<\/div>\n\t\t\t\t<\/div>\n\t\t\t\t<div class=\"elementor-element elementor-element-421c847 elementor-widget elementor-widget-sitemap\" data-id=\"421c847\" data-element_type=\"widget\" data-e-type=\"widget\" data-widget_type=\"sitemap.default\">\n\t\t\t\t<div class=\"elementor-widget-container\">\n\t\t\t\t\t<div class=\"elementor-sitemap-wrap\"><div class=\"elementor-sitemap-section\"><h2 class=\"elementor-sitemap-title elementor-sitemap-page-title\">Pages<\/h2><ul class=\"elementor-sitemap-list elementor-sitemap-page-list\"><li class=\"elementor-sitemap-item elementor-sitemap-item-page page_item page-item-12776\"><a href=\"https:\/\/ecofab.pt\/fr\">ECOFAB<\/a><\/li><li class=\"elementor-sitemap-item elementor-sitemap-item-page page_item page-item-76176\"><a href=\"https:\/\/ecofab.pt\/fr\/poeles-a-granules\/\">Po\u00eales \u00e0 granul\u00e9s<\/a><ul class='children'><li class=\"elementor-sitemap-item elementor-sitemap-item-page page_item page-item-75796\"><a href=\"https:\/\/ecofab.pt\/fr\/poeles-a-granules\/marie\/\">Po\u00eale \u00e0 granul\u00e9s MARIE | 9.3kW<\/a><\/li><li class=\"elementor-sitemap-item elementor-sitemap-item-page page_item page-item-76030\"><a href=\"https:\/\/ecofab.pt\/fr\/poeles-a-granules\/isaac\/\">Po\u00eale \u00e0 granul\u00e9s ISAAC | 9.3kW<\/a><\/li><li class=\"elementor-sitemap-item elementor-sitemap-item-page page_item page-item-76090\"><a href=\"https:\/\/ecofab.pt\/fr\/poeles-a-granules\/albert\/\">ALBERT Po\u00eale \u00e0 pellets | 9.3kW<\/a><\/li><li class=\"elementor-sitemap-item elementor-sitemap-item-page page_item page-item-76124\"><a href=\"https:\/\/ecofab.pt\/fr\/poeles-a-granules\/nelson\/\">NELSON Po\u00eale \u00e0 pellets | 5.1kW<\/a><\/li><\/ul><\/li><li class=\"elementor-sitemap-item elementor-sitemap-item-page page_item page-item-76241\"><a href=\"https:\/\/ecofab.pt\/fr\/actualites\/\">Actualit\u00e9s<\/a><\/li><li class=\"elementor-sitemap-item elementor-sitemap-item-page page_item page-item-76340\"><a href=\"https:\/\/ecofab.pt\/fr\/contacts\/\">Contact<\/a><\/li><li class=\"elementor-sitemap-item elementor-sitemap-item-page page_item page-item-76407\"><a href=\"https:\/\/ecofab.pt\/fr\/la-durabilite\/\">Durabilit\u00e9<\/a><\/li><li class=\"elementor-sitemap-item elementor-sitemap-item-page page_item page-item-76456\"><a href=\"https:\/\/ecofab.pt\/fr\/soutien\/\">Soutien<\/a><\/li><li class=\"elementor-sitemap-item elementor-sitemap-item-page page_item page-item-76506\"><a href=\"https:\/\/ecofab.pt\/fr\/institutionnel\/\">Institutionnel<\/a><\/li><li class=\"elementor-sitemap-item elementor-sitemap-item-page page_item page-item-76716\"><a href=\"https:\/\/ecofab.pt\/fr\/cheminees-exterieures\/\">Foyers ext\u00e9rieurs<\/a><ul class='children'><li class=\"elementor-sitemap-item elementor-sitemap-item-page page_item page-item-76841\"><a href=\"https:\/\/ecofab.pt\/fr\/cheminees-exterieures\/courbe-sinusoidale\/\">Chemin\u00e9e ext\u00e9rieure SINE CURVE<\/a><\/li><li class=\"elementor-sitemap-item elementor-sitemap-item-page page_item page-item-76901\"><a href=\"https:\/\/ecofab.pt\/fr\/cheminees-exterieures\/ligne-sinusoidale\/\">Chemin\u00e9e ext\u00e9rieure SINE LINE<\/a><\/li><li class=\"elementor-sitemap-item elementor-sitemap-item-page page_item page-item-76911\"><a href=\"https:\/\/ecofab.pt\/fr\/cheminees-exterieures\/ligne-sinusoidale-plus\/\">Chemin\u00e9e d'ext\u00e9rieur SINE LINE PLUS<\/a><\/li><\/ul><\/li><li class=\"elementor-sitemap-item elementor-sitemap-item-page page_item page-item-76863\"><a href=\"https:\/\/ecofab.pt\/fr\/politique-de-confidentialite\/\">Politique de confidentialit\u00e9<\/a><\/li><li class=\"elementor-sitemap-item elementor-sitemap-item-page page_item page-item-77686\"><a href=\"https:\/\/ecofab.pt\/fr\/plan-du-site\/\">Plan du site<\/a><\/li><li class=\"elementor-sitemap-item elementor-sitemap-item-page page_item page-item-77695\"><a href=\"https:\/\/ecofab.pt\/fr\/politique-de-lue-en-matiere-de-cookies\/\">Politique en mati\u00e8re de cookies (UE)<\/a><\/li><\/ul><\/div><div class=\"elementor-sitemap-section\"><h2 class=\"elementor-sitemap-title elementor-sitemap-post-title\">Articles<\/h2><ul class=\"elementor-sitemap-list elementor-sitemap-post-list\"><li class=\"elementor-sitemap-item elementor-sitemap-item-post page_item page-item-78819\"><a href=\"https:\/\/ecofab.pt\/fr\/2025\/05\/caracteristicas-a-considerar-ao-escolher-uma-salamandra-a-pellets\/\">Caract\u00e9ristiques \u00e0 prendre en compte lors de l'achat d'un po\u00eale \u00e0 granul\u00e9s<\/a><\/li><li class=\"elementor-sitemap-item elementor-sitemap-item-post page_item page-item-78780\"><a href=\"https:\/\/ecofab.pt\/fr\/2025\/04\/aquecimento-a-biomassa-eficiencia-sustentabilidade-e-poupanca-energetica\/\">Chauffage \u00e0 la biomasse : efficacit\u00e9, durabilit\u00e9 et \u00e9conomies d'\u00e9nergie<\/a><\/li><li class=\"elementor-sitemap-item elementor-sitemap-item-post page_item page-item-78785\"><a href=\"https:\/\/ecofab.pt\/fr\/2025\/03\/reducao-de-17-do-iva\/\">Derniers mois pour b\u00e9n\u00e9ficier de la r\u00e9duction de la TVA de 17% sur les \u00e9quipements de biomasse<\/a><\/li><li class=\"elementor-sitemap-item elementor-sitemap-item-post page_item page-item-78775\"><a href=\"https:\/\/ecofab.pt\/fr\/2025\/02\/aquecimento-inteligente-e-conveniente\/\">Un chauffage intelligent et pratique<\/a><\/li><li class=\"elementor-sitemap-item elementor-sitemap-item-post page_item page-item-78744\"><a href=\"https:\/\/ecofab.pt\/fr\/2025\/01\/junte-se-a-uma-marca-de-excelencia\/\">Devenez un distributeur international ECOFAB : rejoignez une marque d'excellence<\/a><\/li><li class=\"elementor-sitemap-item elementor-sitemap-item-post page_item page-item-78770\"><a href=\"https:\/\/ecofab.pt\/fr\/2024\/12\/aquecimento-inteligente-e-sustentavel\/\">Chauffage intelligent et durable<\/a><\/li><li class=\"elementor-sitemap-item elementor-sitemap-item-post page_item page-item-78715\"><a href=\"https:\/\/ecofab.pt\/fr\/2024\/12\/comment-programmer-les-poeles-pour-economiser-lenergie\/\">Comment programmer les po\u00eales pour \u00e9conomiser l'\u00e9nergie ?<\/a><\/li><li class=\"elementor-sitemap-item elementor-sitemap-item-post page_item page-item-78697\"><a href=\"https:\/\/ecofab.pt\/fr\/2024\/11\/combien-de-sacs-de-granules-sont-utilises-par-jour\/\">Combien de sacs de granul\u00e9s utilisez-vous par jour ?<\/a><\/li><li class=\"elementor-sitemap-item elementor-sitemap-item-post page_item page-item-78689\"><a href=\"https:\/\/ecofab.pt\/fr\/2024\/10\/quel-poele-a-granules-choisir-pour-votre-projet-de-renovation\/\">Quel po\u00eale \u00e0 granul\u00e9s choisir pour votre projet de r\u00e9novation ?<\/a><\/li><li class=\"elementor-sitemap-item elementor-sitemap-item-post page_item page-item-78645\"><a href=\"https:\/\/ecofab.pt\/fr\/2024\/10\/ecofab-participe-a-la-foire-hem-villamassan-2024\/\">ECOFAB participe au salon Hem &amp; Villam\u00e4ssan 2024<\/a><\/li><li class=\"elementor-sitemap-item elementor-sitemap-item-post page_item page-item-78633\"><a href=\"https:\/\/ecofab.pt\/fr\/2024\/09\/comment-choisir-un-poele-a-granules-pour-votre-maison\/\">Comment choisir un po\u00eale \u00e0 granul\u00e9s de bois pour votre maison ?<\/a><\/li><li class=\"elementor-sitemap-item elementor-sitemap-item-post page_item page-item-78616\"><a href=\"https:\/\/ecofab.pt\/fr\/2024\/08\/lescalade-des-prix-de-lenergie\/\">Pr\u00e9parez-vous \u00e0 l'escalade des prix de l'\u00e9nergie<\/a><\/li><li class=\"elementor-sitemap-item elementor-sitemap-item-post page_item page-item-78560\"><a href=\"https:\/\/ecofab.pt\/fr\/2024\/07\/poeles-a-pellets-chauffage-efficace\/\">Po\u00eales \u00e0 granul\u00e9s : une solution de chauffage efficace tout au long de l'ann\u00e9e<\/a><\/li><li class=\"elementor-sitemap-item elementor-sitemap-item-post page_item page-item-78533\"><a href=\"https:\/\/ecofab.pt\/fr\/2024\/06\/poele-a-pellets-isaac\/\">Nouveau po\u00eale \u00e0 granul\u00e9s ISAAC : une fen\u00eatre \u00e9largie sur le confort du feu<\/a><\/li><li class=\"elementor-sitemap-item elementor-sitemap-item-post page_item page-item-78535\"><a href=\"https:\/\/ecofab.pt\/fr\/2024\/05\/cheminees-dexterieur-ecofab\/\">Chemin\u00e9es d'ext\u00e9rieur ECOFAB : Transformez l'ext\u00e9rieur de votre maison<\/a><\/li><li class=\"elementor-sitemap-item elementor-sitemap-item-post page_item page-item-78458\"><a href=\"https:\/\/ecofab.pt\/fr\/2024\/04\/poele-a-granules-de-bois-solution-de-chauffage-efficace-et-durable\/\">Po\u00eale \u00e0 granul\u00e9s : une solution de chauffage efficace et durable<\/a><\/li><li class=\"elementor-sitemap-item elementor-sitemap-item-post page_item page-item-78183\"><a href=\"https:\/\/ecofab.pt\/fr\/2024\/03\/lefficacite-energetique\/\">Chauffage \u00e0 haut rendement \u00e9nerg\u00e9tique<\/a><\/li><li class=\"elementor-sitemap-item elementor-sitemap-item-post page_item page-item-77296\"><a href=\"https:\/\/ecofab.pt\/fr\/2024\/02\/design-economie-et-technologie\/\">Conception, \u00e9conomie et technologie des po\u00eales \u00e0 granul\u00e9s Ecofab<\/a><\/li><li class=\"elementor-sitemap-item elementor-sitemap-item-post page_item page-item-32822\"><a href=\"https:\/\/ecofab.pt\/fr\/2024\/01\/ne-jamais-ceder-sauf-aux-convictions-bon-sens\/\">Affronter le froid avec l'efficacit\u00e9 du po\u00eale \u00e0 granul\u00e9s ECOFAB<\/a><\/li><li class=\"elementor-sitemap-item elementor-sitemap-item-post page_item page-item-32813\"><a href=\"https:\/\/ecofab.pt\/fr\/2024\/01\/progetto-fuoco-2024-visiter-ecofab\/\">Progetto Fuoco 2024 : Visitez ECOFAB \u00e0 V\u00e9rone dans le Hall 6 stand A52<\/a><\/li><li class=\"elementor-sitemap-item elementor-sitemap-item-post page_item page-item-32825\"><a href=\"https:\/\/ecofab.pt\/fr\/2023\/12\/solution-de-chauffage-efficace-pour-les-maisons-portugaises\/\">ECOFAB : une solution de chauffage efficace pour les maisons portugaises<\/a><\/li><li class=\"elementor-sitemap-item elementor-sitemap-item-post page_item page-item-77749\"><a href=\"https:\/\/ecofab.pt\/fr\/2023\/12\/pourquoi-choisir-un-poele-a-granules\/\">Pourquoi choisir un po\u00eale \u00e0 granul\u00e9s<\/a><\/li><li class=\"elementor-sitemap-item elementor-sitemap-item-post page_item page-item-77743\"><a href=\"https:\/\/ecofab.pt\/fr\/2022\/11\/quelle-est-la-meilleure-source-de-chauffage-pour-votre-hiver\/\">Quelle est la meilleure source de chauffage pour votre hiver ?<\/a><\/li><li class=\"elementor-sitemap-item elementor-sitemap-item-post page_item page-item-77737\"><a href=\"https:\/\/ecofab.pt\/fr\/2022\/10\/responsabilite-et-engagement-en-matiere-denvironnement-ecofab\/\">Responsabilit\u00e9 et engagement en mati\u00e8re d'environnement ECOFAB<\/a><\/li><li class=\"elementor-sitemap-item elementor-sitemap-item-post page_item page-item-77727\"><a href=\"https:\/\/ecofab.pt\/fr\/2022\/05\/eco-conception-2022\/\">ECODESIGN 2022<\/a><\/li><li class=\"elementor-sitemap-item elementor-sitemap-item-post page_item page-item-77721\"><a href=\"https:\/\/ecofab.pt\/fr\/2021\/11\/ifema-madrid\/\">IFEMA MADRID<\/a><\/li><li class=\"elementor-sitemap-item elementor-sitemap-item-post page_item page-item-77715\"><a href=\"https:\/\/ecofab.pt\/fr\/2021\/10\/decor-dhotel\/\">DECOR HOTEL<\/a><\/li><li class=\"elementor-sitemap-item elementor-sitemap-item-post page_item page-item-77708\"><a href=\"https:\/\/ecofab.pt\/fr\/2021\/09\/biomasa-expo-2021\/\">BIOMASA EXPO 2021<\/a><\/li><\/ul><\/div><\/div>\t\t\t\t<\/div>\n\t\t\t\t<\/div>\n\t\t\t\t\t<\/div>\n\t\t<\/div>\n\t\t\t\t\t<\/div>\n\t\t<\/section>\n\t\t\t\t<\/div>","protected":false},"excerpt":{"rendered":"<p>Plan du site<\/p>","protected":false},"author":1,"featured_media":75483,"parent":0,"menu_order":0,"comment_status":"closed","ping_status":"closed","template":"","meta":{"footnotes":""},"class_list":["post-77686","page","type-page","status-publish","has-post-thumbnail","hentry"],"_links":{"self":[{"href":"https:\/\/ecofab.pt\/fr\/wp-json\/wp\/v2\/pages\/77686","targetHints":{"allow":["GET"]}}],"collection":[{"href":"https:\/\/ecofab.pt\/fr\/wp-json\/wp\/v2\/pages"}],"about":[{"href":"https:\/\/ecofab.pt\/fr\/wp-json\/wp\/v2\/types\/page"}],"author":[{"embeddable":true,"href":"https:\/\/ecofab.pt\/fr\/wp-json\/wp\/v2\/users\/1"}],"replies":[{"embeddable":true,"href":"https:\/\/ecofab.pt\/fr\/wp-json\/wp\/v2\/comments?post=77686"}],"version-history":[{"count":4,"href":"https:\/\/ecofab.pt\/fr\/wp-json\/wp\/v2\/pages\/77686\/revisions"}],"predecessor-version":[{"id":77691,"href":"https:\/\/ecofab.pt\/fr\/wp-json\/wp\/v2\/pages\/77686\/revisions\/77691"}],"wp:featuredmedia":[{"embeddable":true,"href":"https:\/\/ecofab.pt\/fr\/wp-json\/wp\/v2\/media\/75483"}],"wp:attachment":[{"href":"https:\/\/ecofab.pt\/fr\/wp-json\/wp\/v2\/media?parent=77686"}],"curies":[{"name":"wp","href":"https:\/\/api.w.org\/{rel}","templated":true}]}}