{"id":76407,"date":"2024-01-29T12:42:44","date_gmt":"2024-01-29T12:42:44","guid":{"rendered":"https:\/\/ecofab.pt\/?page_id=76407"},"modified":"2024-04-24T21:30:09","modified_gmt":"2024-04-24T21:30:09","slug":"sustentabilidade","status":"publish","type":"page","link":"https:\/\/ecofab.pt\/nl\/sustentabilidade\/","title":{"rendered":"Duurzaamheid"},"content":{"rendered":"<div data-elementor-type=\"wp-page\" data-elementor-id=\"76407\" class=\"elementor elementor-76407\" data-elementor-post-type=\"page\">\n\t\t\t\t\t\t<section class=\"elementor-section elementor-top-section elementor-element elementor-element-d2bfccd elementor-section-content-middle elementor-section-height-min-height elementor-section-items-bottom elementor-section-boxed elementor-section-height-default\" data-id=\"d2bfccd\" data-element_type=\"section\" data-e-type=\"section\" data-settings=\"{&quot;background_background&quot;:&quot;classic&quot;}\">\n\t\t\t\t\t\t\t<div class=\"elementor-background-overlay\"><\/div>\n\t\t\t\t\t\t\t<div class=\"elementor-container elementor-column-gap-default\">\n\t\t\t\t\t<div class=\"elementor-column elementor-col-100 elementor-top-column elementor-element elementor-element-1075e4c animated-slow elementor-invisible\" data-fullscreen-column-settings=\"{&quot;fullscreen&quot;:&quot;&quot;}\" data-id=\"1075e4c\" data-element_type=\"column\" data-e-type=\"column\" data-settings=\"{&quot;animation&quot;:&quot;fadeIn&quot;,&quot;animation_delay&quot;:100}\">\n\t\t\t<div class=\"elementor-widget-wrap elementor-element-populated\">\n\t\t\t\t\t\t<div class=\"elementor-element elementor-element-ad97762 elementor-widget-mobile__width-initial elementor-widget elementor-widget-litho-heading\" data-id=\"ad97762\" data-element_type=\"widget\" data-e-type=\"widget\" data-widget_type=\"litho-heading.default\">\n\t\t\t\t<div class=\"elementor-widget-container\">\n\t\t\t\t\t<h1 class=\"litho-heading elementor-size-xl\"><span class=\"litho-primary-title\">Duurzaamheid<\/span><\/h1>\t\t\t\t<\/div>\n\t\t\t\t<\/div>\n\t\t\t\t<div class=\"elementor-element elementor-element-97c17da elementor-widget-mobile__width-initial elementor-widget elementor-widget-litho-heading\" data-id=\"97c17da\" data-element_type=\"widget\" data-e-type=\"widget\" data-widget_type=\"litho-heading.default\">\n\t\t\t\t<div class=\"elementor-widget-container\">\n\t\t\t\t\t<h2 class=\"litho-heading elementor-size-large\"><span class=\"litho-primary-title\">Ferro fundido e Pellets para um Mundo melhor.<\/span><\/h2>\t\t\t\t<\/div>\n\t\t\t\t<\/div>\n\t\t\t\t\t<\/div>\n\t\t<\/div>\n\t\t\t\t\t<\/div>\n\t\t<\/section>\n\t\t\t\t<section class=\"elementor-section elementor-top-section elementor-element elementor-element-43bef0c elementor-section-content-middle elementor-section-height-min-height elementor-section-boxed elementor-section-height-default elementor-section-items-middle\" data-id=\"43bef0c\" data-element_type=\"section\" data-e-type=\"section\" data-settings=\"{&quot;background_background&quot;:&quot;classic&quot;}\">\n\t\t\t\t\t\t<div class=\"elementor-container elementor-column-gap-default\">\n\t\t\t\t\t<div class=\"elementor-column elementor-col-100 elementor-top-column elementor-element elementor-element-9c022a4\" data-fullscreen-column-settings=\"{&quot;fullscreen&quot;:&quot;&quot;}\" data-id=\"9c022a4\" data-element_type=\"column\" data-e-type=\"column\">\n\t\t\t<div class=\"elementor-widget-wrap elementor-element-populated\">\n\t\t\t\t\t\t<section class=\"elementor-section elementor-inner-section elementor-element elementor-element-24939d2 elementor-section-content-middle elementor-section-boxed elementor-section-height-default elementor-section-height-default\" data-id=\"24939d2\" data-element_type=\"section\" data-e-type=\"section\">\n\t\t\t\t\t\t<div class=\"elementor-container elementor-column-gap-default\">\n\t\t\t\t\t<div class=\"elementor-column elementor-col-100 elementor-inner-column elementor-element elementor-element-da3fdd5\" data-fullscreen-column-settings=\"{&quot;fullscreen&quot;:&quot;&quot;}\" data-id=\"da3fdd5\" data-element_type=\"column\" data-e-type=\"column\">\n\t\t\t<div class=\"elementor-widget-wrap elementor-element-populated\">\n\t\t\t\t\t\t<div class=\"elementor-element elementor-element-d578f74 elementor-widget elementor-widget-litho-heading\" data-id=\"d578f74\" data-element_type=\"widget\" data-e-type=\"widget\" data-widget_type=\"litho-heading.default\">\n\t\t\t\t<div class=\"elementor-widget-container\">\n\t\t\t\t\t<h2 class=\"litho-heading elementor-size-large\"><span class=\"litho-primary-title\">Compromisso com solu\u00e7\u00f5es de aquecimento eficientes e sustent\u00e1veis<\/span><\/h2>\t\t\t\t<\/div>\n\t\t\t\t<\/div>\n\t\t\t\t<div class=\"elementor-element elementor-element-4dd42dd elementor-widget elementor-widget-text-editor\" data-id=\"4dd42dd\" data-element_type=\"widget\" data-e-type=\"widget\" data-widget_type=\"text-editor.default\">\n\t\t\t\t<div class=\"elementor-widget-container\">\n\t\t\t\t\t\t\t\t\t<p><strong>Na ECOFAB, valorizamos a integridade e a funcionalidade dos nossos produtos<\/strong>. O ferro fundido, material central Salamandras a Pellets e Lareiras de Exterior, \u00e9 escolhido pela sua durabilidade excepcional e garantia de um aquecimento confi\u00e1vel e duradouro. As propriedades t\u00e9rmicas do ferro fundido asseguram uma distribui\u00e7\u00e3o de calor eficaz e constante, \u00a0ao mesmo tempo que proporcionam conforto prolongado mesmo ap\u00f3s o aparelho ser desligado.<\/p><p>A maleabilidade do ferro fundido permite-nos criar designs variados, desde estilos tradicionais a contempor\u00e2neos, sem comprometer a qualidade ou o desempenho dos equipamentos. Al\u00e9m disso, ao utilizarmos ferro fundido, estamos a optar por um material que reutiliza sucata de metal e a possibilitar que o equipamento seja novamente recicl\u00e1vel, uma medida que refor\u00e7a o nosso compromisso com a sustentabilidade e reduz a nossa pegada ecol\u00f3gica enquanto fornecemos solu\u00e7\u00f5es de aquecimento de alta qualidade.<\/p>\t\t\t\t\t\t\t\t<\/div>\n\t\t\t\t<\/div>\n\t\t\t\t\t<\/div>\n\t\t<\/div>\n\t\t\t\t\t<\/div>\n\t\t<\/section>\n\t\t\t\t<section class=\"elementor-section elementor-inner-section elementor-element elementor-element-dd96ea2 elementor-section-content-middle elementor-section-boxed elementor-section-height-default elementor-section-height-default\" data-id=\"dd96ea2\" data-element_type=\"section\" data-e-type=\"section\">\n\t\t\t\t\t\t<div class=\"elementor-container elementor-column-gap-default\">\n\t\t\t\t\t<div class=\"elementor-column elementor-col-100 elementor-inner-column elementor-element elementor-element-266a970\" data-fullscreen-column-settings=\"{&quot;fullscreen&quot;:&quot;&quot;}\" data-id=\"266a970\" data-element_type=\"column\" data-e-type=\"column\">\n\t\t\t<div class=\"elementor-widget-wrap elementor-element-populated\">\n\t\t\t\t\t\t<div class=\"elementor-element elementor-element-8d85cba elementor-widget elementor-widget-litho-heading\" data-id=\"8d85cba\" data-element_type=\"widget\" data-e-type=\"widget\" data-widget_type=\"litho-heading.default\">\n\t\t\t\t<div class=\"elementor-widget-container\">\n\t\t\t\t\t<h3 class=\"litho-heading elementor-size-large\"><span class=\"litho-primary-title\">Vantagens da utiliza\u00e7\u00e3o do ferro fundido:<\/span><\/h3>\t\t\t\t<\/div>\n\t\t\t\t<\/div>\n\t\t\t\t<div class=\"elementor-element elementor-element-5270d1c elementor-align-start elementor-icon-list--layout-traditional elementor-list-item-link-full_width elementor-invisible elementor-widget elementor-widget-icon-list\" data-id=\"5270d1c\" data-element_type=\"widget\" data-e-type=\"widget\" data-settings=\"{&quot;_animation&quot;:&quot;fadeIn&quot;}\" data-widget_type=\"icon-list.default\">\n\t\t\t\t<div class=\"elementor-widget-container\">\n\t\t\t\t\t\t\t<ul class=\"elementor-icon-list-items\">\n\t\t\t\t\t\t\t<li class=\"elementor-icon-list-item\">\n\t\t\t\t\t\t\t\t\t\t\t<span class=\"elementor-icon-list-icon\">\n\t\t\t\t\t\t\t<i aria-hidden=\"true\" class=\"fas fa-chevron-right\"><\/i>\t\t\t\t\t\t<\/span>\n\t\t\t\t\t\t\t\t\t\t<span class=\"elementor-icon-list-text\"><b>Durabilidade e Longevidade:<\/b> O ferro fundido \u00e9 extremamente dur\u00e1vel e resistente, o que significa que uma salamandra feita deste material pode durar muitos anos, mantendo sua funcionalidade e est\u00e9tica;<\/span>\n\t\t\t\t\t\t\t\t\t<\/li>\n\t\t\t\t\t\t\t\t<li class=\"elementor-icon-list-item\">\n\t\t\t\t\t\t\t\t\t\t\t<span class=\"elementor-icon-list-icon\">\n\t\t\t\t\t\t\t<i aria-hidden=\"true\" class=\"fas fa-chevron-right\"><\/i>\t\t\t\t\t\t<\/span>\n\t\t\t\t\t\t\t\t\t\t<span class=\"elementor-icon-list-text\"><b>Reten\u00e7\u00e3o e Distribui\u00e7\u00e3o de Calor Excelentes: <\/b> Uma das caracter\u00edsticas mais importantes do ferro fundido \u00e9 sua capacidade de reter calor por um longo per\u00edodo e distribu\u00ed-lo de maneira uniforme. Isso torna as salamandras a pellets de ferro fundido muito eficientes em aquecer um espa\u00e7o de forma consistente;<\/span>\n\t\t\t\t\t\t\t\t\t<\/li>\n\t\t\t\t\t\t\t\t<li class=\"elementor-icon-list-item\">\n\t\t\t\t\t\t\t\t\t\t\t<span class=\"elementor-icon-list-icon\">\n\t\t\t\t\t\t\t<i aria-hidden=\"true\" class=\"fas fa-chevron-right\"><\/i>\t\t\t\t\t\t<\/span>\n\t\t\t\t\t\t\t\t\t\t<span class=\"elementor-icon-list-text\"><b>Resist\u00eancia ao Calor: <\/b> O ferro fundido pode suportar altas temperaturas sem deformar ou danificar. Isso \u00e9 essencial para salamandras a pellets, que operam com altas temperaturas para queimar os pellets de madeira;<\/span>\n\t\t\t\t\t\t\t\t\t<\/li>\n\t\t\t\t\t\t\t\t<li class=\"elementor-icon-list-item\">\n\t\t\t\t\t\t\t\t\t\t\t<span class=\"elementor-icon-list-icon\">\n\t\t\t\t\t\t\t<i aria-hidden=\"true\" class=\"fas fa-chevron-right\"><\/i>\t\t\t\t\t\t<\/span>\n\t\t\t\t\t\t\t\t\t\t<span class=\"elementor-icon-list-text\"><b>Manuten\u00e7\u00e3o Reduzida: <\/b> Devido \u00e0 sua robustez, as salamandras de ferro fundido geralmente requerem menos manuten\u00e7\u00e3o em compara\u00e7\u00e3o com aquelas feitas de outros materiais;<\/span>\n\t\t\t\t\t\t\t\t\t<\/li>\n\t\t\t\t\t\t\t\t<li class=\"elementor-icon-list-item\">\n\t\t\t\t\t\t\t\t\t\t\t<span class=\"elementor-icon-list-icon\">\n\t\t\t\t\t\t\t<i aria-hidden=\"true\" class=\"fas fa-chevron-right\"><\/i>\t\t\t\t\t\t<\/span>\n\t\t\t\t\t\t\t\t\t\t<span class=\"elementor-icon-list-text\"><b>Resist\u00eancia \u00e0 Corros\u00e3o: <\/b> Quando devidamente tratado e mantido, o ferro fundido \u00e9 resistente \u00e0 corros\u00e3o, o que \u00e9 importante para a longevidade do equipamento;<\/span>\n\t\t\t\t\t\t\t\t\t<\/li>\n\t\t\t\t\t\t\t\t<li class=\"elementor-icon-list-item\">\n\t\t\t\t\t\t\t\t\t\t\t<span class=\"elementor-icon-list-icon\">\n\t\t\t\t\t\t\t<i aria-hidden=\"true\" class=\"fas fa-chevron-right\"><\/i>\t\t\t\t\t\t<\/span>\n\t\t\t\t\t\t\t\t\t\t<span class=\"elementor-icon-list-text\"><b>Capacidade de Moldagem: <\/b> O ferro fundido pode ser moldado em v\u00e1rias formas e designs, permitindo uma maior flexibilidade na concep\u00e7\u00e3o de salamandras a pellets, tanto em termos de funcionalidade quanto de est\u00e9tica;<\/span>\n\t\t\t\t\t\t\t\t\t<\/li>\n\t\t\t\t\t\t\t\t<li class=\"elementor-icon-list-item\">\n\t\t\t\t\t\t\t\t\t\t\t<span class=\"elementor-icon-list-icon\">\n\t\t\t\t\t\t\t<i aria-hidden=\"true\" class=\"fas fa-chevron-right\"><\/i>\t\t\t\t\t\t<\/span>\n\t\t\t\t\t\t\t\t\t\t<span class=\"elementor-icon-list-text\"><b>Energie-effici\u00ebntie: <\/b> A capacidade do ferro fundido de reter calor ajuda na efici\u00eancia energ\u00e9tica, pois a salamandra continua irradiando calor mesmo ap\u00f3s o fogo ter diminu\u00eddo ou sido extinto;<\/span>\n\t\t\t\t\t\t\t\t\t<\/li>\n\t\t\t\t\t\t\t\t<li class=\"elementor-icon-list-item\">\n\t\t\t\t\t\t\t\t\t\t\t<span class=\"elementor-icon-list-icon\">\n\t\t\t\t\t\t\t<i aria-hidden=\"true\" class=\"fas fa-chevron-right\"><\/i>\t\t\t\t\t\t<\/span>\n\t\t\t\t\t\t\t\t\t\t<span class=\"elementor-icon-list-text\"><b>Seguran\u00e7a: <\/b> A robustez do ferro fundido tamb\u00e9m contribui para a seguran\u00e7a, pois o material \u00e9 menos propenso a danos ou falhas que possam comprometer a opera\u00e7\u00e3o segura da salamandra.<\/span>\n\t\t\t\t\t\t\t\t\t<\/li>\n\t\t\t\t\t\t<\/ul>\n\t\t\t\t\t\t<\/div>\n\t\t\t\t<\/div>\n\t\t\t\t\t<\/div>\n\t\t<\/div>\n\t\t\t\t\t<\/div>\n\t\t<\/section>\n\t\t\t\t\t<\/div>\n\t\t<\/div>\n\t\t\t\t\t<\/div>\n\t\t<\/section>\n\t\t\t\t<section class=\"elementor-section elementor-top-section elementor-element elementor-element-66773f6 elementor-section-content-middle elementor-section-boxed elementor-section-height-default elementor-section-height-default\" data-id=\"66773f6\" data-element_type=\"section\" data-e-type=\"section\" data-settings=\"{&quot;background_background&quot;:&quot;classic&quot;}\">\n\t\t\t\t\t\t<div class=\"elementor-container elementor-column-gap-default\">\n\t\t\t\t\t<div class=\"elementor-column elementor-col-100 elementor-top-column elementor-element elementor-element-467632d\" data-fullscreen-column-settings=\"{&quot;fullscreen&quot;:&quot;&quot;}\" data-id=\"467632d\" data-element_type=\"column\" data-e-type=\"column\">\n\t\t\t<div class=\"elementor-widget-wrap elementor-element-populated\">\n\t\t\t\t\t\t<section class=\"elementor-section elementor-inner-section elementor-element elementor-element-10df458 elementor-section-content-middle elementor-section-boxed elementor-section-height-default elementor-section-height-default elementor-invisible\" data-id=\"10df458\" data-element_type=\"section\" data-e-type=\"section\" data-settings=\"{&quot;animation&quot;:&quot;fadeIn&quot;}\">\n\t\t\t\t\t\t<div class=\"elementor-container elementor-column-gap-default\">\n\t\t\t\t\t<div class=\"elementor-column elementor-col-33 elementor-inner-column elementor-element elementor-element-64a6235\" data-fullscreen-column-settings=\"{&quot;fullscreen&quot;:&quot;&quot;}\" data-id=\"64a6235\" data-element_type=\"column\" data-e-type=\"column\">\n\t\t\t<div class=\"elementor-widget-wrap elementor-element-populated\">\n\t\t\t\t\t\t<div class=\"elementor-element elementor-element-a9156c1 elementor-widget elementor-widget-image\" data-id=\"a9156c1\" data-element_type=\"widget\" data-e-type=\"widget\" data-settings=\"{&quot;_animation&quot;:&quot;none&quot;}\" data-widget_type=\"image.default\">\n\t\t\t\t<div class=\"elementor-widget-container\">\n\t\t\t\t\t\t\t\t\t\t\t\t\t\t\t<img fetchpriority=\"high\" decoding=\"async\" width=\"1080\" height=\"1193\" src=\"https:\/\/ecofab.pt\/wp-content\/uploads\/2024\/01\/Reportagem-Fotografica-Felino-e-Ecofab-Fotos-Luiza-Reis-22-scaled-e1706543039202.jpg\" class=\"attachment-full size-full wp-image-76434\" alt=\"ECOFAB Gieterij\" \/>\t\t\t\t\t\t\t\t\t\t\t\t\t\t\t<\/div>\n\t\t\t\t<\/div>\n\t\t\t\t\t<\/div>\n\t\t<\/div>\n\t\t\t\t<div class=\"elementor-column elementor-col-66 elementor-inner-column elementor-element elementor-element-0d9e8d5\" data-fullscreen-column-settings=\"{&quot;fullscreen&quot;:&quot;&quot;}\" data-id=\"0d9e8d5\" data-element_type=\"column\" data-e-type=\"column\">\n\t\t\t<div class=\"elementor-widget-wrap elementor-element-populated\">\n\t\t\t\t\t\t<div class=\"elementor-element elementor-element-eb7fb86 elementor-widget__width-initial elementor-widget elementor-widget-litho-heading\" data-id=\"eb7fb86\" data-element_type=\"widget\" data-e-type=\"widget\" data-widget_type=\"litho-heading.default\">\n\t\t\t\t<div class=\"elementor-widget-container\">\n\t\t\t\t\t<h3 class=\"litho-heading elementor-size-large\"><span class=\"litho-primary-title\">Fundi\u00e7\u00e3o de Ferro<\/span><\/h3>\t\t\t\t<\/div>\n\t\t\t\t<\/div>\n\t\t\t\t<div class=\"elementor-element elementor-element-4b504e4 elementor-widget elementor-widget-text-editor\" data-id=\"4b504e4\" data-element_type=\"widget\" data-e-type=\"widget\" data-widget_type=\"text-editor.default\">\n\t\t\t\t<div class=\"elementor-widget-container\">\n\t\t\t\t\t\t\t\t\t<p>A ECOFAB integra o grupo da FELINO S.A., numa sinergia perfeita entre inova\u00e7\u00e3o e tradi\u00e7\u00e3o na arte da fundi\u00e7\u00e3o. No cerne da sua produ\u00e7\u00e3o, encontra-se a fundi\u00e7\u00e3o, um setor onde a FELINO tem marcado a sua presen\u00e7a com excel\u00eancia e qualidade \u00edmpar desde 1936. Esta parceria estrat\u00e9gica permite \u00e0 ECOFAB beneficiar-se da vasta experi\u00eancia e do know-how t\u00e9cnico acumulado pela FELINO, transformando o ferro fundido em produtos distintos e de alta qualidade. A fundi\u00e7\u00e3o n\u00e3o \u00e9 apenas uma parte do processo produtivo; ela \u00e9 o cora\u00e7\u00e3o pulsante que impulsiona toda a opera\u00e7\u00e3o da ECOFAB, garantindo que cada produto reflita os padr\u00f5es elevados de qualidade e inova\u00e7\u00e3o que caracterizam a FELINO.<\/p><p>Na ECOFAB, cada pe\u00e7a fundida \u00e9 um testemunho do compromisso com a excel\u00eancia, heran\u00e7a da FELINO. A empresa especializa-se em transformar mat\u00e9rias-primas de primeira linha em produtos finais superiores, adequados para uma variedade de aplica\u00e7\u00f5es industriais. Este processo meticuloso de fundi\u00e7\u00e3o na ECOFAB assegura que cada produto n\u00e3o apenas atenda, mas exceda as expectativas dos clientes em termos de qualidade, durabilidade e desempenho.<\/p>\t\t\t\t\t\t\t\t<\/div>\n\t\t\t\t<\/div>\n\t\t\t\t\t<\/div>\n\t\t<\/div>\n\t\t\t\t\t<\/div>\n\t\t<\/section>\n\t\t\t\t\t<\/div>\n\t\t<\/div>\n\t\t\t\t\t<\/div>\n\t\t<\/section>\n\t\t\t\t<section class=\"elementor-section elementor-top-section elementor-element elementor-element-3d10e47 elementor-section-content-middle elementor-section-boxed elementor-section-height-default elementor-section-height-default\" data-id=\"3d10e47\" data-element_type=\"section\" data-e-type=\"section\" data-settings=\"{&quot;background_background&quot;:&quot;classic&quot;}\">\n\t\t\t\t\t\t<div class=\"elementor-container elementor-column-gap-default\">\n\t\t\t\t\t<div class=\"elementor-column elementor-col-100 elementor-top-column elementor-element elementor-element-c3f94f8\" data-fullscreen-column-settings=\"{&quot;fullscreen&quot;:&quot;&quot;}\" data-id=\"c3f94f8\" data-element_type=\"column\" data-e-type=\"column\">\n\t\t\t<div class=\"elementor-widget-wrap elementor-element-populated\">\n\t\t\t\t\t\t<div class=\"elementor-element elementor-element-65c5162 elementor-widget elementor-widget-litho-heading\" data-id=\"65c5162\" data-element_type=\"widget\" data-e-type=\"widget\" data-widget_type=\"litho-heading.default\">\n\t\t\t\t<div class=\"elementor-widget-container\">\n\t\t\t\t\t<h2 class=\"litho-heading elementor-size-large\"><span class=\"litho-primary-title\">Pellets: Combust\u00edvel s\u00f3lido ecol\u00f3gico<\/span><\/h2>\t\t\t\t<\/div>\n\t\t\t\t<\/div>\n\t\t\t\t<div class=\"elementor-element elementor-element-bfaadd0 elementor-widget elementor-widget-text-editor\" data-id=\"bfaadd0\" data-element_type=\"widget\" data-e-type=\"widget\" data-widget_type=\"text-editor.default\">\n\t\t\t\t<div class=\"elementor-widget-container\">\n\t\t\t\t\t\t\t\t\t<p><strong>Os pellets s\u00e3o uma escolha ecol\u00f3gica para o combust\u00edvel das nossas salamandras.<\/strong> Produzidos a partir de serrim reciclado, eles representam uma alternativa sustent\u00e1vel aos combust\u00edveis f\u00f3sseis. <strong>Os pellets t\u00eam uma queima limpa e eficiente, o que lhes permite gerar menos emiss\u00f5es e aproveitar ao m\u00e1ximo a energia renov\u00e1vel.<\/strong> Esta abordagem permite reduzir tanto o impacto ambiental como tamb\u00e9m oferecer uma fonte de calor confi\u00e1vel e eficiente para o seu lar.<\/p><p><strong>Ao escolher uma Salamandra a Pellets ECOFAB, estar\u00e1 a optar por uma solu\u00e7\u00e3o de aquecimento que respeita o ambiente e promove um futuro mais sustent\u00e1vel.<\/strong> Junte-se a n\u00f3s nesta jornada de sustentabilidade e descubra o calor eco-eficiente que as nossas salamandras a pellets podem trazer para o seu lar.<\/p>\t\t\t\t\t\t\t\t<\/div>\n\t\t\t\t<\/div>\n\t\t\t\t<div class=\"elementor-element elementor-element-2967fa4 elementor-widget elementor-widget-litho-heading\" data-id=\"2967fa4\" data-element_type=\"widget\" data-e-type=\"widget\" data-widget_type=\"litho-heading.default\">\n\t\t\t\t<div class=\"elementor-widget-container\">\n\t\t\t\t\t<h3 class=\"litho-heading elementor-size-large\"><span class=\"litho-primary-title\">Vantagens da utiliza\u00e7\u00e3o dos pellets enquanto solu\u00e7\u00e3o de aquecimento:<\/span><\/h3>\t\t\t\t<\/div>\n\t\t\t\t<\/div>\n\t\t\t\t<div class=\"elementor-element elementor-element-69c7cee elementor-align-start elementor-icon-list--layout-traditional elementor-list-item-link-full_width elementor-invisible elementor-widget elementor-widget-icon-list\" data-id=\"69c7cee\" data-element_type=\"widget\" data-e-type=\"widget\" data-settings=\"{&quot;_animation&quot;:&quot;fadeIn&quot;}\" data-widget_type=\"icon-list.default\">\n\t\t\t\t<div class=\"elementor-widget-container\">\n\t\t\t\t\t\t\t<ul class=\"elementor-icon-list-items\">\n\t\t\t\t\t\t\t<li class=\"elementor-icon-list-item\">\n\t\t\t\t\t\t\t\t\t\t\t<span class=\"elementor-icon-list-icon\">\n\t\t\t\t\t\t\t<i aria-hidden=\"true\" class=\"fas fa-chevron-right\"><\/i>\t\t\t\t\t\t<\/span>\n\t\t\t\t\t\t\t\t\t\t<span class=\"elementor-icon-list-text\"><b>Renov\u00e1veis e Sustent\u00e1veis: <\/b> Os pellets s\u00e3o produzidos a partir de res\u00edduos de madeira, tornando-os uma fonte de energia renov\u00e1vel que permite reduzir o desperd\u00edcio de recursos;<\/span>\n\t\t\t\t\t\t\t\t\t<\/li>\n\t\t\t\t\t\t\t\t<li class=\"elementor-icon-list-item\">\n\t\t\t\t\t\t\t\t\t\t\t<span class=\"elementor-icon-list-icon\">\n\t\t\t\t\t\t\t<i aria-hidden=\"true\" class=\"fas fa-chevron-right\"><\/i>\t\t\t\t\t\t<\/span>\n\t\t\t\t\t\t\t\t\t\t<span class=\"elementor-icon-list-text\"><b>Alta Efici\u00eancia Energ\u00e9tica: <\/b> Comparativamente a outras fontes de combust\u00edvel, os pellets queimam de maneira mais eficiente, proporcionando uma maior produ\u00e7\u00e3o de calor com menos material;<\/span>\n\t\t\t\t\t\t\t\t\t<\/li>\n\t\t\t\t\t\t\t\t<li class=\"elementor-icon-list-item\">\n\t\t\t\t\t\t\t\t\t\t\t<span class=\"elementor-icon-list-icon\">\n\t\t\t\t\t\t\t<i aria-hidden=\"true\" class=\"fas fa-chevron-right\"><\/i>\t\t\t\t\t\t<\/span>\n\t\t\t\t\t\t\t\t\t\t<span class=\"elementor-icon-list-text\"><b>Baixa Emiss\u00e3o de Poluentes: <\/b> A queima de pellets emite menos poluentes que outras fontes tradicionais de combust\u00edvel o que se traduz numa menor pegada ecol\u00f3gica;<\/span>\n\t\t\t\t\t\t\t\t\t<\/li>\n\t\t\t\t\t\t\t\t<li class=\"elementor-icon-list-item\">\n\t\t\t\t\t\t\t\t\t\t\t<span class=\"elementor-icon-list-icon\">\n\t\t\t\t\t\t\t<i aria-hidden=\"true\" class=\"fas fa-chevron-right\"><\/i>\t\t\t\t\t\t<\/span>\n\t\t\t\t\t\t\t\t\t\t<span class=\"elementor-icon-list-text\"><b>Facilidade de Armazenamento e Utiliza\u00e7\u00e3o: <\/b> Os pellets s\u00e3o compactos e f\u00e1ceis de armazenar, ocupam menos espa\u00e7o que a lenha, e s\u00e3o mais simples de manusear;<\/span>\n\t\t\t\t\t\t\t\t\t<\/li>\n\t\t\t\t\t\t\t\t<li class=\"elementor-icon-list-item\">\n\t\t\t\t\t\t\t\t\t\t\t<span class=\"elementor-icon-list-icon\">\n\t\t\t\t\t\t\t<i aria-hidden=\"true\" class=\"fas fa-chevron-right\"><\/i>\t\t\t\t\t\t<\/span>\n\t\t\t\t\t\t\t\t\t\t<span class=\"elementor-icon-list-text\"><b>Custo-Benef\u00edcio: <\/b> Pellets representam um custo mais baixo a longo prazo quando comparados a outras fontes de combust\u00edvel, para um aquecimento eficiente por um custo menor;<\/span>\n\t\t\t\t\t\t\t\t\t<\/li>\n\t\t\t\t\t\t\t\t<li class=\"elementor-icon-list-item\">\n\t\t\t\t\t\t\t\t\t\t\t<span class=\"elementor-icon-list-icon\">\n\t\t\t\t\t\t\t<i aria-hidden=\"true\" class=\"fas fa-chevron-right\"><\/i>\t\t\t\t\t\t<\/span>\n\t\t\t\t\t\t\t\t\t\t<span class=\"elementor-icon-list-text\"><b>Consist\u00eancia na Qualidade: <\/b> Os pellets t\u00eam um padr\u00e3o de qualidade mais uniforme do que a lenha o que permite um desempenho consistente;<\/span>\n\t\t\t\t\t\t\t\t\t<\/li>\n\t\t\t\t\t\t\t\t<li class=\"elementor-icon-list-item\">\n\t\t\t\t\t\t\t\t\t\t\t<span class=\"elementor-icon-list-icon\">\n\t\t\t\t\t\t\t<i aria-hidden=\"true\" class=\"fas fa-chevron-right\"><\/i>\t\t\t\t\t\t<\/span>\n\t\t\t\t\t\t\t\t\t\t<span class=\"elementor-icon-list-text\"><b>Conveni\u00eancia: <\/b> O uso de pellets elimina a necessidade de cortar, empilhar e secar a madeira, sendo uma solu\u00e7\u00e3o de aquecimento mais conveniente e sem complica\u00e7\u00f5es.<\/span>\n\t\t\t\t\t\t\t\t\t<\/li>\n\t\t\t\t\t\t<\/ul>\n\t\t\t\t\t\t<\/div>\n\t\t\t\t<\/div>\n\t\t\t\t\t<\/div>\n\t\t<\/div>\n\t\t\t\t\t<\/div>\n\t\t<\/section>\n\t\t\t\t<\/div>","protected":false},"excerpt":{"rendered":"<p>Sustentabilidade Ferro fundido e Pellets para um Mundo melhor. Compromisso com solu\u00e7\u00f5es de aquecimento eficientes e sustent\u00e1veis Na ECOFAB, valorizamos a integridade e a funcionalidade dos nossos produtos. O ferro fundido, material central Salamandras a Pellets e Lareiras de Exterior, \u00e9 escolhido pela sua durabilidade excepcional e garantia de um aquecimento confi\u00e1vel e duradouro. As [&hellip;]<\/p>\n","protected":false},"author":1,"featured_media":75483,"parent":0,"menu_order":0,"comment_status":"closed","ping_status":"closed","template":"","meta":{"footnotes":""},"class_list":["post-76407","page","type-page","status-publish","has-post-thumbnail","hentry"],"_links":{"self":[{"href":"https:\/\/ecofab.pt\/nl\/wp-json\/wp\/v2\/pages\/76407","targetHints":{"allow":["GET"]}}],"collection":[{"href":"https:\/\/ecofab.pt\/nl\/wp-json\/wp\/v2\/pages"}],"about":[{"href":"https:\/\/ecofab.pt\/nl\/wp-json\/wp\/v2\/types\/page"}],"author":[{"embeddable":true,"href":"https:\/\/ecofab.pt\/nl\/wp-json\/wp\/v2\/users\/1"}],"replies":[{"embeddable":true,"href":"https:\/\/ecofab.pt\/nl\/wp-json\/wp\/v2\/comments?post=76407"}],"version-history":[{"count":91,"href":"https:\/\/ecofab.pt\/nl\/wp-json\/wp\/v2\/pages\/76407\/revisions"}],"predecessor-version":[{"id":78412,"href":"https:\/\/ecofab.pt\/nl\/wp-json\/wp\/v2\/pages\/76407\/revisions\/78412"}],"wp:featuredmedia":[{"embeddable":true,"href":"https:\/\/ecofab.pt\/nl\/wp-json\/wp\/v2\/media\/75483"}],"wp:attachment":[{"href":"https:\/\/ecofab.pt\/nl\/wp-json\/wp\/v2\/media?parent=76407"}],"curies":[{"name":"wp","href":"https:\/\/api.w.org\/{rel}","templated":true}]}}