{"id":76863,"date":"2024-02-04T00:30:45","date_gmt":"2024-02-04T00:30:45","guid":{"rendered":"https:\/\/ecofab.pt\/?page_id=76863"},"modified":"2024-02-25T22:40:34","modified_gmt":"2024-02-25T22:40:34","slug":"privacybeleid","status":"publish","type":"page","link":"https:\/\/ecofab.pt\/nl\/privacybeleid\/","title":{"rendered":"Privacybeleid"},"content":{"rendered":"<div data-elementor-type=\"wp-page\" data-elementor-id=\"76863\" class=\"elementor elementor-76863\" data-elementor-post-type=\"page\">\n\t\t\t\t\t\t<section class=\"elementor-section elementor-top-section elementor-element elementor-element-43bef0c elementor-section-content-middle elementor-section-boxed elementor-section-height-default elementor-section-height-default\" data-id=\"43bef0c\" data-element_type=\"section\" data-e-type=\"section\" data-settings=\"{&quot;background_background&quot;:&quot;classic&quot;}\">\n\t\t\t\t\t\t<div class=\"elementor-container elementor-column-gap-default\">\n\t\t\t\t\t<div class=\"elementor-column elementor-col-100 elementor-top-column elementor-element elementor-element-9c022a4\" data-fullscreen-column-settings=\"{&quot;fullscreen&quot;:&quot;&quot;}\" data-id=\"9c022a4\" data-element_type=\"column\" data-e-type=\"column\">\n\t\t\t<div class=\"elementor-widget-wrap elementor-element-populated\">\n\t\t\t\t\t\t<div class=\"elementor-element elementor-element-be5b7df elementor-widget-mobile__width-initial elementor-widget elementor-widget-litho-heading\" data-id=\"be5b7df\" data-element_type=\"widget\" data-e-type=\"widget\" data-widget_type=\"litho-heading.default\">\n\t\t\t\t<div class=\"elementor-widget-container\">\n\t\t\t\t\t<h3 class=\"litho-heading elementor-size-large\"><span class=\"litho-primary-title\">Privacybeleid<\/span><\/h3>\t\t\t\t<\/div>\n\t\t\t\t<\/div>\n\t\t\t\t<div class=\"elementor-element elementor-element-85af556 elementor-widget elementor-widget-text-editor\" data-id=\"85af556\" data-element_type=\"widget\" data-e-type=\"widget\" data-widget_type=\"text-editor.default\">\n\t\t\t\t<div class=\"elementor-widget-container\">\n\t\t\t\t\t\t\t\t\t<p><strong>Het gebruik van en de toegang tot de website van ECOFAB is onderworpen aan de geldende wetgeving en de volgende regels. Het gebruik ervan impliceert dus de aanvaarding van deze voorwaarden.<\/strong><\/p>\t\t\t\t\t\t\t\t<\/div>\n\t\t\t\t<\/div>\n\t\t\t\t<div class=\"elementor-element elementor-element-426def8 elementor-widget elementor-widget-text-editor\" data-id=\"426def8\" data-element_type=\"widget\" data-e-type=\"widget\" data-widget_type=\"text-editor.default\">\n\t\t\t\t<div class=\"elementor-widget-container\">\n\t\t\t\t\t\t\t\t\t<p>1. Gebruikers die hun gegevens in welke vorm dan ook op de ECOFAB Website invoeren, geven ECOFAB vrij en vrijwillig toestemming om deze informatie in zijn database op te nemen en te gebruiken in overeenstemming met de principes van het respectieve Gebruiksbeleid.<br \/>2. ECOFAB verbindt zich ertoe de verzamelde informatie nooit aan derden door te geven. Met uitzondering van elk misbruik door derden die er onrechtmatig toegang toe hebben.<br \/>3. De gebruiker die vrijwillig zijn gegevens in eender welk formulier op de website van ECOFAB invult, machtigt ECOFAB om hem informatie toe te sturen die hem van belang lijkt, via eender welk middel dat hem daartoe ter beschikking staat (post, fax, telefoon, e-mail, enz.).<br \/>4. ECOFAB garandeert alle gebruikers toegang tot alle bestanden die hun gegevens bevatten, zodat de eerder verstrekte informatie kan worden gewijzigd of verwijderd.<br \/>5. ECOFAB heeft zijn statutaire zetel in Ermesinde (Portugal), wat betekent dat elke juridische actie tegen ECOFAB moet worden voorgelegd aan een rechtbank in dit district en in overeenstemming met de Portugese wetgeving, ongeacht de plaats van toegang van de gebruiker.<br \/>6. Alle rechten op de documentatie op de ECOFAB website zijn voorbehouden. Het gebruik, de reproductie, het kopi\u00ebren, de volledige of gedeeltelijke herverdeling van deze informatie, ongeacht het doel en de gebruikte drager(s), is uitdrukkelijk verboden zonder voorafgaande schriftelijke toestemming van ECOFAB.<br \/>7. Het auteursrecht van de informatie en tools op de ECOFAB website is haar eigendom of is gelicentieerd voor gebruik. In geen geval impliceert de toegang tot deze informatie de toestemming om ze te reproduceren en\/of te verspreiden zonder de voorafgaande schriftelijke toestemming van ECOFAB.<br \/>8. Gegevens, informatie, teksten, grafieken of links zijn uitsluitend verzameld voor informatieve doeleinden en ECOFAB is niet verantwoordelijk voor hun volledigheid, volledigheid of nauwkeurigheid. ECOFAB aanvaardt geen enkele verantwoordelijkheid voor eventuele fouten of voor discrepanties of afwijkingen die kunnen bestaan tussen de elektronische versie en de geschreven versie.<br \/>9. ECOFAB is niet aansprakelijk voor enige schade, direct of indirect, die voortvloeit uit het gebruik van de informatie op haar website.<br \/>10. De informatie die beschikbaar is op de website van ECOFAB is volledig gratis voor de gebruikers en de loutere toegang ertoe cre\u00ebert geen enkele commerci\u00eble of professionele relatie tussen de gebruikers en ECOFAB.<br \/>11. De links en hypertekst die de website van ECOFAB onderhoudt en die de gebruiker toegang geven tot de diensten van andere organisaties, staan niet onder controle van ECOFAB, en het is daarom niet verantwoordelijk voor de verstrekte informatie of voor enige contractuele relatie die tussen de partijen zou kunnen ontstaan. Ze betekenen ook geen sponsoring door ECOFAB.<br \/>12. De professionele informatie die beschikbaar is op de website van ECOFAB wordt uitsluitend gepubliceerd om zijn interventiegebieden en methodologie\u00ebn bekend te maken, zodat de gebruiker een concreet inzicht kan krijgen in zijn potentieel en de voordelen die het kan opleveren voor zijn bedrijf. De verstrekte informatie mag in geen geval worden beschouwd of gebruikt als vervanging van professioneel technisch advies. Daarom moet u, voordat u een beslissing neemt of voor een actie kiest, contact opnemen met ECOFAB, die de bijzondere kenmerken ervan in detail zal bestuderen.<br \/>13. ECOFAB behoudt zich het recht voor om op elk moment en zonder voorafgaande kennisgeving de informatie op zijn website of de configuratie en presentatie ervan te wijzigen.<br \/>14. ECOFAB gaat, buiten zijn goede wil, geen enkele verbintenis aan om de informatie en diensten op zijn website bij te werken.<br \/>15. Door het open karakter van het internet kunnen gebruikers elk type informatie naar ECOFAB sturen wanneer ze maar willen. In geen geval mogen zij vertrouwelijke, gereserveerde of andere informatie verzenden die niet hun eigendom is. Informatie die uit vrije wil naar ECOFAB wordt gestuurd, kan worden gebruikt zonder voorafgaande kennisgeving aan de auteur en op elke manier die passend wordt geacht.<br \/>16. Alle merken en productnamen die gebruikt worden op de ECOFAB website zijn eigendom, handelsmerken of geregistreerde handelsmerken van hun respectievelijke bedrijven.<\/p>\t\t\t\t\t\t\t\t<\/div>\n\t\t\t\t<\/div>\n\t\t\t\t<div class=\"elementor-element elementor-element-b03692c elementor-widget-mobile__width-initial elementor-widget elementor-widget-litho-heading\" data-id=\"b03692c\" data-element_type=\"widget\" data-e-type=\"widget\" data-widget_type=\"litho-heading.default\">\n\t\t\t\t<div class=\"elementor-widget-container\">\n\t\t\t\t\t<h3 class=\"litho-heading elementor-size-large\"><span class=\"litho-primary-title\">Gebruiksbeleid<\/span><\/h3>\t\t\t\t<\/div>\n\t\t\t\t<\/div>\n\t\t\t\t<div class=\"elementor-element elementor-element-0cbc5bc elementor-widget elementor-widget-text-editor\" data-id=\"0cbc5bc\" data-element_type=\"widget\" data-e-type=\"widget\" data-widget_type=\"text-editor.default\">\n\t\t\t\t<div class=\"elementor-widget-container\">\n\t\t\t\t\t\t\t\t\t<p>Het doel van de website van ECOFAB is het bedrijf, zijn kernwaarden en zijn diensten beter te leren kennen. Het verzamelen van persoonlijke gegevens is een gemeenschappelijk element geworden in de strategie\u00ebn van de bedrijven die aanwezig zijn op het internet. Om deze reden zijn veel gebruikers terughoudend wanneer ze worden gevraagd om hun persoonlijke of professionele gegevens zonder te weten voor welke doeleinden deze worden verzameld. Om deze situatie tegen te gaan, heeft ECOFAB een \"Gebruiksbeleid\" opgesteld dat vier essenti\u00eble punten verduidelijkt voor alle gebruikers van zijn website:<\/p><ul><li>Hoe wordt de informatie verzameld?<\/li><li>Welke informatie wordt verzameld?<\/li><li>Waar is deze informatie voor?<\/li><li>Welke grenzen kan de gebruiker stellen aan deze gegevensverzameling?<\/li><\/ul><p><br \/>ECOFAB vraagt weinig informatie van de gebruikers van zijn website. Hij is in elk geval uitsluitend bestemd voor professionele doeleinden. De verzamelde informatie is basaal: naam, bedrijf, functie, e-mailadres, onderwerp. Het louter bezoeken van onze website betekent echter niet dat er gegevens worden geregistreerd. Dit gebeurt alleen wanneer de gebruiker toegang wil krijgen tot specifieke onderdelen van de site: inschrijven op onze nieuwsbrief, suggesties versturen, enz.<br \/><br \/><\/p><p>Als gebruiker van onze website kunt u ons persoonlijke informatie sturen wanneer:<br \/>a. Abonneer u op een van onze informatiediensten;<br \/>b. De intentie uitspreken om zich te abonneren op een van de beschikbare diensten;<br \/>c. Communiceren met ons bedrijf en zijn werknemers;<br \/>d. Stuur suggesties.<\/p><p><br \/>Alle verzamelde informatie wordt opgeslagen in een database die eigendom is van ECOFAB en uitsluitend bestemd is voor zijn gebruik. De gebruikers kunnen op elk moment toegang krijgen tot hun gegevens, ze corrigeren of verwijderen. In geen geval zal ECOFAB de verzamelde informatie overdragen of verkopen aan andere organisaties. ECOFAB garandeert dat het verzamelen van informatie altijd gebeurt met de voorafgaande en vrije toestemming van de gebruiker. ECOFAB kan echter niet verantwoordelijk worden gesteld voor onrechtmatige toegang tot deze informatie.<br \/><br \/>ECOFAB behoudt zich het recht voor om het \"Gebruiksbeleid\" van zijn website geheel of gedeeltelijk te wijzigen. Het bezoeken van de website en het raadplegen van de inhoud ervan impliceert geen enkele contractuele relatie tussen ECOFAB en de gebruiker.<\/p>\t\t\t\t\t\t\t\t<\/div>\n\t\t\t\t<\/div>\n\t\t\t\t\t<\/div>\n\t\t<\/div>\n\t\t\t\t\t<\/div>\n\t\t<\/section>\n\t\t\t\t<\/div>","protected":false},"excerpt":{"rendered":"<p>Pol\u00edtica de Privacidade O uso e acesso \u00e0 pagina da ECOFAB encontra-se submetido \u00e0 legisla\u00e7\u00e3o em vigor e ao conjunto de normas que se seguem. A sua utiliza\u00e7\u00e3o sup\u00f5e, portanto, a aceita\u00e7\u00e3o destes termos e condi\u00e7\u00f5es. 1. O Utilizador que introduza os seus dados em qualquer formul\u00e1rio da P\u00e1gina da ECOFAB, autoriza-a, livre e voluntariamente, [&hellip;]<\/p>\n","protected":false},"author":1,"featured_media":75483,"parent":0,"menu_order":0,"comment_status":"closed","ping_status":"closed","template":"","meta":{"footnotes":""},"class_list":["post-76863","page","type-page","status-publish","has-post-thumbnail","hentry"],"_links":{"self":[{"href":"https:\/\/ecofab.pt\/nl\/wp-json\/wp\/v2\/pages\/76863","targetHints":{"allow":["GET"]}}],"collection":[{"href":"https:\/\/ecofab.pt\/nl\/wp-json\/wp\/v2\/pages"}],"about":[{"href":"https:\/\/ecofab.pt\/nl\/wp-json\/wp\/v2\/types\/page"}],"author":[{"embeddable":true,"href":"https:\/\/ecofab.pt\/nl\/wp-json\/wp\/v2\/users\/1"}],"replies":[{"embeddable":true,"href":"https:\/\/ecofab.pt\/nl\/wp-json\/wp\/v2\/comments?post=76863"}],"version-history":[{"count":16,"href":"https:\/\/ecofab.pt\/nl\/wp-json\/wp\/v2\/pages\/76863\/revisions"}],"predecessor-version":[{"id":77685,"href":"https:\/\/ecofab.pt\/nl\/wp-json\/wp\/v2\/pages\/76863\/revisions\/77685"}],"wp:featuredmedia":[{"embeddable":true,"href":"https:\/\/ecofab.pt\/nl\/wp-json\/wp\/v2\/media\/75483"}],"wp:attachment":[{"href":"https:\/\/ecofab.pt\/nl\/wp-json\/wp\/v2\/media?parent=76863"}],"curies":[{"name":"wp","href":"https:\/\/api.w.org\/{rel}","templated":true}]}}