{"id":76407,"date":"2024-01-29T12:42:44","date_gmt":"2024-01-29T12:42:44","guid":{"rendered":"https:\/\/ecofab.pt\/?page_id=76407"},"modified":"2024-04-24T21:30:09","modified_gmt":"2024-04-24T21:30:09","slug":"hallbarhet","status":"publish","type":"page","link":"https:\/\/ecofab.pt\/sv\/hallbarhet\/","title":{"rendered":"H\u00e5llbarhet"},"content":{"rendered":"<div data-elementor-type=\"wp-page\" data-elementor-id=\"76407\" class=\"elementor elementor-76407\" data-elementor-post-type=\"page\">\n\t\t\t\t\t\t<section class=\"elementor-section elementor-top-section elementor-element elementor-element-d2bfccd elementor-section-content-middle elementor-section-height-min-height elementor-section-items-bottom elementor-section-boxed elementor-section-height-default\" data-id=\"d2bfccd\" data-element_type=\"section\" data-e-type=\"section\" data-settings=\"{&quot;background_background&quot;:&quot;classic&quot;}\">\n\t\t\t\t\t\t\t<div class=\"elementor-background-overlay\"><\/div>\n\t\t\t\t\t\t\t<div class=\"elementor-container elementor-column-gap-default\">\n\t\t\t\t\t<div class=\"elementor-column elementor-col-100 elementor-top-column elementor-element elementor-element-1075e4c animated-slow elementor-invisible\" data-fullscreen-column-settings=\"{&quot;fullscreen&quot;:&quot;&quot;}\" data-id=\"1075e4c\" data-element_type=\"column\" data-e-type=\"column\" data-settings=\"{&quot;animation&quot;:&quot;fadeIn&quot;,&quot;animation_delay&quot;:100}\">\n\t\t\t<div class=\"elementor-widget-wrap elementor-element-populated\">\n\t\t\t\t\t\t<div class=\"elementor-element elementor-element-ad97762 elementor-widget-mobile__width-initial elementor-widget elementor-widget-litho-heading\" data-id=\"ad97762\" data-element_type=\"widget\" data-e-type=\"widget\" data-widget_type=\"litho-heading.default\">\n\t\t\t\t<div class=\"elementor-widget-container\">\n\t\t\t\t\t<h1 class=\"litho-heading elementor-size-xl\"><span class=\"litho-primary-title\">H\u00e5llbarhet<\/span><\/h1>\t\t\t\t<\/div>\n\t\t\t\t<\/div>\n\t\t\t\t<div class=\"elementor-element elementor-element-97c17da elementor-widget-mobile__width-initial elementor-widget elementor-widget-litho-heading\" data-id=\"97c17da\" data-element_type=\"widget\" data-e-type=\"widget\" data-widget_type=\"litho-heading.default\">\n\t\t\t\t<div class=\"elementor-widget-container\">\n\t\t\t\t\t<h2 class=\"litho-heading elementor-size-large\"><span class=\"litho-primary-title\">Gjutj\u00e4rn och pellets f\u00f6r en b\u00e4ttre v\u00e4rld.<\/span><\/h2>\t\t\t\t<\/div>\n\t\t\t\t<\/div>\n\t\t\t\t\t<\/div>\n\t\t<\/div>\n\t\t\t\t\t<\/div>\n\t\t<\/section>\n\t\t\t\t<section class=\"elementor-section elementor-top-section elementor-element elementor-element-43bef0c elementor-section-content-middle elementor-section-height-min-height elementor-section-boxed elementor-section-height-default elementor-section-items-middle\" data-id=\"43bef0c\" data-element_type=\"section\" data-e-type=\"section\" data-settings=\"{&quot;background_background&quot;:&quot;classic&quot;}\">\n\t\t\t\t\t\t<div class=\"elementor-container elementor-column-gap-default\">\n\t\t\t\t\t<div class=\"elementor-column elementor-col-100 elementor-top-column elementor-element elementor-element-9c022a4\" data-fullscreen-column-settings=\"{&quot;fullscreen&quot;:&quot;&quot;}\" data-id=\"9c022a4\" data-element_type=\"column\" data-e-type=\"column\">\n\t\t\t<div class=\"elementor-widget-wrap elementor-element-populated\">\n\t\t\t\t\t\t<section class=\"elementor-section elementor-inner-section elementor-element elementor-element-24939d2 elementor-section-content-middle elementor-section-boxed elementor-section-height-default elementor-section-height-default\" data-id=\"24939d2\" data-element_type=\"section\" data-e-type=\"section\">\n\t\t\t\t\t\t<div class=\"elementor-container elementor-column-gap-default\">\n\t\t\t\t\t<div class=\"elementor-column elementor-col-100 elementor-inner-column elementor-element elementor-element-da3fdd5\" data-fullscreen-column-settings=\"{&quot;fullscreen&quot;:&quot;&quot;}\" data-id=\"da3fdd5\" data-element_type=\"column\" data-e-type=\"column\">\n\t\t\t<div class=\"elementor-widget-wrap elementor-element-populated\">\n\t\t\t\t\t\t<div class=\"elementor-element elementor-element-d578f74 elementor-widget elementor-widget-litho-heading\" data-id=\"d578f74\" data-element_type=\"widget\" data-e-type=\"widget\" data-widget_type=\"litho-heading.default\">\n\t\t\t\t<div class=\"elementor-widget-container\">\n\t\t\t\t\t<h2 class=\"litho-heading elementor-size-large\"><span class=\"litho-primary-title\">Engagemang f\u00f6r effektiva och h\u00e5llbara v\u00e4rmel\u00f6sningar<\/span><\/h2>\t\t\t\t<\/div>\n\t\t\t\t<\/div>\n\t\t\t\t<div class=\"elementor-element elementor-element-4dd42dd elementor-widget elementor-widget-text-editor\" data-id=\"4dd42dd\" data-element_type=\"widget\" data-e-type=\"widget\" data-widget_type=\"text-editor.default\">\n\t\t\t\t<div class=\"elementor-widget-container\">\n\t\t\t\t\t\t\t\t\t<p><strong>P\u00e5 ECOFAB v\u00e4rdes\u00e4tter vi integriteten och funktionaliteten hos v\u00e5ra produkter<\/strong>. Gjutj\u00e4rn, som \u00e4r k\u00e4rnmaterialet i pelletskaminer och utomhuskaminer, v\u00e4ljs f\u00f6r sin exceptionella h\u00e5llbarhet och garanti f\u00f6r tillf\u00f6rlitlig och l\u00e5ngvarig uppv\u00e4rmning. De termiska egenskaperna hos gjutj\u00e4rn s\u00e4kerst\u00e4ller en effektiv och konstant v\u00e4rmef\u00f6rdelning, samtidigt som det ger l\u00e5ngvarig komfort \u00e4ven efter att apparaten har st\u00e4ngts av.<\/p><p>Gjutj\u00e4rnets formbarhet g\u00f6r det m\u00f6jligt f\u00f6r oss att skapa varierande design, fr\u00e5n traditionella till moderna stilar, utan att kompromissa med utrustningens kvalitet eller prestanda. Genom att anv\u00e4nda gjutj\u00e4rn v\u00e4ljer vi dessutom ett material som \u00e5teranv\u00e4nder metallskrot och g\u00f6r att utrustningen kan \u00e5tervinnas igen, en \u00e5tg\u00e4rd som f\u00f6rst\u00e4rker v\u00e5rt engagemang f\u00f6r h\u00e5llbarhet och minskar v\u00e5rt ekologiska fotavtryck samtidigt som vi tillhandah\u00e5ller h\u00f6gkvalitativa v\u00e4rmel\u00f6sningar.<\/p>\t\t\t\t\t\t\t\t<\/div>\n\t\t\t\t<\/div>\n\t\t\t\t\t<\/div>\n\t\t<\/div>\n\t\t\t\t\t<\/div>\n\t\t<\/section>\n\t\t\t\t<section class=\"elementor-section elementor-inner-section elementor-element elementor-element-dd96ea2 elementor-section-content-middle elementor-section-boxed elementor-section-height-default elementor-section-height-default\" data-id=\"dd96ea2\" data-element_type=\"section\" data-e-type=\"section\">\n\t\t\t\t\t\t<div class=\"elementor-container elementor-column-gap-default\">\n\t\t\t\t\t<div class=\"elementor-column elementor-col-100 elementor-inner-column elementor-element elementor-element-266a970\" data-fullscreen-column-settings=\"{&quot;fullscreen&quot;:&quot;&quot;}\" data-id=\"266a970\" data-element_type=\"column\" data-e-type=\"column\">\n\t\t\t<div class=\"elementor-widget-wrap elementor-element-populated\">\n\t\t\t\t\t\t<div class=\"elementor-element elementor-element-8d85cba elementor-widget elementor-widget-litho-heading\" data-id=\"8d85cba\" data-element_type=\"widget\" data-e-type=\"widget\" data-widget_type=\"litho-heading.default\">\n\t\t\t\t<div class=\"elementor-widget-container\">\n\t\t\t\t\t<h3 class=\"litho-heading elementor-size-large\"><span class=\"litho-primary-title\">F\u00f6rdelar med att anv\u00e4nda gjutj\u00e4rn:<\/span><\/h3>\t\t\t\t<\/div>\n\t\t\t\t<\/div>\n\t\t\t\t<div class=\"elementor-element elementor-element-5270d1c elementor-align-start elementor-icon-list--layout-traditional elementor-list-item-link-full_width elementor-invisible elementor-widget elementor-widget-icon-list\" data-id=\"5270d1c\" data-element_type=\"widget\" data-e-type=\"widget\" data-settings=\"{&quot;_animation&quot;:&quot;fadeIn&quot;}\" data-widget_type=\"icon-list.default\">\n\t\t\t\t<div class=\"elementor-widget-container\">\n\t\t\t\t\t\t\t<ul class=\"elementor-icon-list-items\">\n\t\t\t\t\t\t\t<li class=\"elementor-icon-list-item\">\n\t\t\t\t\t\t\t\t\t\t\t<span class=\"elementor-icon-list-icon\">\n\t\t\t\t\t\t\t<i aria-hidden=\"true\" class=\"fas fa-chevron-right\"><\/i>\t\t\t\t\t\t<\/span>\n\t\t\t\t\t\t\t\t\t\t<span class=\"elementor-icon-list-text\"><b>H\u00e5llbarhet och livsl\u00e4ngd:<\/b> Gjutj\u00e4rn \u00e4r extremt h\u00e5llbart och motst\u00e5ndskraftigt, vilket inneb\u00e4r att en spis tillverkad av detta material kan h\u00e5lla i m\u00e5nga \u00e5r samtidigt som den beh\u00e5ller sin funktionalitet och estetik;<\/span>\n\t\t\t\t\t\t\t\t\t<\/li>\n\t\t\t\t\t\t\t\t<li class=\"elementor-icon-list-item\">\n\t\t\t\t\t\t\t\t\t\t\t<span class=\"elementor-icon-list-icon\">\n\t\t\t\t\t\t\t<i aria-hidden=\"true\" class=\"fas fa-chevron-right\"><\/i>\t\t\t\t\t\t<\/span>\n\t\t\t\t\t\t\t\t\t\t<span class=\"elementor-icon-list-text\"><b>Utm\u00e4rkt v\u00e4rmeh\u00e5llning och v\u00e4rmef\u00f6rdelning: <\/b> En av de viktigaste egenskaperna hos gjutj\u00e4rn \u00e4r dess f\u00f6rm\u00e5ga att beh\u00e5lla v\u00e4rmen under l\u00e5ng tid och f\u00f6rdela den j\u00e4mnt. Detta g\u00f6r pelletskaminer av gjutj\u00e4rn mycket effektiva n\u00e4r det g\u00e4ller att v\u00e4rma upp ett utrymme konsekvent;<\/span>\n\t\t\t\t\t\t\t\t\t<\/li>\n\t\t\t\t\t\t\t\t<li class=\"elementor-icon-list-item\">\n\t\t\t\t\t\t\t\t\t\t\t<span class=\"elementor-icon-list-icon\">\n\t\t\t\t\t\t\t<i aria-hidden=\"true\" class=\"fas fa-chevron-right\"><\/i>\t\t\t\t\t\t<\/span>\n\t\t\t\t\t\t\t\t\t\t<span class=\"elementor-icon-list-text\"><b>V\u00e4rmebest\u00e4ndighet: <\/b> Gjutj\u00e4rn t\u00e5l h\u00f6ga temperaturer utan att deformeras eller skadas. Detta \u00e4r viktigt f\u00f6r pelletskaminer, som arbetar vid h\u00f6ga temperaturer f\u00f6r att f\u00f6rbr\u00e4nna tr\u00e4pellets;<\/span>\n\t\t\t\t\t\t\t\t\t<\/li>\n\t\t\t\t\t\t\t\t<li class=\"elementor-icon-list-item\">\n\t\t\t\t\t\t\t\t\t\t\t<span class=\"elementor-icon-list-icon\">\n\t\t\t\t\t\t\t<i aria-hidden=\"true\" class=\"fas fa-chevron-right\"><\/i>\t\t\t\t\t\t<\/span>\n\t\t\t\t\t\t\t\t\t\t<span class=\"elementor-icon-list-text\"><b>L\u00e5gt underh\u00e5llsbehov: <\/b> P\u00e5 grund av sin robusthet kr\u00e4ver gjutj\u00e4rnskaminer i allm\u00e4nhet mindre underh\u00e5ll \u00e4n de som \u00e4r tillverkade av andra material;<\/span>\n\t\t\t\t\t\t\t\t\t<\/li>\n\t\t\t\t\t\t\t\t<li class=\"elementor-icon-list-item\">\n\t\t\t\t\t\t\t\t\t\t\t<span class=\"elementor-icon-list-icon\">\n\t\t\t\t\t\t\t<i aria-hidden=\"true\" class=\"fas fa-chevron-right\"><\/i>\t\t\t\t\t\t<\/span>\n\t\t\t\t\t\t\t\t\t\t<span class=\"elementor-icon-list-text\"><b>Korrosionsbest\u00e4ndighet: <\/b> N\u00e4r gjutj\u00e4rn behandlas och underh\u00e5lls p\u00e5 r\u00e4tt s\u00e4tt \u00e4r det korrosionsbest\u00e4ndigt, vilket \u00e4r viktigt f\u00f6r utrustningens livsl\u00e4ngd;<\/span>\n\t\t\t\t\t\t\t\t\t<\/li>\n\t\t\t\t\t\t\t\t<li class=\"elementor-icon-list-item\">\n\t\t\t\t\t\t\t\t\t\t\t<span class=\"elementor-icon-list-icon\">\n\t\t\t\t\t\t\t<i aria-hidden=\"true\" class=\"fas fa-chevron-right\"><\/i>\t\t\t\t\t\t<\/span>\n\t\t\t\t\t\t\t\t\t\t<span class=\"elementor-icon-list-text\"><b>Gjutningskapacitet: <\/b> Gjutj\u00e4rn kan formas till olika former och m\u00f6nster, vilket ger st\u00f6rre flexibilitet i utformningen av pelletskaminer, b\u00e5de n\u00e4r det g\u00e4ller funktionalitet och estetik;<\/span>\n\t\t\t\t\t\t\t\t\t<\/li>\n\t\t\t\t\t\t\t\t<li class=\"elementor-icon-list-item\">\n\t\t\t\t\t\t\t\t\t\t\t<span class=\"elementor-icon-list-icon\">\n\t\t\t\t\t\t\t<i aria-hidden=\"true\" class=\"fas fa-chevron-right\"><\/i>\t\t\t\t\t\t<\/span>\n\t\t\t\t\t\t\t\t\t\t<span class=\"elementor-icon-list-text\"><b>Energieffektivitet: <\/b> Gjutj\u00e4rnets f\u00f6rm\u00e5ga att beh\u00e5lla v\u00e4rmen bidrar till energieffektiviteten, eftersom kaminen forts\u00e4tter att avge v\u00e4rme \u00e4ven efter att elden har slocknat eller sl\u00e4ckts;<\/span>\n\t\t\t\t\t\t\t\t\t<\/li>\n\t\t\t\t\t\t\t\t<li class=\"elementor-icon-list-item\">\n\t\t\t\t\t\t\t\t\t\t\t<span class=\"elementor-icon-list-icon\">\n\t\t\t\t\t\t\t<i aria-hidden=\"true\" class=\"fas fa-chevron-right\"><\/i>\t\t\t\t\t\t<\/span>\n\t\t\t\t\t\t\t\t\t\t<span class=\"elementor-icon-list-text\"><b>S\u00e4kerhet: <\/b> Gjutj\u00e4rnets robusthet bidrar ocks\u00e5 till s\u00e4kerheten, eftersom materialet \u00e4r mindre k\u00e4nsligt f\u00f6r skador eller fel som kan \u00e4ventyra en s\u00e4ker drift av kaminen.<\/span>\n\t\t\t\t\t\t\t\t\t<\/li>\n\t\t\t\t\t\t<\/ul>\n\t\t\t\t\t\t<\/div>\n\t\t\t\t<\/div>\n\t\t\t\t\t<\/div>\n\t\t<\/div>\n\t\t\t\t\t<\/div>\n\t\t<\/section>\n\t\t\t\t\t<\/div>\n\t\t<\/div>\n\t\t\t\t\t<\/div>\n\t\t<\/section>\n\t\t\t\t<section class=\"elementor-section elementor-top-section elementor-element elementor-element-66773f6 elementor-section-content-middle elementor-section-boxed elementor-section-height-default elementor-section-height-default\" data-id=\"66773f6\" data-element_type=\"section\" data-e-type=\"section\" data-settings=\"{&quot;background_background&quot;:&quot;classic&quot;}\">\n\t\t\t\t\t\t<div class=\"elementor-container elementor-column-gap-default\">\n\t\t\t\t\t<div class=\"elementor-column elementor-col-100 elementor-top-column elementor-element elementor-element-467632d\" data-fullscreen-column-settings=\"{&quot;fullscreen&quot;:&quot;&quot;}\" data-id=\"467632d\" data-element_type=\"column\" data-e-type=\"column\">\n\t\t\t<div class=\"elementor-widget-wrap elementor-element-populated\">\n\t\t\t\t\t\t<section class=\"elementor-section elementor-inner-section elementor-element elementor-element-10df458 elementor-section-content-middle elementor-section-boxed elementor-section-height-default elementor-section-height-default elementor-invisible\" data-id=\"10df458\" data-element_type=\"section\" data-e-type=\"section\" data-settings=\"{&quot;animation&quot;:&quot;fadeIn&quot;}\">\n\t\t\t\t\t\t<div class=\"elementor-container elementor-column-gap-default\">\n\t\t\t\t\t<div class=\"elementor-column elementor-col-33 elementor-inner-column elementor-element elementor-element-64a6235\" data-fullscreen-column-settings=\"{&quot;fullscreen&quot;:&quot;&quot;}\" data-id=\"64a6235\" data-element_type=\"column\" data-e-type=\"column\">\n\t\t\t<div class=\"elementor-widget-wrap elementor-element-populated\">\n\t\t\t\t\t\t<div class=\"elementor-element elementor-element-a9156c1 elementor-widget elementor-widget-image\" data-id=\"a9156c1\" data-element_type=\"widget\" data-e-type=\"widget\" data-settings=\"{&quot;_animation&quot;:&quot;none&quot;}\" data-widget_type=\"image.default\">\n\t\t\t\t<div class=\"elementor-widget-container\">\n\t\t\t\t\t\t\t\t\t\t\t\t\t\t\t<img fetchpriority=\"high\" decoding=\"async\" width=\"1080\" height=\"1193\" src=\"https:\/\/ecofab.pt\/wp-content\/uploads\/2024\/01\/Reportagem-Fotografica-Felino-e-Ecofab-Fotos-Luiza-Reis-22-scaled-e1706543039202.jpg\" class=\"attachment-full size-full wp-image-76434\" alt=\"ECOFAB Gjuteri\" \/>\t\t\t\t\t\t\t\t\t\t\t\t\t\t\t<\/div>\n\t\t\t\t<\/div>\n\t\t\t\t\t<\/div>\n\t\t<\/div>\n\t\t\t\t<div class=\"elementor-column elementor-col-66 elementor-inner-column elementor-element elementor-element-0d9e8d5\" data-fullscreen-column-settings=\"{&quot;fullscreen&quot;:&quot;&quot;}\" data-id=\"0d9e8d5\" data-element_type=\"column\" data-e-type=\"column\">\n\t\t\t<div class=\"elementor-widget-wrap elementor-element-populated\">\n\t\t\t\t\t\t<div class=\"elementor-element elementor-element-eb7fb86 elementor-widget__width-initial elementor-widget elementor-widget-litho-heading\" data-id=\"eb7fb86\" data-element_type=\"widget\" data-e-type=\"widget\" data-widget_type=\"litho-heading.default\">\n\t\t\t\t<div class=\"elementor-widget-container\">\n\t\t\t\t\t<h3 class=\"litho-heading elementor-size-large\"><span class=\"litho-primary-title\">J\u00e4rngjuteri<\/span><\/h3>\t\t\t\t<\/div>\n\t\t\t\t<\/div>\n\t\t\t\t<div class=\"elementor-element elementor-element-4b504e4 elementor-widget elementor-widget-text-editor\" data-id=\"4b504e4\" data-element_type=\"widget\" data-e-type=\"widget\" data-widget_type=\"text-editor.default\">\n\t\t\t\t<div class=\"elementor-widget-container\">\n\t\t\t\t\t\t\t\t\t<p>ECOFAB \u00e4r en del av FELINO S.A.-gruppen, i en perfekt synergi mellan innovation och tradition inom gjutningskonsten. I hj\u00e4rtat av produktionen finns gjuteriet, en sektor d\u00e4r FELINO har markerat sin n\u00e4rvaro med spetskompetens och o\u00f6vertr\u00e4ffad kvalitet sedan 1936. Detta strategiska partnerskap g\u00f6r det m\u00f6jligt f\u00f6r ECOFAB att dra nytta av den stora erfarenhet och tekniska kunskap som FELINO har samlat p\u00e5 sig och omvandla gjutj\u00e4rn till distinkta produkter av h\u00f6g kvalitet. Gjutning \u00e4r inte bara en del av produktionsprocessen; det \u00e4r det bultande hj\u00e4rta som driver hela ECOFAB:s verksamhet och s\u00e4kerst\u00e4ller att varje produkt \u00e5terspeglar de h\u00f6ga standarder f\u00f6r kvalitet och innovation som k\u00e4nnetecknar FELINO.<\/p><p>P\u00e5 ECOFAB \u00e4r varje gjutning ett bevis p\u00e5 FELINO:s arv av engagemang f\u00f6r excellens. F\u00f6retaget \u00e4r specialiserat p\u00e5 att omvandla f\u00f6rstklassiga r\u00e5material till \u00f6verl\u00e4gsna slutprodukter som l\u00e4mpar sig f\u00f6r en m\u00e4ngd olika industriella till\u00e4mpningar. Den noggranna gjutningsprocessen hos ECOFAB s\u00e4kerst\u00e4ller att varje produkt inte bara uppfyller, utan \u00f6vertr\u00e4ffar kundernas f\u00f6rv\u00e4ntningar n\u00e4r det g\u00e4ller kvalitet, h\u00e5llbarhet och prestanda.<\/p>\t\t\t\t\t\t\t\t<\/div>\n\t\t\t\t<\/div>\n\t\t\t\t\t<\/div>\n\t\t<\/div>\n\t\t\t\t\t<\/div>\n\t\t<\/section>\n\t\t\t\t\t<\/div>\n\t\t<\/div>\n\t\t\t\t\t<\/div>\n\t\t<\/section>\n\t\t\t\t<section class=\"elementor-section elementor-top-section elementor-element elementor-element-3d10e47 elementor-section-content-middle elementor-section-boxed elementor-section-height-default elementor-section-height-default\" data-id=\"3d10e47\" data-element_type=\"section\" data-e-type=\"section\" data-settings=\"{&quot;background_background&quot;:&quot;classic&quot;}\">\n\t\t\t\t\t\t<div class=\"elementor-container elementor-column-gap-default\">\n\t\t\t\t\t<div class=\"elementor-column elementor-col-100 elementor-top-column elementor-element elementor-element-c3f94f8\" data-fullscreen-column-settings=\"{&quot;fullscreen&quot;:&quot;&quot;}\" data-id=\"c3f94f8\" data-element_type=\"column\" data-e-type=\"column\">\n\t\t\t<div class=\"elementor-widget-wrap elementor-element-populated\">\n\t\t\t\t\t\t<div class=\"elementor-element elementor-element-65c5162 elementor-widget elementor-widget-litho-heading\" data-id=\"65c5162\" data-element_type=\"widget\" data-e-type=\"widget\" data-widget_type=\"litho-heading.default\">\n\t\t\t\t<div class=\"elementor-widget-container\">\n\t\t\t\t\t<h2 class=\"litho-heading elementor-size-large\"><span class=\"litho-primary-title\">Pellets: Ekologiskt fast br\u00e4nsle<\/span><\/h2>\t\t\t\t<\/div>\n\t\t\t\t<\/div>\n\t\t\t\t<div class=\"elementor-element elementor-element-bfaadd0 elementor-widget elementor-widget-text-editor\" data-id=\"bfaadd0\" data-element_type=\"widget\" data-e-type=\"widget\" data-widget_type=\"text-editor.default\">\n\t\t\t\t<div class=\"elementor-widget-container\">\n\t\t\t\t\t\t\t\t\t<p><strong>Pellets \u00e4r ett milj\u00f6v\u00e4nligt val f\u00f6r att driva v\u00e5ra kaminer.<\/strong> De \u00e4r tillverkade av \u00e5tervunnet s\u00e5gsp\u00e5n och utg\u00f6r ett h\u00e5llbart alternativ till fossila br\u00e4nslen. <strong>Pellets brinner rent och effektivt, vilket g\u00f6r att de genererar mindre utsl\u00e4pp och utnyttjar f\u00f6rnybar energi p\u00e5 b\u00e4sta s\u00e4tt.<\/strong> P\u00e5 s\u00e5 s\u00e4tt kan du b\u00e5de minska din milj\u00f6p\u00e5verkan och f\u00e5 en tillf\u00f6rlitlig och effektiv v\u00e4rmek\u00e4lla till ditt hem.<\/p><p><strong>Genom att v\u00e4lja en pelletskamin fr\u00e5n ECOFAB v\u00e4ljer du en uppv\u00e4rmningsl\u00f6sning som tar h\u00e4nsyn till milj\u00f6n och fr\u00e4mjar en mer h\u00e5llbar framtid.<\/strong> F\u00f6lj med oss p\u00e5 denna h\u00e5llbarhetsresa och uppt\u00e4ck den milj\u00f6effektiva v\u00e4rmen som v\u00e5ra pelletskaminer kan ge ditt hem.<\/p>\t\t\t\t\t\t\t\t<\/div>\n\t\t\t\t<\/div>\n\t\t\t\t<div class=\"elementor-element elementor-element-2967fa4 elementor-widget elementor-widget-litho-heading\" data-id=\"2967fa4\" data-element_type=\"widget\" data-e-type=\"widget\" data-widget_type=\"litho-heading.default\">\n\t\t\t\t<div class=\"elementor-widget-container\">\n\t\t\t\t\t<h3 class=\"litho-heading elementor-size-large\"><span class=\"litho-primary-title\">F\u00f6rdelar med att anv\u00e4nda pellets som v\u00e4rmel\u00f6sning:<\/span><\/h3>\t\t\t\t<\/div>\n\t\t\t\t<\/div>\n\t\t\t\t<div class=\"elementor-element elementor-element-69c7cee elementor-align-start elementor-icon-list--layout-traditional elementor-list-item-link-full_width elementor-invisible elementor-widget elementor-widget-icon-list\" data-id=\"69c7cee\" data-element_type=\"widget\" data-e-type=\"widget\" data-settings=\"{&quot;_animation&quot;:&quot;fadeIn&quot;}\" data-widget_type=\"icon-list.default\">\n\t\t\t\t<div class=\"elementor-widget-container\">\n\t\t\t\t\t\t\t<ul class=\"elementor-icon-list-items\">\n\t\t\t\t\t\t\t<li class=\"elementor-icon-list-item\">\n\t\t\t\t\t\t\t\t\t\t\t<span class=\"elementor-icon-list-icon\">\n\t\t\t\t\t\t\t<i aria-hidden=\"true\" class=\"fas fa-chevron-right\"><\/i>\t\t\t\t\t\t<\/span>\n\t\t\t\t\t\t\t\t\t\t<span class=\"elementor-icon-list-text\"><b>F\u00f6rnybar och h\u00e5llbar: <\/b> Pellets tillverkas av tr\u00e4avfall, vilket g\u00f6r dem till en f\u00f6rnybar energik\u00e4lla som minskar sl\u00f6seriet med resurser;<\/span>\n\t\t\t\t\t\t\t\t\t<\/li>\n\t\t\t\t\t\t\t\t<li class=\"elementor-icon-list-item\">\n\t\t\t\t\t\t\t\t\t\t\t<span class=\"elementor-icon-list-icon\">\n\t\t\t\t\t\t\t<i aria-hidden=\"true\" class=\"fas fa-chevron-right\"><\/i>\t\t\t\t\t\t<\/span>\n\t\t\t\t\t\t\t\t\t\t<span class=\"elementor-icon-list-text\"><b>H\u00f6g energieffektivitet: <\/b> J\u00e4mf\u00f6rt med andra br\u00e4nslek\u00e4llor brinner pellets mer effektivt och producerar mer v\u00e4rme med mindre material;<\/span>\n\t\t\t\t\t\t\t\t\t<\/li>\n\t\t\t\t\t\t\t\t<li class=\"elementor-icon-list-item\">\n\t\t\t\t\t\t\t\t\t\t\t<span class=\"elementor-icon-list-icon\">\n\t\t\t\t\t\t\t<i aria-hidden=\"true\" class=\"fas fa-chevron-right\"><\/i>\t\t\t\t\t\t<\/span>\n\t\t\t\t\t\t\t\t\t\t<span class=\"elementor-icon-list-text\"><b>L\u00e5ga utsl\u00e4pp av f\u00f6roreningar: <\/b> F\u00f6rbr\u00e4nning av pellets sl\u00e4pper ut f\u00e4rre f\u00f6roreningar \u00e4n andra traditionella br\u00e4nslek\u00e4llor, vilket inneb\u00e4r ett mindre ekologiskt fotavtryck;<\/span>\n\t\t\t\t\t\t\t\t\t<\/li>\n\t\t\t\t\t\t\t\t<li class=\"elementor-icon-list-item\">\n\t\t\t\t\t\t\t\t\t\t\t<span class=\"elementor-icon-list-icon\">\n\t\t\t\t\t\t\t<i aria-hidden=\"true\" class=\"fas fa-chevron-right\"><\/i>\t\t\t\t\t\t<\/span>\n\t\t\t\t\t\t\t\t\t\t<span class=\"elementor-icon-list-text\"><b>L\u00e4tt att f\u00f6rvara och anv\u00e4nda: <\/b> Pellets \u00e4r kompakta och l\u00e4tta att f\u00f6rvara, tar mindre plats \u00e4n ved och \u00e4r l\u00e4ttare att hantera;<\/span>\n\t\t\t\t\t\t\t\t\t<\/li>\n\t\t\t\t\t\t\t\t<li class=\"elementor-icon-list-item\">\n\t\t\t\t\t\t\t\t\t\t\t<span class=\"elementor-icon-list-icon\">\n\t\t\t\t\t\t\t<i aria-hidden=\"true\" class=\"fas fa-chevron-right\"><\/i>\t\t\t\t\t\t<\/span>\n\t\t\t\t\t\t\t\t\t\t<span class=\"elementor-icon-list-text\"><b>Kostnadseffektivt: <\/b> Pellets har en l\u00e4gre l\u00e5ngsiktig kostnad j\u00e4mf\u00f6rt med andra br\u00e4nslek\u00e4llor, vilket ger effektiv uppv\u00e4rmning till en l\u00e4gre kostnad;<\/span>\n\t\t\t\t\t\t\t\t\t<\/li>\n\t\t\t\t\t\t\t\t<li class=\"elementor-icon-list-item\">\n\t\t\t\t\t\t\t\t\t\t\t<span class=\"elementor-icon-list-icon\">\n\t\t\t\t\t\t\t<i aria-hidden=\"true\" class=\"fas fa-chevron-right\"><\/i>\t\t\t\t\t\t<\/span>\n\t\t\t\t\t\t\t\t\t\t<span class=\"elementor-icon-list-text\"><b>Konsekvent kvalitet: <\/b> Pellets har en mer enhetlig kvalitetsstandard \u00e4n ved, vilket ger en j\u00e4mnare prestanda;<\/span>\n\t\t\t\t\t\t\t\t\t<\/li>\n\t\t\t\t\t\t\t\t<li class=\"elementor-icon-list-item\">\n\t\t\t\t\t\t\t\t\t\t\t<span class=\"elementor-icon-list-icon\">\n\t\t\t\t\t\t\t<i aria-hidden=\"true\" class=\"fas fa-chevron-right\"><\/i>\t\t\t\t\t\t<\/span>\n\t\t\t\t\t\t\t\t\t\t<span class=\"elementor-icon-list-text\"><b>Bekv\u00e4mlighet: <\/b> Pellets eliminerar behovet av att hugga, stapla och torka tr\u00e4, vilket g\u00f6r det till en mer bekv\u00e4m och problemfri uppv\u00e4rmningsl\u00f6sning.<\/span>\n\t\t\t\t\t\t\t\t\t<\/li>\n\t\t\t\t\t\t<\/ul>\n\t\t\t\t\t\t<\/div>\n\t\t\t\t<\/div>\n\t\t\t\t\t<\/div>\n\t\t<\/div>\n\t\t\t\t\t<\/div>\n\t\t<\/section>\n\t\t\t\t<\/div>","protected":false},"excerpt":{"rendered":"<p>Sustentabilidade Ferro fundido e Pellets para um Mundo melhor. Compromisso com solu\u00e7\u00f5es de aquecimento eficientes e sustent\u00e1veis Na ECOFAB, valorizamos a integridade e a funcionalidade dos nossos produtos. O ferro fundido, material central Salamandras a Pellets e Lareiras de Exterior, \u00e9 escolhido pela sua durabilidade excepcional e garantia de um aquecimento confi\u00e1vel e duradouro. As [&hellip;]<\/p>\n","protected":false},"author":1,"featured_media":75483,"parent":0,"menu_order":0,"comment_status":"closed","ping_status":"closed","template":"","meta":{"footnotes":""},"class_list":["post-76407","page","type-page","status-publish","has-post-thumbnail","hentry"],"_links":{"self":[{"href":"https:\/\/ecofab.pt\/sv\/wp-json\/wp\/v2\/pages\/76407","targetHints":{"allow":["GET"]}}],"collection":[{"href":"https:\/\/ecofab.pt\/sv\/wp-json\/wp\/v2\/pages"}],"about":[{"href":"https:\/\/ecofab.pt\/sv\/wp-json\/wp\/v2\/types\/page"}],"author":[{"embeddable":true,"href":"https:\/\/ecofab.pt\/sv\/wp-json\/wp\/v2\/users\/1"}],"replies":[{"embeddable":true,"href":"https:\/\/ecofab.pt\/sv\/wp-json\/wp\/v2\/comments?post=76407"}],"version-history":[{"count":91,"href":"https:\/\/ecofab.pt\/sv\/wp-json\/wp\/v2\/pages\/76407\/revisions"}],"predecessor-version":[{"id":78412,"href":"https:\/\/ecofab.pt\/sv\/wp-json\/wp\/v2\/pages\/76407\/revisions\/78412"}],"wp:featuredmedia":[{"embeddable":true,"href":"https:\/\/ecofab.pt\/sv\/wp-json\/wp\/v2\/media\/75483"}],"wp:attachment":[{"href":"https:\/\/ecofab.pt\/sv\/wp-json\/wp\/v2\/media?parent=76407"}],"curies":[{"name":"wp","href":"https:\/\/api.w.org\/{rel}","templated":true}]}}