{"id":76506,"date":"2024-01-31T15:55:33","date_gmt":"2024-01-31T15:55:33","guid":{"rendered":"https:\/\/ecofab.pt\/?page_id=76506"},"modified":"2024-02-25T21:50:58","modified_gmt":"2024-02-25T21:50:58","slug":"institutionell","status":"publish","type":"page","link":"https:\/\/ecofab.pt\/sv\/institutionell\/","title":{"rendered":"Institutionell"},"content":{"rendered":"<div data-elementor-type=\"wp-page\" data-elementor-id=\"76506\" class=\"elementor elementor-76506\" data-elementor-post-type=\"page\">\n\t\t\t\t\t\t<section class=\"elementor-section elementor-top-section elementor-element elementor-element-d2bfccd elementor-section-content-middle elementor-section-height-min-height elementor-section-items-bottom elementor-section-boxed elementor-section-height-default\" data-id=\"d2bfccd\" data-element_type=\"section\" data-e-type=\"section\" data-settings=\"{&quot;background_background&quot;:&quot;classic&quot;}\">\n\t\t\t\t\t\t\t<div class=\"elementor-background-overlay\"><\/div>\n\t\t\t\t\t\t\t<div class=\"elementor-container elementor-column-gap-default\">\n\t\t\t\t\t<div class=\"elementor-column elementor-col-100 elementor-top-column elementor-element elementor-element-1075e4c animated-slow elementor-invisible\" data-fullscreen-column-settings=\"{&quot;fullscreen&quot;:&quot;&quot;}\" data-id=\"1075e4c\" data-element_type=\"column\" data-e-type=\"column\" data-settings=\"{&quot;animation&quot;:&quot;fadeIn&quot;,&quot;animation_delay&quot;:100}\">\n\t\t\t<div class=\"elementor-widget-wrap elementor-element-populated\">\n\t\t\t\t\t\t<div class=\"elementor-element elementor-element-ad97762 elementor-widget-mobile__width-initial elementor-widget elementor-widget-litho-heading\" data-id=\"ad97762\" data-element_type=\"widget\" data-e-type=\"widget\" data-widget_type=\"litho-heading.default\">\n\t\t\t\t<div class=\"elementor-widget-container\">\n\t\t\t\t\t<h1 class=\"litho-heading elementor-size-xl\"><span class=\"litho-primary-title\">Institutionell<\/span><\/h1>\t\t\t\t<\/div>\n\t\t\t\t<\/div>\n\t\t\t\t<div class=\"elementor-element elementor-element-edd024d elementor-widget-mobile__width-initial elementor-widget elementor-widget-litho-heading\" data-id=\"edd024d\" data-element_type=\"widget\" data-e-type=\"widget\" data-widget_type=\"litho-heading.default\">\n\t\t\t\t<div class=\"elementor-widget-container\">\n\t\t\t\t\t<h2 class=\"litho-heading elementor-size-large\"><span class=\"litho-primary-title\">ECOFABs \u00e5tagande<\/span><\/h2>\t\t\t\t<\/div>\n\t\t\t\t<\/div>\n\t\t\t\t\t<\/div>\n\t\t<\/div>\n\t\t\t\t\t<\/div>\n\t\t<\/section>\n\t\t\t\t<section class=\"elementor-section elementor-top-section elementor-element elementor-element-e79bb6d elementor-section-boxed elementor-section-height-default elementor-section-height-default\" data-id=\"e79bb6d\" data-element_type=\"section\" data-e-type=\"section\">\n\t\t\t\t\t\t<div class=\"elementor-container elementor-column-gap-default\">\n\t\t\t\t\t<div class=\"elementor-column elementor-col-50 elementor-top-column elementor-element elementor-element-6341872\" data-fullscreen-column-settings=\"{&quot;fullscreen&quot;:&quot;&quot;}\" data-id=\"6341872\" data-element_type=\"column\" data-e-type=\"column\">\n\t\t\t<div class=\"elementor-widget-wrap elementor-element-populated\">\n\t\t\t\t\t\t<div class=\"elementor-element elementor-element-5eeef1a elementor-widget elementor-widget-litho-heading\" data-id=\"5eeef1a\" data-element_type=\"widget\" data-e-type=\"widget\" data-widget_type=\"litho-heading.default\">\n\t\t\t\t<div class=\"elementor-widget-container\">\n\t\t\t\t\t<h3 class=\"litho-heading elementor-size-large\"><span class=\"litho-primary-title\">V\u00e5rt arv<\/span><\/h3>\t\t\t\t<\/div>\n\t\t\t\t<\/div>\n\t\t\t\t<div class=\"elementor-element elementor-element-ac1c812 elementor-widget elementor-widget-text-editor\" data-id=\"ac1c812\" data-element_type=\"widget\" data-e-type=\"widget\" data-widget_type=\"text-editor.default\">\n\t\t\t\t<div class=\"elementor-widget-container\">\n\t\t\t\t\t\t\t\t\t<p>ECOFAB f\u00f6ddes ur ett behov av <span style=\"text-decoration: underline;\"><span style=\"color: #000000;\"><a style=\"color: #000000; text-decoration: underline;\" href=\"https:\/\/www.felino.pt\/\" target=\"_blank\" rel=\"noopener nofollow\">FELINO SA <\/a><\/span><\/span>med m\u00e5let att dela med sig av den kunskap och expertis som samlats under mer \u00e4n 80 \u00e5rs industriell verksamhet till en marknad som \u00e4r notoriskt inhemsk. Vi har \u00e4rvt en produktionsprocess som omfattar alla stadier fr\u00e5n id\u00e9 och design till slutprodukt. P\u00e5 s\u00e5 s\u00e4tt kan vi uppr\u00e4tth\u00e5lla kvalitetsstandarder i varje steg och garantera v\u00e5ra kunder ett utm\u00e4rkt slutresultat.<\/p>\t\t\t\t\t\t\t\t<\/div>\n\t\t\t\t<\/div>\n\t\t\t\t<div class=\"elementor-element elementor-element-bdd8dee elementor-widget elementor-widget-text-editor\" data-id=\"bdd8dee\" data-element_type=\"widget\" data-e-type=\"widget\" data-widget_type=\"text-editor.default\">\n\t\t\t\t<div class=\"elementor-widget-container\">\n\t\t\t\t\t\t\t\t\t<p><strong>Vi skapar designf\u00f6rem\u00e5l som f\u00f6rvandlar ditt hem till den perfekta milj\u00f6n f\u00f6r att k\u00e4nna och njuta av m\u00e4nskliga k\u00e4nslor.<\/strong><\/p>\t\t\t\t\t\t\t\t<\/div>\n\t\t\t\t<\/div>\n\t\t\t\t\t<\/div>\n\t\t<\/div>\n\t\t\t\t<div class=\"elementor-column elementor-col-50 elementor-top-column elementor-element elementor-element-87dd73d\" data-fullscreen-column-settings=\"{&quot;fullscreen&quot;:&quot;&quot;}\" data-id=\"87dd73d\" data-element_type=\"column\" data-e-type=\"column\">\n\t\t\t<div class=\"elementor-widget-wrap elementor-element-populated\">\n\t\t\t\t\t\t<div class=\"elementor-element elementor-element-d31d338 elementor-widget elementor-widget-image\" data-id=\"d31d338\" data-element_type=\"widget\" data-e-type=\"widget\" data-widget_type=\"image.default\">\n\t\t\t\t<div class=\"elementor-widget-container\">\n\t\t\t\t\t\t\t\t\t\t\t\t\t\t\t<img fetchpriority=\"high\" decoding=\"async\" width=\"1024\" height=\"1024\" src=\"https:\/\/ecofab.pt\/wp-content\/uploads\/2024\/01\/217932708_263644982188632_8214980433558674440_n-e1706722992296-1024x1024.jpg\" class=\"attachment-large size-large wp-image-76663\" alt=\"ECOFAB, v\u00e4rmel\u00f6sningar, pelletskaminer, pelletskaminer, gjutj\u00e4rn\" srcset=\"https:\/\/ecofab.pt\/wp-content\/uploads\/2024\/01\/217932708_263644982188632_8214980433558674440_n-e1706722992296-1024x1024.jpg 1024w, https:\/\/ecofab.pt\/wp-content\/uploads\/2024\/01\/217932708_263644982188632_8214980433558674440_n-e1706722992296-300x300.jpg 300w, https:\/\/ecofab.pt\/wp-content\/uploads\/2024\/01\/217932708_263644982188632_8214980433558674440_n-e1706722992296-150x150.jpg 150w, https:\/\/ecofab.pt\/wp-content\/uploads\/2024\/01\/217932708_263644982188632_8214980433558674440_n-e1706722992296-768x768.jpg 768w, https:\/\/ecofab.pt\/wp-content\/uploads\/2024\/01\/217932708_263644982188632_8214980433558674440_n-e1706722992296-200x200.jpg 200w, https:\/\/ecofab.pt\/wp-content\/uploads\/2024\/01\/217932708_263644982188632_8214980433558674440_n-e1706722992296.jpg 1080w\" sizes=\"(max-width: 1024px) 100vw, 1024px\" \/>\t\t\t\t\t\t\t\t\t\t\t\t\t\t\t<\/div>\n\t\t\t\t<\/div>\n\t\t\t\t\t<\/div>\n\t\t<\/div>\n\t\t\t\t\t<\/div>\n\t\t<\/section>\n\t\t\t\t<section class=\"elementor-section elementor-top-section elementor-element elementor-element-af498cf elementor-section-boxed elementor-section-height-default elementor-section-height-default\" data-id=\"af498cf\" data-element_type=\"section\" data-e-type=\"section\">\n\t\t\t\t\t\t<div class=\"elementor-container elementor-column-gap-default\">\n\t\t\t\t\t<div class=\"elementor-column elementor-col-50 elementor-top-column elementor-element elementor-element-d8ae589\" data-fullscreen-column-settings=\"{&quot;fullscreen&quot;:&quot;&quot;}\" data-id=\"d8ae589\" data-element_type=\"column\" data-e-type=\"column\">\n\t\t\t<div class=\"elementor-widget-wrap elementor-element-populated\">\n\t\t\t\t\t\t<div class=\"elementor-element elementor-element-fceaa93 elementor-widget__width-initial elementor-widget elementor-widget-image\" data-id=\"fceaa93\" data-element_type=\"widget\" data-e-type=\"widget\" data-widget_type=\"image.default\">\n\t\t\t\t<div class=\"elementor-widget-container\">\n\t\t\t\t\t\t\t\t\t\t\t\t\t\t\t<img decoding=\"async\" width=\"819\" height=\"1024\" src=\"https:\/\/ecofab.pt\/wp-content\/uploads\/2024\/01\/ECOFAB-engenharia-819x1024.jpg\" class=\"attachment-large size-large wp-image-76661\" alt=\"ECOFAB, verkstadsindustri\" srcset=\"https:\/\/ecofab.pt\/wp-content\/uploads\/2024\/01\/ECOFAB-engenharia-819x1024.jpg 819w, https:\/\/ecofab.pt\/wp-content\/uploads\/2024\/01\/ECOFAB-engenharia-240x300.jpg 240w, https:\/\/ecofab.pt\/wp-content\/uploads\/2024\/01\/ECOFAB-engenharia-768x960.jpg 768w, https:\/\/ecofab.pt\/wp-content\/uploads\/2024\/01\/ECOFAB-engenharia-1229x1536.jpg 1229w, https:\/\/ecofab.pt\/wp-content\/uploads\/2024\/01\/ECOFAB-engenharia-200x250.jpg 200w, https:\/\/ecofab.pt\/wp-content\/uploads\/2024\/01\/ECOFAB-engenharia.jpg 1440w\" sizes=\"(max-width: 819px) 100vw, 819px\" \/>\t\t\t\t\t\t\t\t\t\t\t\t\t\t\t<\/div>\n\t\t\t\t<\/div>\n\t\t\t\t\t<\/div>\n\t\t<\/div>\n\t\t\t\t<div class=\"elementor-column elementor-col-50 elementor-top-column elementor-element elementor-element-d64ef52\" data-fullscreen-column-settings=\"{&quot;fullscreen&quot;:&quot;&quot;}\" data-id=\"d64ef52\" data-element_type=\"column\" data-e-type=\"column\">\n\t\t\t<div class=\"elementor-widget-wrap elementor-element-populated\">\n\t\t\t\t\t\t<div class=\"elementor-element elementor-element-1ab7993 elementor-widget elementor-widget-litho-heading\" data-id=\"1ab7993\" data-element_type=\"widget\" data-e-type=\"widget\" data-widget_type=\"litho-heading.default\">\n\t\t\t\t<div class=\"elementor-widget-container\">\n\t\t\t\t\t<h3 class=\"litho-heading elementor-size-large\"><span class=\"litho-primary-title\">Teknisk excellens<\/span><\/h3>\t\t\t\t<\/div>\n\t\t\t\t<\/div>\n\t\t\t\t<div class=\"elementor-element elementor-element-4e72ead elementor-widget elementor-widget-text-editor\" data-id=\"4e72ead\" data-element_type=\"widget\" data-e-type=\"widget\" data-widget_type=\"text-editor.default\">\n\t\t\t\t<div class=\"elementor-widget-container\">\n\t\t\t\t\t\t\t\t\t<p>Vi b\u00f6rjar med uttj\u00e4nt metall och slutar med maskiner och utrustning av h\u00f6gsta kvalitet och prestanda! Med ett projektteam som \u00e4r utrustat med de b\u00e4sta verktygen, inklusive snabb prototypframtagning, med de mest avancerade maskinerna f\u00f6r att producera och kontrollera komponenterna, allt inramat av ett ungt, v\u00e4lutbildat team och en grupp mycket motiverade m\u00e4nniskor som \u00e4r dedikerade till att ge dig de mest effektiva och h\u00e5llbara produkterna.<\/p>\t\t\t\t\t\t\t\t<\/div>\n\t\t\t\t<\/div>\n\t\t\t\t<div class=\"elementor-element elementor-element-585d861 elementor-widget elementor-widget-litho-heading\" data-id=\"585d861\" data-element_type=\"widget\" data-e-type=\"widget\" data-widget_type=\"litho-heading.default\">\n\t\t\t\t<div class=\"elementor-widget-container\">\n\t\t\t\t\t<h3 class=\"litho-heading elementor-size-large\"><span class=\"litho-primary-title\">Certifierad kvalitet<\/span><\/h3>\t\t\t\t<\/div>\n\t\t\t\t<\/div>\n\t\t\t\t<div class=\"elementor-element elementor-element-6d4c3da elementor-widget elementor-widget-text-editor\" data-id=\"6d4c3da\" data-element_type=\"widget\" data-e-type=\"widget\" data-widget_type=\"text-editor.default\">\n\t\t\t\t<div class=\"elementor-widget-container\">\n\t\t\t\t\t\t\t\t\t<p>Kvalitetscertifiering ger ett integrerat st\u00f6d f\u00f6r all v\u00e5r tekniska och vetenskapliga expertis. Kontinuerlig f\u00f6rb\u00e4ttring och till\u00e4mpning av h\u00e5llbara policyer \u00e4r grunden f\u00f6r att tillfredsst\u00e4lla v\u00e5ra kunder i alla de l\u00f6sningar vi erbjuder.<\/p>\t\t\t\t\t\t\t\t<\/div>\n\t\t\t\t<\/div>\n\t\t\t\t\t<\/div>\n\t\t<\/div>\n\t\t\t\t\t<\/div>\n\t\t<\/section>\n\t\t\t\t<section class=\"elementor-section elementor-top-section elementor-element elementor-element-c79436e elementor-section-content-middle elementor-section-boxed elementor-section-height-default elementor-section-height-default\" data-id=\"c79436e\" data-element_type=\"section\" data-e-type=\"section\" data-settings=\"{&quot;background_background&quot;:&quot;classic&quot;}\">\n\t\t\t\t\t\t<div class=\"elementor-container elementor-column-gap-default\">\n\t\t\t\t\t<div class=\"elementor-column elementor-col-100 elementor-top-column elementor-element elementor-element-27d7192\" data-fullscreen-column-settings=\"{&quot;fullscreen&quot;:&quot;&quot;}\" data-id=\"27d7192\" data-element_type=\"column\" data-e-type=\"column\">\n\t\t\t<div class=\"elementor-widget-wrap elementor-element-populated\">\n\t\t\t\t\t\t<div class=\"elementor-element elementor-element-35b3147 elementor-widget-mobile__width-initial elementor-widget elementor-widget-litho-heading\" data-id=\"35b3147\" data-element_type=\"widget\" data-e-type=\"widget\" data-widget_type=\"litho-heading.default\">\n\t\t\t\t<div class=\"elementor-widget-container\">\n\t\t\t\t\t<h2 class=\"litho-heading elementor-size-medium\"><span class=\"litho-primary-title\">KULTURARV, EKOLOGI OCH M\u00c4NSKLIGA UPPLEVELSER.<\/span><\/h2>\t\t\t\t<\/div>\n\t\t\t\t<\/div>\n\t\t\t\t<div class=\"elementor-element elementor-element-a1bf7ef elementor-widget elementor-widget-text-editor\" data-id=\"a1bf7ef\" data-element_type=\"widget\" data-e-type=\"widget\" data-widget_type=\"text-editor.default\">\n\t\t\t\t<div class=\"elementor-widget-container\">\n\t\t\t\t\t\t\t\t\t<div class=\"text\"><strong>ECOFAB \u00e4r ett ungt och dynamiskt f\u00f6retag som grundades 2013 med m\u00e5let att skapa produkter f\u00f6r hemmabruk. Med st\u00f6d av den tekniska kapaciteten och expertisen hos ett f\u00f6retag som har varit verksamt p\u00e5 marknaderna f\u00f6r maskinbyggnad, gjuteri och mekanisk konstruktion i hemlandet och utomlands i \u00f6ver 80 \u00e5r, levererar ECOFAB innovativ teknik med enast\u00e5ende kvalitet.<\/strong><\/div><div>\u00a0<\/div><div class=\"text\">L\u00f6nsamheten i v\u00e5r verksamhet bygger p\u00e5 st\u00e4ndiga f\u00f6rb\u00e4ttringar av v\u00e5ra produkter och v\u00e5rt engagemang f\u00f6r en h\u00e5llbar utveckling.<br \/>Vi vill bidra till m\u00e4nniskors v\u00e4lbefinnande och r\u00e4dda milj\u00f6n f\u00f6r kommande generationer.<\/div><div class=\"text\">Vi \u00e4r noggranna i valet av r\u00e5varor och kr\u00e4vande i valet av material som anv\u00e4nds. Det \u00e4r genom produktutveckling och st\u00e4ndigt experimenterande som vi f\u00e5r f\u00f6rtroendet att lansera v\u00e5ra produkter.<\/div>\t\t\t\t\t\t\t\t<\/div>\n\t\t\t\t<\/div>\n\t\t\t\t<div class=\"elementor-element elementor-element-9e583ca elementor-widget elementor-widget-text-editor\" data-id=\"9e583ca\" data-element_type=\"widget\" data-e-type=\"widget\" data-widget_type=\"text-editor.default\">\n\t\t\t\t<div class=\"elementor-widget-container\">\n\t\t\t\t\t\t\t\t\t<p><strong><span style=\"color: #008000;\">Vi har antagit en strategi f\u00f6r cirkul\u00e4r ekonomi f\u00f6r att g\u00f6ra v\u00e4rlden till en b\u00e4ttre plats. Vi kombinerar j\u00e4rn, det huvudsakliga r\u00e5materialet som anv\u00e4nds f\u00f6r att bygga v\u00e5ra kaminer, med pellets, ett \u00e5tervunnet, h\u00e5llbart och h\u00f6gpresterande material.<\/span><\/strong><\/p>\t\t\t\t\t\t\t\t<\/div>\n\t\t\t\t<\/div>\n\t\t\t\t<div class=\"elementor-element elementor-element-369f136 elementor-widget elementor-widget-text-editor\" data-id=\"369f136\" data-element_type=\"widget\" data-e-type=\"widget\" data-widget_type=\"text-editor.default\">\n\t\t\t\t<div class=\"elementor-widget-container\">\n\t\t\t\t\t\t\t\t\t<div class=\"text\"><strong>P\u00e5 ECOFAB f\u00f6rst\u00e5r vi att en pelletskamin \u00e4r mycket mer \u00e4n bara en v\u00e4rmek\u00e4lla. Den \u00e4r hemmets hj\u00e4rta, en m\u00f6tesplats som f\u00f6r samman familj och v\u00e4nner och formar atmosf\u00e4ren i rummet och v\u00e5ra liv. V\u00e5ra kaminer \u00e4r inte bara utformade f\u00f6r att v\u00e4rma, utan f\u00f6r att f\u00f6rvandla ditt hem till den perfekta milj\u00f6n f\u00f6r att k\u00e4nna och njuta av m\u00e4nskliga k\u00e4nslor.<\/strong><\/div><div>\u00a0<\/div><div class=\"text\">Vi kombinerar spjutspetsteknik och individuell design f\u00f6r att skapa unika, attraktiva och funktionella v\u00e4rmel\u00f6sningar, samtidigt som vi integrerar avancerade funktioner f\u00f6r att g\u00f6ra din anv\u00e4ndarupplevelse \u00e4nnu enklare och mer effektiv.\u00a0<\/div>\t\t\t\t\t\t\t\t<\/div>\n\t\t\t\t<\/div>\n\t\t\t\t\t<\/div>\n\t\t<\/div>\n\t\t\t\t\t<\/div>\n\t\t<\/section>\n\t\t\t\t<section class=\"elementor-section elementor-top-section elementor-element elementor-element-d1ba3ec elementor-section-boxed elementor-section-height-default elementor-section-height-default\" data-id=\"d1ba3ec\" data-element_type=\"section\" data-e-type=\"section\" data-settings=\"{&quot;background_background&quot;:&quot;classic&quot;}\">\n\t\t\t\t\t\t<div class=\"elementor-container elementor-column-gap-default\">\n\t\t\t\t\t<div class=\"elementor-column elementor-col-100 elementor-top-column elementor-element elementor-element-1415573\" data-fullscreen-column-settings=\"{&quot;fullscreen&quot;:&quot;&quot;}\" data-id=\"1415573\" data-element_type=\"column\" data-e-type=\"column\" data-settings=\"{&quot;background_background&quot;:&quot;classic&quot;}\">\n\t\t\t<div class=\"elementor-widget-wrap elementor-element-populated\">\n\t\t\t\t\t\t<section class=\"elementor-section elementor-inner-section elementor-element elementor-element-bc4db36 elementor-section-boxed elementor-section-height-default elementor-section-height-default elementor-invisible\" data-id=\"bc4db36\" data-element_type=\"section\" data-e-type=\"section\" data-settings=\"{&quot;background_background&quot;:&quot;classic&quot;,&quot;animation&quot;:&quot;fadeIn&quot;}\">\n\t\t\t\t\t\t<div class=\"elementor-container elementor-column-gap-default\">\n\t\t\t\t\t<div class=\"elementor-column elementor-col-33 elementor-inner-column elementor-element elementor-element-d1f8555\" data-fullscreen-column-settings=\"{&quot;fullscreen&quot;:&quot;&quot;}\" data-id=\"d1f8555\" data-element_type=\"column\" data-e-type=\"column\">\n\t\t\t<div class=\"elementor-widget-wrap elementor-element-populated\">\n\t\t\t\t\t\t<div class=\"elementor-element elementor-element-39ccf84 elementor-widget elementor-widget-image\" data-id=\"39ccf84\" data-element_type=\"widget\" data-e-type=\"widget\" data-settings=\"{&quot;_animation&quot;:&quot;none&quot;}\" data-widget_type=\"image.default\">\n\t\t\t\t<div class=\"elementor-widget-container\">\n\t\t\t\t\t\t\t\t\t\t\t\t\t\t\t<img decoding=\"async\" width=\"278\" height=\"282\" src=\"https:\/\/ecofab.pt\/wp-content\/uploads\/2024\/01\/ecodesign.jpg\" class=\"attachment-large size-large wp-image-75911\" alt=\"ECODESIGN, ekodesignm\u00e4rkning, Ecofab\" srcset=\"https:\/\/ecofab.pt\/wp-content\/uploads\/2024\/01\/ecodesign.jpg 278w, https:\/\/ecofab.pt\/wp-content\/uploads\/2024\/01\/ecodesign-100x100.jpg 100w, https:\/\/ecofab.pt\/wp-content\/uploads\/2024\/01\/ecodesign-200x203.jpg 200w\" sizes=\"(max-width: 278px) 100vw, 278px\" \/>\t\t\t\t\t\t\t\t\t\t\t\t\t\t\t<\/div>\n\t\t\t\t<\/div>\n\t\t\t\t\t<\/div>\n\t\t<\/div>\n\t\t\t\t<div class=\"elementor-column elementor-col-66 elementor-inner-column elementor-element elementor-element-95a3cbc\" data-fullscreen-column-settings=\"{&quot;fullscreen&quot;:&quot;&quot;}\" data-id=\"95a3cbc\" data-element_type=\"column\" data-e-type=\"column\" data-settings=\"{&quot;background_background&quot;:&quot;classic&quot;}\">\n\t\t\t<div class=\"elementor-widget-wrap elementor-element-populated\">\n\t\t\t\t\t\t<div class=\"elementor-element elementor-element-4596a3c elementor-widget elementor-widget-litho-heading\" data-id=\"4596a3c\" data-element_type=\"widget\" data-e-type=\"widget\" data-widget_type=\"litho-heading.default\">\n\t\t\t\t<div class=\"elementor-widget-container\">\n\t\t\t\t\t<h3 class=\"litho-heading elementor-size-large\"><span class=\"litho-primary-title\">\u00d6verensst\u00e4mmelse med internationella direktiv och standarder<\/span><\/h3>\t\t\t\t<\/div>\n\t\t\t\t<\/div>\n\t\t\t\t<div class=\"elementor-element elementor-element-531ff5b elementor-widget elementor-widget-text-editor\" data-id=\"531ff5b\" data-element_type=\"widget\" data-e-type=\"widget\" data-widget_type=\"text-editor.default\">\n\t\t\t\t<div class=\"elementor-widget-container\">\n\t\t\t\t\t\t\t\t\t<p>Vi har \u00e5tagit oss att erbjuda produkter som uppfyller internationella s\u00e4kerhets- och kvalitetsstandarder. Genom att utf\u00f6ra rigor\u00f6sa tester hos CATIM - Technological Support Centre for the Metalworking Industry - garanterar vi att v\u00e5ra pelletskaminer uppfyller de mest kr\u00e4vande europeiska riktlinjerna, till exempel ECODESIGN-certifiering, ett europeiskt initiativ f\u00f6r att minska utsl\u00e4ppen fr\u00e5n f\u00f6rbr\u00e4nning.<\/p>\t\t\t\t\t\t\t\t<\/div>\n\t\t\t\t<\/div>\n\t\t\t\t\t<\/div>\n\t\t<\/div>\n\t\t\t\t\t<\/div>\n\t\t<\/section>\n\t\t\t\t\t<\/div>\n\t\t<\/div>\n\t\t\t\t\t<\/div>\n\t\t<\/section>\n\t\t\t\t<\/div>","protected":false},"excerpt":{"rendered":"<p>Institucional Compromisso ECOFAB A nossa Heran\u00e7a A ECOFAB nasce da FELINO SA com o prop\u00f3sito de partilhar o conhecimento e saber acumulados ao longo de mais de 80 anos de actividade industrial a um mercado notoriamente dom\u00e9stico. Herdamos um processo produtivo que engloba todas as fases desde a concep\u00e7\u00e3o e design at\u00e9 ao produto final. [&hellip;]<\/p>\n","protected":false},"author":1,"featured_media":75483,"parent":0,"menu_order":0,"comment_status":"closed","ping_status":"closed","template":"","meta":{"footnotes":""},"class_list":["post-76506","page","type-page","status-publish","has-post-thumbnail","hentry"],"_links":{"self":[{"href":"https:\/\/ecofab.pt\/sv\/wp-json\/wp\/v2\/pages\/76506","targetHints":{"allow":["GET"]}}],"collection":[{"href":"https:\/\/ecofab.pt\/sv\/wp-json\/wp\/v2\/pages"}],"about":[{"href":"https:\/\/ecofab.pt\/sv\/wp-json\/wp\/v2\/types\/page"}],"author":[{"embeddable":true,"href":"https:\/\/ecofab.pt\/sv\/wp-json\/wp\/v2\/users\/1"}],"replies":[{"embeddable":true,"href":"https:\/\/ecofab.pt\/sv\/wp-json\/wp\/v2\/comments?post=76506"}],"version-history":[{"count":80,"href":"https:\/\/ecofab.pt\/sv\/wp-json\/wp\/v2\/pages\/76506\/revisions"}],"predecessor-version":[{"id":77658,"href":"https:\/\/ecofab.pt\/sv\/wp-json\/wp\/v2\/pages\/76506\/revisions\/77658"}],"wp:featuredmedia":[{"embeddable":true,"href":"https:\/\/ecofab.pt\/sv\/wp-json\/wp\/v2\/media\/75483"}],"wp:attachment":[{"href":"https:\/\/ecofab.pt\/sv\/wp-json\/wp\/v2\/media?parent=76506"}],"curies":[{"name":"wp","href":"https:\/\/api.w.org\/{rel}","templated":true}]}}