{"id":76863,"date":"2024-02-04T00:30:45","date_gmt":"2024-02-04T00:30:45","guid":{"rendered":"https:\/\/ecofab.pt\/?page_id=76863"},"modified":"2024-02-25T22:40:34","modified_gmt":"2024-02-25T22:40:34","slug":"integritetspolicy","status":"publish","type":"page","link":"https:\/\/ecofab.pt\/sv\/integritetspolicy\/","title":{"rendered":"Integritetspolicy"},"content":{"rendered":"<div data-elementor-type=\"wp-page\" data-elementor-id=\"76863\" class=\"elementor elementor-76863\" data-elementor-post-type=\"page\">\n\t\t\t\t\t\t<section class=\"elementor-section elementor-top-section elementor-element elementor-element-43bef0c elementor-section-content-middle elementor-section-boxed elementor-section-height-default elementor-section-height-default\" data-id=\"43bef0c\" data-element_type=\"section\" data-e-type=\"section\" data-settings=\"{&quot;background_background&quot;:&quot;classic&quot;}\">\n\t\t\t\t\t\t<div class=\"elementor-container elementor-column-gap-default\">\n\t\t\t\t\t<div class=\"elementor-column elementor-col-100 elementor-top-column elementor-element elementor-element-9c022a4\" data-fullscreen-column-settings=\"{&quot;fullscreen&quot;:&quot;&quot;}\" data-id=\"9c022a4\" data-element_type=\"column\" data-e-type=\"column\">\n\t\t\t<div class=\"elementor-widget-wrap elementor-element-populated\">\n\t\t\t\t\t\t<div class=\"elementor-element elementor-element-be5b7df elementor-widget-mobile__width-initial elementor-widget elementor-widget-litho-heading\" data-id=\"be5b7df\" data-element_type=\"widget\" data-e-type=\"widget\" data-widget_type=\"litho-heading.default\">\n\t\t\t\t<div class=\"elementor-widget-container\">\n\t\t\t\t\t<h3 class=\"litho-heading elementor-size-large\"><span class=\"litho-primary-title\">Integritetspolicy<\/span><\/h3>\t\t\t\t<\/div>\n\t\t\t\t<\/div>\n\t\t\t\t<div class=\"elementor-element elementor-element-85af556 elementor-widget elementor-widget-text-editor\" data-id=\"85af556\" data-element_type=\"widget\" data-e-type=\"widget\" data-widget_type=\"text-editor.default\">\n\t\t\t\t<div class=\"elementor-widget-container\">\n\t\t\t\t\t\t\t\t\t<p><strong>Anv\u00e4ndning av och tillg\u00e5ng till ECOFAB:s webbplats omfattas av g\u00e4llande lagstiftning och f\u00f6ljande regler. Anv\u00e4ndningen av webbplatsen inneb\u00e4r d\u00e4rf\u00f6r att dessa villkor accepteras.<\/strong><\/p>\t\t\t\t\t\t\t\t<\/div>\n\t\t\t\t<\/div>\n\t\t\t\t<div class=\"elementor-element elementor-element-426def8 elementor-widget elementor-widget-text-editor\" data-id=\"426def8\" data-element_type=\"widget\" data-e-type=\"widget\" data-widget_type=\"text-editor.default\">\n\t\t\t\t<div class=\"elementor-widget-container\">\n\t\t\t\t\t\t\t\t\t<p>1. Anv\u00e4ndare som anger sina uppgifter i n\u00e5gon form p\u00e5 ECOFAB:s webbplats till\u00e5ter fritt och frivilligt ECOFAB att inf\u00f6rliva denna information i sin databas och att anv\u00e4nda den i enlighet med principerna i respektive anv\u00e4ndningspolicy.<br \/>2. ECOFAB f\u00f6rbinder sig att aldrig \u00f6verf\u00f6ra den insamlade informationen till tredje part. Med undantag f\u00f6r eventuell missbruk av tredje part som har olaglig tillg\u00e5ng till den.<br \/>3. Anv\u00e4ndare som frivilligt anger sina uppgifter i n\u00e5got formul\u00e4r p\u00e5 ECOFAB:s webbplats ger ECOFAB tillst\u00e5nd att skicka information som anses vara av intresse f\u00f6r dem p\u00e5 n\u00e5got av de s\u00e4tt som finns tillg\u00e4ngliga f\u00f6r detta \u00e4ndam\u00e5l (post, fax, telefon, e-post osv.).<br \/>4. ECOFAB garanterar alla anv\u00e4ndare tillg\u00e5ng till alla filer som inneh\u00e5ller deras uppgifter s\u00e5 att den information som tidigare l\u00e4mnats kan \u00e4ndras eller raderas.<br \/>5. ECOFAB har sitt s\u00e4te i Ermesinde (Portugal), vilket inneb\u00e4r att alla typer av r\u00e4ttsliga \u00e5tg\u00e4rder som vidtas mot ECOFAB m\u00e5ste v\u00e4ckas vid en domstol i detta distrikt och i enlighet med portugisisk lag, oavsett anv\u00e4ndarens plats f\u00f6r \u00e5tkomst.<br \/>6. Alla r\u00e4ttigheter till den dokumentation som finns p\u00e5 ECOFAB:s webbplats f\u00f6rbeh\u00e5lls. Anv\u00e4ndning, reproduktion, kopiering, fullst\u00e4ndig eller partiell vidaredistribution av denna information, oavsett syfte och oavsett vilket medium som anv\u00e4nds, \u00e4r uttryckligen f\u00f6rbjuden utan f\u00f6reg\u00e5ende skriftligt tillst\u00e5nd fr\u00e5n ECOFAB.<br \/>7. Upphovsr\u00e4tten till den information och de verktyg som finns p\u00e5 ECOFAB:s webbplats \u00e4r dess egendom eller licensierad f\u00f6r anv\u00e4ndning. Tillg\u00e5ng till denna information inneb\u00e4r under inga omst\u00e4ndigheter ett tillst\u00e5nd att reproducera och\/eller distribuera den utan f\u00f6reg\u00e5ende skriftligt medgivande fr\u00e5n ECOFAB.<br \/>8. Data, information, texter, grafik eller l\u00e4nkar samlas in endast i informationssyfte och ECOFAB ansvarar inte f\u00f6r att de \u00e4r fullst\u00e4ndiga, utt\u00f6mmande eller korrekta. ECOFAB tar inget som helst ansvar f\u00f6r eventuella fel eller f\u00f6r eventuella avvikelser eller bristande \u00f6verensst\u00e4mmelse som kan finnas mellan dess elektroniska version och dess skriftliga version.<br \/>9. ECOFAB ska inte h\u00e5llas ansvarigt f\u00f6r n\u00e5gra skador, direkta eller indirekta, som uppst\u00e5r till f\u00f6ljd av anv\u00e4ndningen av informationen p\u00e5 dess webbplats.<br \/>10. Den information som finns tillg\u00e4nglig p\u00e5 ECOFAB:s webbplats \u00e4r helt kostnadsfri f\u00f6r dess anv\u00e4ndare och enbart tillg\u00e5ng till den skapar inte n\u00e5gon typ av kommersiell eller professionell relation mellan anv\u00e4ndare och ECOFAB.<br \/>11. De l\u00e4nkar och hypertexter som finns p\u00e5 ECOFAB:s webbplats och som ger anv\u00e4ndaren tillg\u00e5ng till andra organisationers tj\u00e4nster st\u00e5r inte under ECOFAB:s kontroll och ECOFAB ansvarar d\u00e4rf\u00f6r inte f\u00f6r den information som tillhandah\u00e5lls eller f\u00f6r eventuella avtalsf\u00f6rh\u00e5llanden som kan uppst\u00e5 mellan parterna. De inneb\u00e4r inte heller n\u00e5gon sponsring fr\u00e5n ECOFAB:s sida.<br \/>12. Den professionella information som finns tillg\u00e4nglig p\u00e5 ECOFAB:s webbplats publiceras med det enda syftet att offentligg\u00f6ra dess interventionsomr\u00e5den och metoder, vilket g\u00f6r det m\u00f6jligt f\u00f6r anv\u00e4ndaren att f\u00e5 en konkret f\u00f6rst\u00e5else f\u00f6r dess potential och de f\u00f6rdelar som den kan medf\u00f6ra f\u00f6r deras f\u00f6retag. Den information som tillhandah\u00e5lls ska under inga omst\u00e4ndigheter betraktas eller anv\u00e4ndas som ers\u00e4ttning f\u00f6r professionell teknisk r\u00e5dgivning. Innan du fattar n\u00e5got beslut eller v\u00e4ljer n\u00e5gon \u00e5tg\u00e4rd b\u00f6r du d\u00e4rf\u00f6r kontakta ECOFAB, som kommer att studera dess speciella egenskaper i detalj.<br \/>13. ECOFAB f\u00f6rbeh\u00e5ller sig r\u00e4tten att n\u00e4r som helst och utan f\u00f6reg\u00e5ende meddelande \u00e4ndra informationen p\u00e5 sin webbplats eller dess konfiguration och presentation.<br \/>14. ECOFAB \u00e5tar sig inte, annat \u00e4n i god tro, n\u00e5gon form av \u00e5tagande att uppdatera den information och de tj\u00e4nster som finns p\u00e5 webbplatsen.<br \/>15. P\u00e5 grund av Internets \u00f6ppna natur kan Anv\u00e4ndare skicka vilken typ av information som helst till ECOFAB n\u00e4r de vill. Under inga omst\u00e4ndigheter f\u00e5r de skicka konfidentiell, reserverad eller annan information som inte \u00e4r deras egendom. Information som skickas fritt till ECOFAB f\u00e5r anv\u00e4ndas utan f\u00f6reg\u00e5ende meddelande till f\u00f6rfattaren och p\u00e5 alla s\u00e4tt som anses l\u00e4mpliga.<br \/>16. Alla varum\u00e4rken och produktnamn som anv\u00e4nds p\u00e5 ECOFAB:s webbplats \u00e4r egendom, varum\u00e4rken eller registrerade varum\u00e4rken som tillh\u00f6r respektive f\u00f6retag.<\/p>\t\t\t\t\t\t\t\t<\/div>\n\t\t\t\t<\/div>\n\t\t\t\t<div class=\"elementor-element elementor-element-b03692c elementor-widget-mobile__width-initial elementor-widget elementor-widget-litho-heading\" data-id=\"b03692c\" data-element_type=\"widget\" data-e-type=\"widget\" data-widget_type=\"litho-heading.default\">\n\t\t\t\t<div class=\"elementor-widget-container\">\n\t\t\t\t\t<h3 class=\"litho-heading elementor-size-large\"><span class=\"litho-primary-title\">Policy f\u00f6r anv\u00e4ndning<\/span><\/h3>\t\t\t\t<\/div>\n\t\t\t\t<\/div>\n\t\t\t\t<div class=\"elementor-element elementor-element-0cbc5bc elementor-widget elementor-widget-text-editor\" data-id=\"0cbc5bc\" data-element_type=\"widget\" data-e-type=\"widget\" data-widget_type=\"text-editor.default\">\n\t\t\t\t<div class=\"elementor-widget-container\">\n\t\t\t\t\t\t\t\t\t<p>Syftet med ECOFAB:s webbplats \u00e4r att g\u00f6ra det l\u00e4ttare att l\u00e4ra k\u00e4nna f\u00f6retaget, dess k\u00e4rnv\u00e4rden och de tj\u00e4nster som det tillhandah\u00e5ller. Insamling av personuppgifter har blivit ett vanligt inslag i strategierna f\u00f6r de f\u00f6retag som finns p\u00e5 Internet. Av denna anledning \u00e4r m\u00e5nga anv\u00e4ndare motvilliga n\u00e4r de blir tillfr\u00e5gade om sina personliga eller yrkesm\u00e4ssiga uppgifter utan att veta f\u00f6r vilka syften de samlas in. F\u00f6r att motverka denna situation har ECOFAB utarbetat en \"anv\u00e4ndningspolicy\" som klarg\u00f6r fyra viktiga fr\u00e5gor f\u00f6r alla anv\u00e4ndare av dess webbplats:<\/p><ul><li>Hur samlas informationen in?<\/li><li>Vilken information samlas in?<\/li><li>Vad \u00e4r den h\u00e4r informationen till f\u00f6r?<\/li><li>Vilka gr\u00e4nser kan anv\u00e4ndaren s\u00e4tta f\u00f6r denna datainsamling?<\/li><\/ul><p><br \/>ECOFAB beg\u00e4r lite information fr\u00e5n anv\u00e4ndarna av sin webbplats. I vilket fall som helst \u00e4r den uteslutande avsedd f\u00f6r yrkesm\u00e4ssiga \u00e4ndam\u00e5l. Den information som samlas in \u00e4r grundl\u00e4ggande: namn, f\u00f6retag, funktion, e-postadress, \u00e4mne. Att bara bes\u00f6ka v\u00e5r webbplats inneb\u00e4r dock inte att n\u00e5gra uppgifter registreras. Detta sker endast n\u00e4r anv\u00e4ndaren vill f\u00e5 tillg\u00e5ng till specifika delar av webbplatsen: prenumerera p\u00e5 v\u00e5rt nyhetsbrev, skicka f\u00f6rslag osv.<br \/><br \/><\/p><p>Som anv\u00e4ndare av v\u00e5r webbplats kan du skicka oss personlig information n\u00e4r:<br \/>a. Prenumerera p\u00e5 n\u00e5gon av v\u00e5ra informationstj\u00e4nster;<br \/>b. Uttryckande av en avsikt att abonnera p\u00e5 n\u00e5gon av de tillg\u00e4ngliga tj\u00e4nsterna;<br \/>c. Kommunicera med v\u00e5rt f\u00f6retag och dess anst\u00e4llda;<br \/>d. Skicka f\u00f6rslag.<\/p><p><br \/>All information som samlas in kommer att registreras i en databas som \u00e4gs av ECOFAB och som \u00e4r avsedd f\u00f6r dess exklusiva anv\u00e4ndning. Anv\u00e4ndarna kan n\u00e4r som helst f\u00e5 tillg\u00e5ng till sina uppgifter, r\u00e4tta till eller radera dem. Under inga omst\u00e4ndigheter kommer ECOFAB att \u00f6verf\u00f6ra eller s\u00e4lja den insamlade informationen till andra organisationer. ECOFAB garanterar att insamlingen av information alltid kommer att ske med anv\u00e4ndarens f\u00f6reg\u00e5ende och fria samtycke. ECOFAB kan dock inte h\u00e5llas ansvarigt f\u00f6r obeh\u00f6rig tillg\u00e5ng till denna information.<br \/><br \/>ECOFAB f\u00f6rbeh\u00e5ller sig r\u00e4tten att helt eller delvis \u00e4ndra \"Anv\u00e4ndningspolicyn\" p\u00e5 sin webbplats. Att bes\u00f6ka webbplatsen och ta del av dess inneh\u00e5ll inneb\u00e4r inte att det uppst\u00e5r n\u00e5got avtalsf\u00f6rh\u00e5llande mellan ECOFAB och anv\u00e4ndaren.<\/p>\t\t\t\t\t\t\t\t<\/div>\n\t\t\t\t<\/div>\n\t\t\t\t\t<\/div>\n\t\t<\/div>\n\t\t\t\t\t<\/div>\n\t\t<\/section>\n\t\t\t\t<\/div>","protected":false},"excerpt":{"rendered":"<p>Pol\u00edtica de Privacidade O uso e acesso \u00e0 pagina da ECOFAB encontra-se submetido \u00e0 legisla\u00e7\u00e3o em vigor e ao conjunto de normas que se seguem. A sua utiliza\u00e7\u00e3o sup\u00f5e, portanto, a aceita\u00e7\u00e3o destes termos e condi\u00e7\u00f5es. 1. O Utilizador que introduza os seus dados em qualquer formul\u00e1rio da P\u00e1gina da ECOFAB, autoriza-a, livre e voluntariamente, [&hellip;]<\/p>\n","protected":false},"author":1,"featured_media":75483,"parent":0,"menu_order":0,"comment_status":"closed","ping_status":"closed","template":"","meta":{"footnotes":""},"class_list":["post-76863","page","type-page","status-publish","has-post-thumbnail","hentry"],"_links":{"self":[{"href":"https:\/\/ecofab.pt\/sv\/wp-json\/wp\/v2\/pages\/76863","targetHints":{"allow":["GET"]}}],"collection":[{"href":"https:\/\/ecofab.pt\/sv\/wp-json\/wp\/v2\/pages"}],"about":[{"href":"https:\/\/ecofab.pt\/sv\/wp-json\/wp\/v2\/types\/page"}],"author":[{"embeddable":true,"href":"https:\/\/ecofab.pt\/sv\/wp-json\/wp\/v2\/users\/1"}],"replies":[{"embeddable":true,"href":"https:\/\/ecofab.pt\/sv\/wp-json\/wp\/v2\/comments?post=76863"}],"version-history":[{"count":16,"href":"https:\/\/ecofab.pt\/sv\/wp-json\/wp\/v2\/pages\/76863\/revisions"}],"predecessor-version":[{"id":77685,"href":"https:\/\/ecofab.pt\/sv\/wp-json\/wp\/v2\/pages\/76863\/revisions\/77685"}],"wp:featuredmedia":[{"embeddable":true,"href":"https:\/\/ecofab.pt\/sv\/wp-json\/wp\/v2\/media\/75483"}],"wp:attachment":[{"href":"https:\/\/ecofab.pt\/sv\/wp-json\/wp\/v2\/media?parent=76863"}],"curies":[{"name":"wp","href":"https:\/\/api.w.org\/{rel}","templated":true}]}}