{"id":77686,"date":"2024-02-25T22:36:55","date_gmt":"2024-02-25T22:36:55","guid":{"rendered":"https:\/\/ecofab.pt\/?page_id=77686"},"modified":"2024-02-25T22:38:31","modified_gmt":"2024-02-25T22:38:31","slug":"webbplatskarta","status":"publish","type":"page","link":"https:\/\/ecofab.pt\/sv\/webbplatskarta\/","title":{"rendered":"Sitemap"},"content":{"rendered":"<div data-elementor-type=\"wp-page\" data-elementor-id=\"77686\" class=\"elementor elementor-77686\" data-elementor-post-type=\"page\">\n\t\t\t\t\t\t<section class=\"elementor-section elementor-top-section elementor-element elementor-element-a734bc5 elementor-section-boxed elementor-section-height-default elementor-section-height-default\" data-id=\"a734bc5\" data-element_type=\"section\" data-e-type=\"section\">\n\t\t\t\t\t\t<div class=\"elementor-container elementor-column-gap-default\">\n\t\t\t\t\t<div class=\"elementor-column elementor-col-100 elementor-top-column elementor-element elementor-element-902f8b5\" data-fullscreen-column-settings=\"{&quot;fullscreen&quot;:&quot;&quot;}\" data-id=\"902f8b5\" data-element_type=\"column\" data-e-type=\"column\">\n\t\t\t<div class=\"elementor-widget-wrap elementor-element-populated\">\n\t\t\t\t\t\t<div class=\"elementor-element elementor-element-48cd8d9 elementor-widget-mobile__width-initial elementor-widget elementor-widget-litho-heading\" data-id=\"48cd8d9\" data-element_type=\"widget\" data-e-type=\"widget\" data-widget_type=\"litho-heading.default\">\n\t\t\t\t<div class=\"elementor-widget-container\">\n\t\t\t\t\t<h3 class=\"litho-heading elementor-size-large\"><span class=\"litho-primary-title\">Sitemap<\/span><\/h3>\t\t\t\t<\/div>\n\t\t\t\t<\/div>\n\t\t\t\t<div class=\"elementor-element elementor-element-421c847 elementor-widget elementor-widget-sitemap\" data-id=\"421c847\" data-element_type=\"widget\" data-e-type=\"widget\" data-widget_type=\"sitemap.default\">\n\t\t\t\t<div class=\"elementor-widget-container\">\n\t\t\t\t\t<div class=\"elementor-sitemap-wrap\"><div class=\"elementor-sitemap-section\"><h2 class=\"elementor-sitemap-title elementor-sitemap-page-title\">Sidor<\/h2><ul class=\"elementor-sitemap-list elementor-sitemap-page-list\"><li class=\"elementor-sitemap-item elementor-sitemap-item-page page_item page-item-12776\"><a href=\"https:\/\/ecofab.pt\/sv\">ECOFAB<\/a><\/li><li class=\"elementor-sitemap-item elementor-sitemap-item-page page_item page-item-76176\"><a href=\"https:\/\/ecofab.pt\/sv\/pelletskaminer\/\">Pelletskaminer<\/a><ul class='children'><li class=\"elementor-sitemap-item elementor-sitemap-item-page page_item page-item-75796\"><a href=\"https:\/\/ecofab.pt\/sv\/pelletskaminer\/marie\/\">MARIE pelletskamin | 9,3kW<\/a><\/li><li class=\"elementor-sitemap-item elementor-sitemap-item-page page_item page-item-76030\"><a href=\"https:\/\/ecofab.pt\/sv\/pelletskaminer\/isaac\/\">ISAAC pelletskamin | 9,3kW<\/a><\/li><li class=\"elementor-sitemap-item elementor-sitemap-item-page page_item page-item-76090\"><a href=\"https:\/\/ecofab.pt\/sv\/pelletskaminer\/albert\/\">ALBERT Pelletskamin | 9,3kW<\/a><\/li><li class=\"elementor-sitemap-item elementor-sitemap-item-page page_item page-item-76124\"><a href=\"https:\/\/ecofab.pt\/sv\/pelletskaminer\/nelson\/\">NELSON Pelletskamin | 5,1kW<\/a><\/li><\/ul><\/li><li class=\"elementor-sitemap-item elementor-sitemap-item-page page_item page-item-76241\"><a href=\"https:\/\/ecofab.pt\/sv\/nyheter\/\">Nyheter<\/a><\/li><li class=\"elementor-sitemap-item elementor-sitemap-item-page page_item page-item-76340\"><a href=\"https:\/\/ecofab.pt\/sv\/kontakter\/\">Kontakt<\/a><\/li><li class=\"elementor-sitemap-item elementor-sitemap-item-page page_item page-item-76407\"><a href=\"https:\/\/ecofab.pt\/sv\/hallbarhet\/\">H\u00e5llbarhet<\/a><\/li><li class=\"elementor-sitemap-item elementor-sitemap-item-page page_item page-item-76456\"><a href=\"https:\/\/ecofab.pt\/sv\/stod\/\">St\u00f6d<\/a><\/li><li class=\"elementor-sitemap-item elementor-sitemap-item-page page_item page-item-76506\"><a href=\"https:\/\/ecofab.pt\/sv\/institutionell\/\">Institutionell<\/a><\/li><li class=\"elementor-sitemap-item elementor-sitemap-item-page page_item page-item-76716\"><a href=\"https:\/\/ecofab.pt\/sv\/eldstader-for-utomhusbruk\/\">Eldst\u00e4der f\u00f6r utomhusbruk<\/a><ul class='children'><li class=\"elementor-sitemap-item elementor-sitemap-item-page page_item page-item-76841\"><a href=\"https:\/\/ecofab.pt\/sv\/eldstader-for-utomhusbruk\/sinuskurva\/\">\u00d6ppen spis f\u00f6r utomhusbruk SINE CURVE<\/a><\/li><li class=\"elementor-sitemap-item elementor-sitemap-item-page page_item page-item-76901\"><a href=\"https:\/\/ecofab.pt\/sv\/eldstader-for-utomhusbruk\/sinuslinje\/\">\u00d6ppen spis f\u00f6r utomhusbruk SINE LINE<\/a><\/li><li class=\"elementor-sitemap-item elementor-sitemap-item-page page_item page-item-76911\"><a href=\"https:\/\/ecofab.pt\/sv\/eldstader-for-utomhusbruk\/sinuslinje-plus\/\">\u00d6ppen spis f\u00f6r utomhusbruk SINE LINE PLUS<\/a><\/li><\/ul><\/li><li class=\"elementor-sitemap-item elementor-sitemap-item-page page_item page-item-76863\"><a href=\"https:\/\/ecofab.pt\/sv\/integritetspolicy\/\">Integritetspolicy<\/a><\/li><li class=\"elementor-sitemap-item elementor-sitemap-item-page page_item page-item-77686\"><a href=\"https:\/\/ecofab.pt\/sv\/webbplatskarta\/\">Sitemap<\/a><\/li><li class=\"elementor-sitemap-item elementor-sitemap-item-page page_item page-item-77695\"><a href=\"https:\/\/ecofab.pt\/sv\/eus-cookiepolicy\/\">Policy f\u00f6r kakor (EU)<\/a><\/li><\/ul><\/div><div class=\"elementor-sitemap-section\"><h2 class=\"elementor-sitemap-title elementor-sitemap-post-title\">Artiklar<\/h2><ul class=\"elementor-sitemap-list elementor-sitemap-post-list\"><li class=\"elementor-sitemap-item elementor-sitemap-item-post page_item page-item-78819\"><a href=\"https:\/\/ecofab.pt\/sv\/2025\/05\/funktioner-att-tanka-pa-nar-du-valjer-en-pelletskamin\/\">Funktioner att t\u00e4nka p\u00e5 n\u00e4r du k\u00f6per en pelletskamin<\/a><\/li><li class=\"elementor-sitemap-item elementor-sitemap-item-post page_item page-item-78780\"><a href=\"https:\/\/ecofab.pt\/sv\/2025\/04\/aquecimento-a-biomassa-eficiencia-sustentabilidade-e-poupanca-energetica\/\">Uppv\u00e4rmning med biomassa: Effektivitet, h\u00e5llbarhet och energibesparingar<\/a><\/li><li class=\"elementor-sitemap-item elementor-sitemap-item-post page_item page-item-78785\"><a href=\"https:\/\/ecofab.pt\/sv\/2025\/03\/reducao-de-17-do-iva\/\">Sista m\u00e5naderna f\u00f6r att dra nytta av 17%-momsneds\u00e4ttningen p\u00e5 utrustning f\u00f6r biomassa<\/a><\/li><li class=\"elementor-sitemap-item elementor-sitemap-item-post page_item page-item-78775\"><a href=\"https:\/\/ecofab.pt\/sv\/2025\/02\/smart-och-bekvam-uppvarmning\/\">Smart och bekv\u00e4m uppv\u00e4rmning<\/a><\/li><li class=\"elementor-sitemap-item elementor-sitemap-item-post page_item page-item-78744\"><a href=\"https:\/\/ecofab.pt\/sv\/2025\/01\/bli-en-del-av-ett-varumarke-med-spetskompetens\/\">Bli en internationell ECOFAB-distribut\u00f6r: Anslut dig till ett varum\u00e4rke av h\u00f6gsta kvalitet<\/a><\/li><li class=\"elementor-sitemap-item elementor-sitemap-item-post page_item page-item-78770\"><a href=\"https:\/\/ecofab.pt\/sv\/2024\/12\/smart-och-hallbar-uppvarmning\/\">Smart och h\u00e5llbar uppv\u00e4rmning<\/a><\/li><li class=\"elementor-sitemap-item elementor-sitemap-item-post page_item page-item-78715\"><a href=\"https:\/\/ecofab.pt\/sv\/2024\/12\/hur-man-programmerar-kaminer-for-att-spara-energi\/\">Hur programmerar man spisar f\u00f6r att spara energi?<\/a><\/li><li class=\"elementor-sitemap-item elementor-sitemap-item-post page_item page-item-78697\"><a href=\"https:\/\/ecofab.pt\/sv\/2024\/11\/hur-manga-sackar-pellets-anvands-per-dag\/\">Hur m\u00e5nga p\u00e5sar pellets anv\u00e4nder du per dag?<\/a><\/li><li class=\"elementor-sitemap-item elementor-sitemap-item-post page_item page-item-78689\"><a href=\"https:\/\/ecofab.pt\/sv\/2024\/10\/vilken-pelletskamin-du-ska-valja-for-renoveringsprojektet\/\">Vilken pelletskamin ska du v\u00e4lja f\u00f6r ditt renoveringsprojekt<\/a><\/li><li class=\"elementor-sitemap-item elementor-sitemap-item-post page_item page-item-78645\"><a href=\"https:\/\/ecofab.pt\/sv\/2024\/10\/ecofab-deltar-i-massan-hem-villamassan-2024\/\">ECOFAB deltar i m\u00e4ssan Hem &amp; Villam\u00e4ssan 2024<\/a><\/li><li class=\"elementor-sitemap-item elementor-sitemap-item-post page_item page-item-78633\"><a href=\"https:\/\/ecofab.pt\/sv\/2024\/09\/hur-du-valjer-en-pelletskamin-for-ditt-hem\/\">S\u00e5 v\u00e4ljer du en pelletskamin f\u00f6r ditt hem<\/a><\/li><li class=\"elementor-sitemap-item elementor-sitemap-item-post page_item page-item-78616\"><a href=\"https:\/\/ecofab.pt\/sv\/2024\/08\/eskalerande-energipriser\/\">G\u00f6r dig redo f\u00f6r eskalerande energipriser<\/a><\/li><li class=\"elementor-sitemap-item elementor-sitemap-item-post page_item page-item-78560\"><a href=\"https:\/\/ecofab.pt\/sv\/2024\/07\/pelletskaminer-effektiv-uppvarmning\/\">Pelletskaminer: Effektiv uppv\u00e4rmningsl\u00f6sning \u00e5ret runt<\/a><\/li><li class=\"elementor-sitemap-item elementor-sitemap-item-post page_item page-item-78533\"><a href=\"https:\/\/ecofab.pt\/sv\/2024\/06\/isaac-pelletskamin\/\">Nya ISAAC pelletskamin: Ett st\u00f6rre f\u00f6nster f\u00f6r brandkomfort<\/a><\/li><li class=\"elementor-sitemap-item elementor-sitemap-item-post page_item page-item-78535\"><a href=\"https:\/\/ecofab.pt\/sv\/2024\/05\/ecofab-eldstader-for-utomhusbruk\/\">ECOFAB utomhuseldst\u00e4der: F\u00f6rvandla utsidan av ditt hem<\/a><\/li><li class=\"elementor-sitemap-item elementor-sitemap-item-post page_item page-item-78458\"><a href=\"https:\/\/ecofab.pt\/sv\/2024\/04\/pelletskamin-effektiv-och-hallbar-uppvarmningslosning\/\">Pelletskamin: Effektiv och h\u00e5llbar uppv\u00e4rmningsl\u00f6sning<\/a><\/li><li class=\"elementor-sitemap-item elementor-sitemap-item-post page_item page-item-78183\"><a href=\"https:\/\/ecofab.pt\/sv\/2024\/03\/energieffektivitet\/\">Energieffektiv uppv\u00e4rmning<\/a><\/li><li class=\"elementor-sitemap-item elementor-sitemap-item-post page_item page-item-77296\"><a href=\"https:\/\/ecofab.pt\/sv\/2024\/02\/design-ekonomi-och-teknik\/\">Design, ekonomi och teknik i Ecofabs pelletskaminer<\/a><\/li><li class=\"elementor-sitemap-item elementor-sitemap-item-post page_item page-item-32822\"><a href=\"https:\/\/ecofab.pt\/sv\/2024\/01\/aldrig-ge-efter-utom-for-overtygelser-sunt-fornuft\/\">M\u00f6t kylan med effektiviteten hos pelletskaminen ECOFAB<\/a><\/li><li class=\"elementor-sitemap-item elementor-sitemap-item-post page_item page-item-32813\"><a href=\"https:\/\/ecofab.pt\/sv\/2024\/01\/progetto-fuoco-2024-besok-ecofab\/\">Progetto Fuoco 2024: Bes\u00f6k ECOFAB i Verona i hall 6 monter A52<\/a><\/li><li class=\"elementor-sitemap-item elementor-sitemap-item-post page_item page-item-32825\"><a href=\"https:\/\/ecofab.pt\/sv\/2023\/12\/effektiv-uppvarmningslosning-for-portugisiska-hem\/\">ECOFAB: Effektiv uppv\u00e4rmningsl\u00f6sning f\u00f6r portugisiska hem<\/a><\/li><li class=\"elementor-sitemap-item elementor-sitemap-item-post page_item page-item-77749\"><a href=\"https:\/\/ecofab.pt\/sv\/2023\/12\/varfor-du-ska-valja-en-pelletskamin\/\">Varf\u00f6r du ska v\u00e4lja en pelletskamin<\/a><\/li><li class=\"elementor-sitemap-item elementor-sitemap-item-post page_item page-item-77743\"><a href=\"https:\/\/ecofab.pt\/sv\/2022\/11\/vilken-ar-den-basta-varmekallan-for-din-vinter\/\">Vilken \u00e4r den b\u00e4sta v\u00e4rmek\u00e4llan f\u00f6r din vinter?<\/a><\/li><li class=\"elementor-sitemap-item elementor-sitemap-item-post page_item page-item-77737\"><a href=\"https:\/\/ecofab.pt\/sv\/2022\/10\/miljoansvar-och-miljoengagemang-ecofab\/\">Milj\u00f6ansvar och milj\u00f6engagemang ECOFAB<\/a><\/li><li class=\"elementor-sitemap-item elementor-sitemap-item-post page_item page-item-77727\"><a href=\"https:\/\/ecofab.pt\/sv\/2022\/05\/ekodesign-2022\/\">EKODESIGN 2022<\/a><\/li><li class=\"elementor-sitemap-item elementor-sitemap-item-post page_item page-item-77721\"><a href=\"https:\/\/ecofab.pt\/sv\/2021\/11\/ifema-madrid\/\">IFEMA MADRID<\/a><\/li><li class=\"elementor-sitemap-item elementor-sitemap-item-post page_item page-item-77715\"><a href=\"https:\/\/ecofab.pt\/sv\/2021\/10\/hotellinredning\/\">DECOR HOTELL<\/a><\/li><li class=\"elementor-sitemap-item elementor-sitemap-item-post page_item page-item-77708\"><a href=\"https:\/\/ecofab.pt\/sv\/2021\/09\/biomasa-expo-2021\/\">BIOMASA EXPO 2021<\/a><\/li><\/ul><\/div><\/div>\t\t\t\t<\/div>\n\t\t\t\t<\/div>\n\t\t\t\t\t<\/div>\n\t\t<\/div>\n\t\t\t\t\t<\/div>\n\t\t<\/section>\n\t\t\t\t<\/div>","protected":false},"excerpt":{"rendered":"<p>Sitemap<\/p>","protected":false},"author":1,"featured_media":75483,"parent":0,"menu_order":0,"comment_status":"closed","ping_status":"closed","template":"","meta":{"footnotes":""},"class_list":["post-77686","page","type-page","status-publish","has-post-thumbnail","hentry"],"_links":{"self":[{"href":"https:\/\/ecofab.pt\/sv\/wp-json\/wp\/v2\/pages\/77686","targetHints":{"allow":["GET"]}}],"collection":[{"href":"https:\/\/ecofab.pt\/sv\/wp-json\/wp\/v2\/pages"}],"about":[{"href":"https:\/\/ecofab.pt\/sv\/wp-json\/wp\/v2\/types\/page"}],"author":[{"embeddable":true,"href":"https:\/\/ecofab.pt\/sv\/wp-json\/wp\/v2\/users\/1"}],"replies":[{"embeddable":true,"href":"https:\/\/ecofab.pt\/sv\/wp-json\/wp\/v2\/comments?post=77686"}],"version-history":[{"count":4,"href":"https:\/\/ecofab.pt\/sv\/wp-json\/wp\/v2\/pages\/77686\/revisions"}],"predecessor-version":[{"id":77691,"href":"https:\/\/ecofab.pt\/sv\/wp-json\/wp\/v2\/pages\/77686\/revisions\/77691"}],"wp:featuredmedia":[{"embeddable":true,"href":"https:\/\/ecofab.pt\/sv\/wp-json\/wp\/v2\/media\/75483"}],"wp:attachment":[{"href":"https:\/\/ecofab.pt\/sv\/wp-json\/wp\/v2\/media?parent=77686"}],"curies":[{"name":"wp","href":"https:\/\/api.w.org\/{rel}","templated":true}]}}